{"id":9949,"date":"2022-11-25T21:26:26","date_gmt":"2022-11-25T19:26:26","guid":{"rendered":"https:\/\/omagraafikko.fi\/?post_type=product&#038;p=9949"},"modified":"2022-11-28T22:24:26","modified_gmt":"2022-11-28T20:24:26","slug":"sosiaalisen-median-julkaisu","status":"publish","type":"product","link":"https:\/\/omagraafikko.fi\/en\/product\/sosiaalisen-median-julkaisu\/","title":{"rendered":"Sosiaalisen median julkaisu"},"content":{"rendered":"","protected":false},"excerpt":{"rendered":"<p><strong><span style=\"color: #000000;\"><i class=\"fas fa-clock-o\"><\/i>\u00a0 \u00a02 P\u00e4iv\u00e4n toimitus<\/span><\/strong><\/p>\n<p><span style=\"color: #000000;\"><i class=\"fas fa-check\"><\/i>\u00a0 \u00a0Tiedostomuodot: JPG<br \/>\n<i class=\"fas fa-check\"><\/i>\u00a0 \u00a03 muokkauskierrosta<\/span><\/p>\n<p><b>Sosiaalisen median julkaisu<br \/>\n<\/b>Tied\u00e4mme kaikki, ett\u00e4 sosiaalinen media on t\u00e4n\u00e4 p\u00e4iv\u00e4n\u00e4 t\u00e4rke\u00e4! Kun sinulla on ammattimainen ja toimiva yritysprofiili, autat kohdeyleis\u00f6\u00e4si tutustumaan yritykseesi ammattimaisesti, mik\u00e4 voi auttaa lis\u00e4\u00e4m\u00e4\u00e4n yrityksesi luotettavuutta.<b><br \/>\n<\/b>Suunnittelemme sosiaaliseen mediaan sopivan kuvan tai mainoksen.<\/p>\n<div class=\"description-wrapper\">\n<div class=\"description-content\">\n<hr \/>\n<p class=\"p2\"><span class=\"s1\">Suunnittelu sis\u00e4lt\u00e4\u00e4: kuvank\u00e4sittelyn, graafisten elementtien suunnittelun, tekstien suunnittelun. (kuvitukset eiv\u00e4t sis\u00e4lly t\u00e4h\u00e4n palveluun. Voit tilata kuvituksen <a href=\"https:\/\/omagraafikko.fi\/en\/product\/kuvitus\/\"><span class=\"s2\">t\u00e4st\u00e4<\/span><\/a>)<\/span><\/p>\n<p>&nbsp;<\/p>\n<\/div>\n<\/div>","protected":false},"featured_media":9950,"template":"","meta":{"site-sidebar-layout":"default","site-content-layout":"default","ast-site-content-layout":"default","site-content-style":"default","site-sidebar-style":"default","ast-global-header-display":"","ast-banner-title-visibility":"","ast-main-header-display":"","ast-hfb-above-header-display":"","ast-hfb-below-header-display":"","ast-hfb-mobile-header-display":"","site-post-title":"","ast-breadcrumbs-content":"","ast-featured-img":"","footer-sml-layout":"","ast-disable-related-posts":"","theme-transparent-header-meta":"default","adv-header-id-meta":"","stick-header-meta":"","header-above-stick-meta":"","header-main-stick-meta":"","header-below-stick-meta":"","astra-migrate-meta-layouts":"default","ast-page-background-enabled":"default","ast-page-background-meta":{"desktop":{"background-color":"","background-image":"","background-repeat":"repeat","background-position":"center center","background-size":"auto","background-attachment":"scroll","background-type":"","background-media":"","overlay-type":"","overlay-color":"","overlay-opacity":"","overlay-gradient":""},"tablet":{"background-color":"","background-image":"","background-repeat":"repeat","background-position":"center center","background-size":"auto","background-attachment":"scroll","background-type":"","background-media":"","overlay-type":"","overlay-color":"","overlay-opacity":"","overlay-gradient":""},"mobile":{"background-color":"","background-image":"","background-repeat":"repeat","background-position":"center center","background-size":"auto","background-attachment":"scroll","background-type":"","background-media":"","overlay-type":"","overlay-color":"","overlay-opacity":"","overlay-gradient":""}},"ast-content-background-meta":{"desktop":{"background-color":"var(--ast-global-color-5)","background-image":"","background-repeat":"repeat","background-position":"center center","background-size":"auto","background-attachment":"scroll","background-type":"","background-media":"","overlay-type":"","overlay-color":"","overlay-opacity":"","overlay-gradient":""},"tablet":{"background-color":"var(--ast-global-color-5)","background-image":"","background-repeat":"repeat","background-position":"center center","background-size":"auto","background-attachment":"scroll","background-type":"","background-media":"","overlay-type":"","overlay-color":"","overlay-opacity":"","overlay-gradient":""},"mobile":{"background-color":"var(--ast-global-color-5)","background-image":"","background-repeat":"repeat","background-position":"center center","background-size":"auto","background-attachment":"scroll","background-type":"","background-media":"","overlay-type":"","overlay-color":"","overlay-opacity":"","overlay-gradient":""}}},"product_brand":[],"product_cat":[101],"product_tag":[],"class_list":{"0":"post-9949","1":"product","2":"type-product","3":"status-publish","4":"has-post-thumbnail","6":"product_cat-web-suunnittelu","7":"desktop-align-left","8":"tablet-align-left","9":"mobile-align-left","11":"first","12":"instock","13":"sold-individually","14":"taxable","15":"shipping-taxable","16":"purchasable","17":"product-type-simple"},"_links":{"self":[{"href":"https:\/\/omagraafikko.fi\/en\/wp-json\/wp\/v2\/product\/9949","targetHints":{"allow":["GET"]}}],"collection":[{"href":"https:\/\/omagraafikko.fi\/en\/wp-json\/wp\/v2\/product"}],"about":[{"href":"https:\/\/omagraafikko.fi\/en\/wp-json\/wp\/v2\/types\/product"}],"wp:featuredmedia":[{"embeddable":true,"href":"https:\/\/omagraafikko.fi\/en\/wp-json\/wp\/v2\/media\/9950"}],"wp:attachment":[{"href":"https:\/\/omagraafikko.fi\/en\/wp-json\/wp\/v2\/media?parent=9949"}],"wp:term":[{"taxonomy":"product_brand","embeddable":true,"href":"https:\/\/omagraafikko.fi\/en\/wp-json\/wp\/v2\/product_brand?post=9949"},{"taxonomy":"product_cat","embeddable":true,"href":"https:\/\/omagraafikko.fi\/en\/wp-json\/wp\/v2\/product_cat?post=9949"},{"taxonomy":"product_tag","embeddable":true,"href":"https:\/\/omagraafikko.fi\/en\/wp-json\/wp\/v2\/product_tag?post=9949"}],"curies":[{"name":"wp","href":"https:\/\/api.w.org\/{rel}","templated":true}]}}