{"id":731,"date":"2019-03-19T14:22:47","date_gmt":"2019-03-19T14:22:47","guid":{"rendered":"http:\/\/testingforsite.website\/?post_type=product&#038;p=731"},"modified":"2022-11-25T18:09:00","modified_gmt":"2022-11-25T16:09:00","slug":"ikoni-suunnittelu","status":"publish","type":"product","link":"https:\/\/omagraafikko.fi\/en\/product\/ikoni-suunnittelu\/","title":{"rendered":"Ikonien Suunnittelu"},"content":{"rendered":"","protected":false},"excerpt":{"rendered":"<div id=\"panel-883-1-1-0\" class=\"so-panel widget widget_black-studio-tinymce widget_black_studio_tinymce panel-first-child\" data-index=\"2\">\n<div class=\"textwidget\">\n<p><i class=\"fas fa-clock-o\"><\/i><strong> 4 P\u00e4iv\u00e4n toimitus<\/p>\n<p><\/strong><i class=\"fas fa-check\"><\/i>\u00a0 Tiedostomuodot: EPS, PNG<br \/>\n<i class=\"fas fa-check\"><\/i> 3 Muokkauskierrosta<\/p>\n<p><b>Ikonien Suunnittelu<br \/>\n<\/b>Meid\u00e4n kauttamme voit luoda ainutlaatuisen ikonin, jota voi k\u00e4ytt\u00e4\u00e4 esimerkiksi verkkosivuilla tai mobiilisovelluksissa. Tarvitsitpa sitten yhden, kaksi tai useamman ikonin, me autamme sinua niiden suunnittelussa. Ainutlaatuisilla ikoneilla luot esimerkiksi verkkosivuistasi enemm\u00e4n oman n\u00e4k\u00f6isens\u00e4 ja saa sen erottumaan muista. Niinkin pienell\u00e4 asialla kuin ikonilla voi olla suuri vaikutus verkkosivujen ulkoasuun. Esitteiss\u00e4 ikonit voivat olla my\u00f6s hyvi\u00e4 luomaan ainutlaatuista ilmett\u00e4. Kerro meille kohteesta, johon ikonit tulevat, sek\u00e4 mahdollisia ajatuksiasi niiden ulkon\u00e4\u00f6st\u00e4 ja me otamme kaikki n\u00e4m\u00e4 asiat huomioon suunnitellessamme niit\u00e4 sinulle. Onko sinulla jo sopiva v\u00e4rimaailma valmiina vai haluatko meid\u00e4n suunnittelevan sen sinulle? Kokeneet graafikkomme suunnittelevat ammattitaitoista j\u00e4lke\u00e4.<\/p>\n<\/div>\n<\/div>\n<div id=\"panel-883-1-1-1\" class=\"so-panel widget widget_sow-button panel-last-child\" data-index=\"3\">\n<div class=\"so-widget-sow-button so-widget-sow-button-wire-e4f4c49ba697\"><\/div>\n<\/div>","protected":false},"featured_media":1020,"template":"","meta":{"site-sidebar-layout":"default","site-content-layout":"default","ast-site-content-layout":"default","site-content-style":"default","site-sidebar-style":"default","ast-global-header-display":"","ast-banner-title-visibility":"","ast-main-header-display":"","ast-hfb-above-header-display":"","ast-hfb-below-header-display":"","ast-hfb-mobile-header-display":"","site-post-title":"","ast-breadcrumbs-content":"","ast-featured-img":"","footer-sml-layout":"","ast-disable-related-posts":"","theme-transparent-header-meta":"default","adv-header-id-meta":"","stick-header-meta":"","header-above-stick-meta":"","header-main-stick-meta":"","header-below-stick-meta":"","astra-migrate-meta-layouts":"default","ast-page-background-enabled":"default","ast-page-background-meta":{"desktop":{"background-color":"","background-image":"","background-repeat":"repeat","background-position":"center center","background-size":"auto","background-attachment":"scroll","background-type":"","background-media":"","overlay-type":"","overlay-color":"","overlay-opacity":"","overlay-gradient":""},"tablet":{"background-color":"","background-image":"","background-repeat":"repeat","background-position":"center center","background-size":"auto","background-attachment":"scroll","background-type":"","background-media":"","overlay-type":"","overlay-color":"","overlay-opacity":"","overlay-gradient":""},"mobile":{"background-color":"","background-image":"","background-repeat":"repeat","background-position":"center center","background-size":"auto","background-attachment":"scroll","background-type":"","background-media":"","overlay-type":"","overlay-color":"","overlay-opacity":"","overlay-gradient":""}},"ast-content-background-meta":{"desktop":{"background-color":"var(--ast-global-color-5)","background-image":"","background-repeat":"repeat","background-position":"center center","background-size":"auto","background-attachment":"scroll","background-type":"","background-media":"","overlay-type":"","overlay-color":"","overlay-opacity":"","overlay-gradient":""},"tablet":{"background-color":"var(--ast-global-color-5)","background-image":"","background-repeat":"repeat","background-position":"center center","background-size":"auto","background-attachment":"scroll","background-type":"","background-media":"","overlay-type":"","overlay-color":"","overlay-opacity":"","overlay-gradient":""},"mobile":{"background-color":"var(--ast-global-color-5)","background-image":"","background-repeat":"repeat","background-position":"center center","background-size":"auto","background-attachment":"scroll","background-type":"","background-media":"","overlay-type":"","overlay-color":"","overlay-opacity":"","overlay-gradient":""}}},"product_brand":[],"product_cat":[106],"product_tag":[137,136,120],"class_list":{"0":"post-731","1":"product","2":"type-product","3":"status-publish","4":"has-post-thumbnail","6":"product_cat-taide-ja-kuvitukset","7":"product_tag-icon","8":"product_tag-ikoni","9":"product_tag-kuvitus","10":"pa_maara-1-kpl","11":"pa_maara-5-kpl","12":"pa_maara-10-kpl","13":"pa_maara-15-kpl","14":"pa_maara-20-kpl","15":"desktop-align-left","16":"tablet-align-left","17":"mobile-align-left","19":"first","20":"instock","21":"sold-individually","22":"taxable","23":"shipping-taxable","24":"purchasable","25":"product-type-simple"},"_links":{"self":[{"href":"https:\/\/omagraafikko.fi\/en\/wp-json\/wp\/v2\/product\/731","targetHints":{"allow":["GET"]}}],"collection":[{"href":"https:\/\/omagraafikko.fi\/en\/wp-json\/wp\/v2\/product"}],"about":[{"href":"https:\/\/omagraafikko.fi\/en\/wp-json\/wp\/v2\/types\/product"}],"wp:featuredmedia":[{"embeddable":true,"href":"https:\/\/omagraafikko.fi\/en\/wp-json\/wp\/v2\/media\/1020"}],"wp:attachment":[{"href":"https:\/\/omagraafikko.fi\/en\/wp-json\/wp\/v2\/media?parent=731"}],"wp:term":[{"taxonomy":"product_brand","embeddable":true,"href":"https:\/\/omagraafikko.fi\/en\/wp-json\/wp\/v2\/product_brand?post=731"},{"taxonomy":"product_cat","embeddable":true,"href":"https:\/\/omagraafikko.fi\/en\/wp-json\/wp\/v2\/product_cat?post=731"},{"taxonomy":"product_tag","embeddable":true,"href":"https:\/\/omagraafikko.fi\/en\/wp-json\/wp\/v2\/product_tag?post=731"}],"curies":[{"name":"wp","href":"https:\/\/api.w.org\/{rel}","templated":true}]}}