{"id":725,"date":"2019-03-19T12:48:59","date_gmt":"2019-03-19T12:48:59","guid":{"rendered":"http:\/\/testingforsite.website\/?post_type=product&#038;p=725"},"modified":"2022-12-02T19:35:44","modified_gmt":"2022-12-02T17:35:44","slug":"nettibanneri-suunnittelu","status":"publish","type":"product","link":"https:\/\/omagraafikko.fi\/en\/product\/nettibanneri-suunnittelu\/","title":{"rendered":"Nettibannerin Suunnittelu"},"content":{"rendered":"","protected":false},"excerpt":{"rendered":"<div id=\"panel-883-1-1-0\" class=\"so-panel widget widget_black-studio-tinymce widget_black_studio_tinymce panel-first-child\" data-index=\"2\">\n<div class=\"textwidget\">\n<p><i class=\"fas fa-check\"><\/i>\u00a0 Tiedostomuodot: JPG, GIF<br \/>\n<i class=\"fas fa-check\"><\/i> 3 Muokkauskierrosta<\/p>\n<p><b>Nettibannerin Suunnittelu<br \/>\n<\/b>Nettibannerit ovat n\u00e4kyv\u00e4 tapa mainostaa verkossa, joko omalla tai yhteisty\u00f6kumppaneiden sivuilla ja niiden avulla voi helposti ohjata liikennett\u00e4 omille sivuille. Me autamme sinua suunnittelemaan sinun tarpeisiisi ja k\u00e4ytt\u00f6tarkoituksiisi sopivan nettibannerin. Banneri voi olla kiinte\u00e4 tai se voi sis\u00e4lt\u00e4\u00e4 my\u00f6s gif-animaation. Kerro meille ajatuksesi ja tarpeesi ja me toteutamme niiden perusteella ainutlaatuisen bannerin, jolla kiinnit\u00e4t kohderyhm\u00e4n huomion ja ohjaat enemm\u00e4n liikennett\u00e4 omille sivuillesi. Ottamalla meihin yhteytt\u00e4 voimme suunnitella sinulle sopivan paketin, joka sis\u00e4lt\u00e4\u00e4 kaiken sinun nettibanneriisi liittyv\u00e4n suunnittelun. N\u00e4ytt\u00e4v\u00e4 nettibanneri juuri oikeassa paikassa voi esimerkiksi kasvattaa todella paljon myynti\u00e4si, ja me olemme sinun apunasi suunnittelemassa siihen tarkoitukseen ammattimaisesti toteutetun ja t\u00e4ydellisen nettibannerin.<\/p>\n<div class=\"description-wrapper\">\n<div class=\"description-content\">\n<hr \/>\n<p class=\"p2\"><span class=\"s1\">Suunnittelu sis\u00e4lt\u00e4\u00e4: kuvank\u00e4sittelyn, graafisten elementtien suunnittelun, tekstien suunnittelun. (kuvitukset eiv\u00e4t sis\u00e4lly t\u00e4h\u00e4n palveluun. Voit tilata kuvituksen <a href=\"https:\/\/omagraafikko.fi\/en\/product\/kuvitus\/\"><span class=\"s2\">t\u00e4st\u00e4<\/span><\/a>)<\/span><\/p>\n<\/div>\n<\/div>\n<\/div>\n<\/div>\n<div id=\"panel-883-1-1-1\" class=\"so-panel widget widget_sow-button panel-last-child\" data-index=\"3\">\n<div class=\"so-widget-sow-button so-widget-sow-button-wire-e4f4c49ba697\"><\/div>\n<\/div>","protected":false},"featured_media":2849,"template":"","meta":{"site-sidebar-layout":"default","site-content-layout":"default","ast-site-content-layout":"default","site-content-style":"default","site-sidebar-style":"default","ast-global-header-display":"","ast-banner-title-visibility":"","ast-main-header-display":"","ast-hfb-above-header-display":"","ast-hfb-below-header-display":"","ast-hfb-mobile-header-display":"","site-post-title":"","ast-breadcrumbs-content":"","ast-featured-img":"","footer-sml-layout":"","ast-disable-related-posts":"","theme-transparent-header-meta":"default","adv-header-id-meta":"","stick-header-meta":"","header-above-stick-meta":"","header-main-stick-meta":"","header-below-stick-meta":"","astra-migrate-meta-layouts":"default","ast-page-background-enabled":"default","ast-page-background-meta":{"desktop":{"background-color":"","background-image":"","background-repeat":"repeat","background-position":"center center","background-size":"auto","background-attachment":"scroll","background-type":"","background-media":"","overlay-type":"","overlay-color":"","overlay-opacity":"","overlay-gradient":""},"tablet":{"background-color":"","background-image":"","background-repeat":"repeat","background-position":"center center","background-size":"auto","background-attachment":"scroll","background-type":"","background-media":"","overlay-type":"","overlay-color":"","overlay-opacity":"","overlay-gradient":""},"mobile":{"background-color":"","background-image":"","background-repeat":"repeat","background-position":"center center","background-size":"auto","background-attachment":"scroll","background-type":"","background-media":"","overlay-type":"","overlay-color":"","overlay-opacity":"","overlay-gradient":""}},"ast-content-background-meta":{"desktop":{"background-color":"var(--ast-global-color-5)","background-image":"","background-repeat":"repeat","background-position":"center center","background-size":"auto","background-attachment":"scroll","background-type":"","background-media":"","overlay-type":"","overlay-color":"","overlay-opacity":"","overlay-gradient":""},"tablet":{"background-color":"var(--ast-global-color-5)","background-image":"","background-repeat":"repeat","background-position":"center center","background-size":"auto","background-attachment":"scroll","background-type":"","background-media":"","overlay-type":"","overlay-color":"","overlay-opacity":"","overlay-gradient":""},"mobile":{"background-color":"var(--ast-global-color-5)","background-image":"","background-repeat":"repeat","background-position":"center center","background-size":"auto","background-attachment":"scroll","background-type":"","background-media":"","overlay-type":"","overlay-color":"","overlay-opacity":"","overlay-gradient":""}}},"product_brand":[],"product_cat":[101],"product_tag":[],"class_list":{"0":"post-725","1":"product","2":"type-product","3":"status-publish","4":"has-post-thumbnail","6":"product_cat-web-suunnittelu","7":"desktop-align-left","8":"tablet-align-left","9":"mobile-align-left","11":"first","12":"instock","13":"sold-individually","14":"taxable","15":"shipping-taxable","16":"purchasable","17":"product-type-variable"},"_links":{"self":[{"href":"https:\/\/omagraafikko.fi\/en\/wp-json\/wp\/v2\/product\/725","targetHints":{"allow":["GET"]}}],"collection":[{"href":"https:\/\/omagraafikko.fi\/en\/wp-json\/wp\/v2\/product"}],"about":[{"href":"https:\/\/omagraafikko.fi\/en\/wp-json\/wp\/v2\/types\/product"}],"wp:featuredmedia":[{"embeddable":true,"href":"https:\/\/omagraafikko.fi\/en\/wp-json\/wp\/v2\/media\/2849"}],"wp:attachment":[{"href":"https:\/\/omagraafikko.fi\/en\/wp-json\/wp\/v2\/media?parent=725"}],"wp:term":[{"taxonomy":"product_brand","embeddable":true,"href":"https:\/\/omagraafikko.fi\/en\/wp-json\/wp\/v2\/product_brand?post=725"},{"taxonomy":"product_cat","embeddable":true,"href":"https:\/\/omagraafikko.fi\/en\/wp-json\/wp\/v2\/product_cat?post=725"},{"taxonomy":"product_tag","embeddable":true,"href":"https:\/\/omagraafikko.fi\/en\/wp-json\/wp\/v2\/product_tag?post=725"}],"curies":[{"name":"wp","href":"https:\/\/api.w.org\/{rel}","templated":true}]}}