{"id":721,"date":"2019-03-19T12:28:41","date_gmt":"2019-03-19T12:28:41","guid":{"rendered":"http:\/\/testingforsite.website\/?post_type=product&#038;p=721"},"modified":"2022-11-25T18:11:48","modified_gmt":"2022-11-25T16:11:48","slug":"ui-ux-suunnittelu","status":"publish","type":"product","link":"https:\/\/omagraafikko.fi\/en\/product\/ui-ux-suunnittelu\/","title":{"rendered":"Sovelluksen ulkoasun suunnittelu"},"content":{"rendered":"","protected":false},"excerpt":{"rendered":"<div id=\"panel-883-1-1-0\" class=\"so-panel widget widget_black-studio-tinymce widget_black_studio_tinymce panel-first-child\" data-index=\"2\">\n<div class=\"textwidget\">\n<p><i class=\"fas fa-check\"><\/i>\u00a0 Tiedostomuodot: PDF, JPG, PNG, Adobe XD<br \/>\n<i class=\"fas fa-check\"><\/i> 3 Muokkauskierrosta<\/p>\n<\/div>\n<p><b>Sovelluksen ulkoasun suunnittelu<br \/>\n<\/b><\/p>\n<p>Onko sinulla suunniteltuna sovellus, jonka k\u00e4ytt\u00f6liittym\u00e4lle tarvitset sopivan ulkoasun? Meid\u00e4n kauttamme saat sovelluksellesi sopivan ammattimaisen UI\/UX suunnittelun. Olipa kyseess\u00e4 millainen tahansa sovellus, meid\u00e4n avullamme voit luoda sille n\u00e4ytt\u00e4v\u00e4n ja k\u00e4ytt\u00e4ji\u00e4 houkuttelevan sek\u00e4 miellytt\u00e4v\u00e4n ulkoasun. Sinun ajatustesi ja ideoidesi pohjalta me suunnittelemme ja luomme ulkoasun, joka kuvastaa t\u00e4ydellisesti sinun sovellustasi. Voimme luoda yhdess\u00e4 sinun tarpeitasi vastaavan suunnittelupaketin, jonka kokeneet suunnittelijamme toteuttavat viimeisen p\u00e4\u00e4lle ammattimaisesti. Sin\u00e4 ja sovelluksen loppuk\u00e4ytt\u00e4j\u00e4t tulette olemaan tyytyv\u00e4isi\u00e4 sovelluksen viimeisteltyyn ja n\u00e4ytt\u00e4v\u00e4\u00e4n ulkoasuun. Jos haluat lis\u00e4tietoa sovelluksen UI\/UX suunnittelusta, me kerromme mielell\u00e4mme siit\u00e4 sinulle, jotta sinun sovelluksellesi l\u00f6ydet\u00e4\u00e4n juuri sopivanlainen ratkaisu ja toteutus.<\/p>\n<hr \/>\n<p class=\"p2\"><span class=\"s1\">Suunnittelu sis\u00e4lt\u00e4\u00e4: kuvank\u00e4sittelyn, graafisten elementtien suunnittelun, tekstien suunnittelun, ikonien suunnittelun. <\/span><span style=\"font-size: 16px;\">(kuvitukset eiv\u00e4t sis\u00e4lly t\u00e4h\u00e4n palveluun. Voit tilata kuvituksen <\/span><a style=\"font-size: 16px; background-color: #ffffff;\" href=\"https:\/\/omagraafikko.fi\/en\/product\/kuvitus\/\"><span class=\"s2\">t\u00e4st\u00e4<\/span><\/a><span style=\"font-size: 16px;\">)<\/span><\/p>\n<\/div>\n<div id=\"panel-883-1-1-1\" class=\"so-panel widget widget_sow-button panel-last-child\" data-index=\"3\">\n<div class=\"so-widget-sow-button so-widget-sow-button-wire-e4f4c49ba697\"><\/div>\n<\/div>","protected":false},"featured_media":2857,"template":"","meta":{"site-sidebar-layout":"default","site-content-layout":"default","ast-site-content-layout":"default","site-content-style":"default","site-sidebar-style":"default","ast-global-header-display":"","ast-banner-title-visibility":"","ast-main-header-display":"","ast-hfb-above-header-display":"","ast-hfb-below-header-display":"","ast-hfb-mobile-header-display":"","site-post-title":"","ast-breadcrumbs-content":"","ast-featured-img":"","footer-sml-layout":"","ast-disable-related-posts":"","theme-transparent-header-meta":"default","adv-header-id-meta":"","stick-header-meta":"","header-above-stick-meta":"","header-main-stick-meta":"","header-below-stick-meta":"","astra-migrate-meta-layouts":"default","ast-page-background-enabled":"default","ast-page-background-meta":{"desktop":{"background-color":"","background-image":"","background-repeat":"repeat","background-position":"center center","background-size":"auto","background-attachment":"scroll","background-type":"","background-media":"","overlay-type":"","overlay-color":"","overlay-opacity":"","overlay-gradient":""},"tablet":{"background-color":"","background-image":"","background-repeat":"repeat","background-position":"center center","background-size":"auto","background-attachment":"scroll","background-type":"","background-media":"","overlay-type":"","overlay-color":"","overlay-opacity":"","overlay-gradient":""},"mobile":{"background-color":"","background-image":"","background-repeat":"repeat","background-position":"center center","background-size":"auto","background-attachment":"scroll","background-type":"","background-media":"","overlay-type":"","overlay-color":"","overlay-opacity":"","overlay-gradient":""}},"ast-content-background-meta":{"desktop":{"background-color":"var(--ast-global-color-5)","background-image":"","background-repeat":"repeat","background-position":"center center","background-size":"auto","background-attachment":"scroll","background-type":"","background-media":"","overlay-type":"","overlay-color":"","overlay-opacity":"","overlay-gradient":""},"tablet":{"background-color":"var(--ast-global-color-5)","background-image":"","background-repeat":"repeat","background-position":"center center","background-size":"auto","background-attachment":"scroll","background-type":"","background-media":"","overlay-type":"","overlay-color":"","overlay-opacity":"","overlay-gradient":""},"mobile":{"background-color":"var(--ast-global-color-5)","background-image":"","background-repeat":"repeat","background-position":"center center","background-size":"auto","background-attachment":"scroll","background-type":"","background-media":"","overlay-type":"","overlay-color":"","overlay-opacity":"","overlay-gradient":""}}},"product_brand":[],"product_cat":[101],"product_tag":[146,145,144,147,148,149],"class_list":{"0":"post-721","1":"product","2":"type-product","3":"status-publish","4":"has-post-thumbnail","6":"product_cat-web-suunnittelu","7":"product_tag-app","8":"product_tag-applikaatio","9":"product_tag-mobiili","10":"product_tag-sovellus","11":"product_tag-ui","12":"product_tag-ux","13":"pa_sivumaara-1-sivu","14":"pa_sivumaara-max-10-sivua","15":"pa_sivumaara-max-3-sivua","16":"pa_sivumaara-max-7-sivua","17":"desktop-align-left","18":"tablet-align-left","19":"mobile-align-left","21":"first","22":"instock","23":"sold-individually","24":"taxable","25":"shipping-taxable","26":"purchasable","27":"product-type-variable"},"_links":{"self":[{"href":"https:\/\/omagraafikko.fi\/en\/wp-json\/wp\/v2\/product\/721","targetHints":{"allow":["GET"]}}],"collection":[{"href":"https:\/\/omagraafikko.fi\/en\/wp-json\/wp\/v2\/product"}],"about":[{"href":"https:\/\/omagraafikko.fi\/en\/wp-json\/wp\/v2\/types\/product"}],"wp:featuredmedia":[{"embeddable":true,"href":"https:\/\/omagraafikko.fi\/en\/wp-json\/wp\/v2\/media\/2857"}],"wp:attachment":[{"href":"https:\/\/omagraafikko.fi\/en\/wp-json\/wp\/v2\/media?parent=721"}],"wp:term":[{"taxonomy":"product_brand","embeddable":true,"href":"https:\/\/omagraafikko.fi\/en\/wp-json\/wp\/v2\/product_brand?post=721"},{"taxonomy":"product_cat","embeddable":true,"href":"https:\/\/omagraafikko.fi\/en\/wp-json\/wp\/v2\/product_cat?post=721"},{"taxonomy":"product_tag","embeddable":true,"href":"https:\/\/omagraafikko.fi\/en\/wp-json\/wp\/v2\/product_tag?post=721"}],"curies":[{"name":"wp","href":"https:\/\/api.w.org\/{rel}","templated":true}]}}