{"id":716,"date":"2019-03-19T12:14:58","date_gmt":"2019-03-19T12:14:58","guid":{"rendered":"http:\/\/testingforsite.website\/?post_type=product&#038;p=716"},"modified":"2026-01-24T17:15:04","modified_gmt":"2026-01-24T15:15:04","slug":"etiketti-suunnittelu","status":"publish","type":"product","link":"https:\/\/omagraafikko.fi\/en\/product\/etiketti-suunnittelu\/","title":{"rendered":"Pakkauksen \/ Etiketin Suunnittelu"},"content":{"rendered":"","protected":false},"excerpt":{"rendered":"<div id=\"panel-883-1-1-0\" class=\"so-panel widget widget_black-studio-tinymce widget_black_studio_tinymce panel-first-child\" data-index=\"2\">\n<div class=\"textwidget\">\n<p><i class=\"fas fa-clock-o\"><\/i><strong> 4 P\u00e4iv\u00e4n toimitus<\/strong><\/p>\n<p><i class=\"fas fa-check\"><\/i>\u00a0 Tiedostomuodot: PDF<br \/>\n<i class=\"fas fa-check\"><\/i> 3 Muokkauskierrosta<\/p>\n<p><b>Etiketin tai pakkauksen suunnittelu<br \/>\n<\/b>Kaipaako tuotteesi n\u00e4ytt\u00e4v\u00e4\u00e4 etiketti\u00e4, jolla her\u00e4tt\u00e4\u00e4 ostavien asiakkaiden huomio ja mielenkiinto? Meid\u00e4n kauttamme voit suunnitella ja luoda erilaisia etikettej\u00e4, esimerkiksi elintarvikepakkauksille, hintalappuja vaatteille, kengille ja tavaroille. Mahdollisuudet ja vaihtoehdot ovat rajattomia. Me suunnittelemme ja luomme sinun tuotteellesi sopivan etiketin, joka kuvastaa tuotettasi ja kertoo kaiken olennaisen tiedon tuotteen ostajalle. Kokeneiden suunnittelijoidemme k\u00e4siss\u00e4 n\u00e4ytt\u00e4v\u00e4t etiketit syntyv\u00e4t nopeallakin aikataululla, jotta sinun tuotteesi saa kylkeens\u00e4 ansaitsemansa etiketin. Jos sinulla on jo valmis ajatus etiketist\u00e4, jaa se meid\u00e4n kanssamme ja me suunnittelemme sen pohjalta sinun visiotasi vastaavan etiketin. Ammattimainen lopputulos tulee miellytt\u00e4m\u00e4\u00e4n sek\u00e4 sinua ett\u00e4 tuotettasi ostavia asiakkaita.<\/p>\n<hr \/>\n<p class=\"p1\"><span class=\"s1\">Suunnittelu sis\u00e4lt\u00e4\u00e4: kuvank\u00e4sittelyn, graafisten elementtien suunnittelun, tekstien suunnittelun. Jos pakkauksesi on kaksipuoleinen sinun on teht\u00e4v\u00e4 uusi tilaus toista puolta varten.\u00a0<\/span><\/p>\n<\/div>\n<\/div>\n<div id=\"panel-883-1-1-1\" class=\"so-panel widget widget_sow-button panel-last-child\" data-index=\"3\">\n<div class=\"so-widget-sow-button so-widget-sow-button-wire-e4f4c49ba697\"><\/div>\n<\/div>","protected":false},"featured_media":10510,"template":"","meta":{"site-sidebar-layout":"default","site-content-layout":"default","ast-site-content-layout":"default","site-content-style":"default","site-sidebar-style":"default","ast-global-header-display":"","ast-banner-title-visibility":"","ast-main-header-display":"","ast-hfb-above-header-display":"","ast-hfb-below-header-display":"","ast-hfb-mobile-header-display":"","site-post-title":"","ast-breadcrumbs-content":"","ast-featured-img":"","footer-sml-layout":"","ast-disable-related-posts":"","theme-transparent-header-meta":"default","adv-header-id-meta":"","stick-header-meta":"","header-above-stick-meta":"","header-main-stick-meta":"","header-below-stick-meta":"","astra-migrate-meta-layouts":"set","ast-page-background-enabled":"default","ast-page-background-meta":{"desktop":{"background-color":"","background-image":"","background-repeat":"repeat","background-position":"center center","background-size":"auto","background-attachment":"scroll","background-type":"","background-media":"","overlay-type":"","overlay-color":"","overlay-opacity":"","overlay-gradient":""},"tablet":{"background-color":"","background-image":"","background-repeat":"repeat","background-position":"center center","background-size":"auto","background-attachment":"scroll","background-type":"","background-media":"","overlay-type":"","overlay-color":"","overlay-opacity":"","overlay-gradient":""},"mobile":{"background-color":"","background-image":"","background-repeat":"repeat","background-position":"center center","background-size":"auto","background-attachment":"scroll","background-type":"","background-media":"","overlay-type":"","overlay-color":"","overlay-opacity":"","overlay-gradient":""}},"ast-content-background-meta":{"desktop":{"background-color":"var(--ast-global-color-5)","background-image":"","background-repeat":"repeat","background-position":"center center","background-size":"auto","background-attachment":"scroll","background-type":"","background-media":"","overlay-type":"","overlay-color":"","overlay-opacity":"","overlay-gradient":""},"tablet":{"background-color":"var(--ast-global-color-5)","background-image":"","background-repeat":"repeat","background-position":"center center","background-size":"auto","background-attachment":"scroll","background-type":"","background-media":"","overlay-type":"","overlay-color":"","overlay-opacity":"","overlay-gradient":""},"mobile":{"background-color":"var(--ast-global-color-5)","background-image":"","background-repeat":"repeat","background-position":"center center","background-size":"auto","background-attachment":"scroll","background-type":"","background-media":"","overlay-type":"","overlay-color":"","overlay-opacity":"","overlay-gradient":""}}},"product_brand":[],"product_cat":[105],"product_tag":[152,153],"class_list":{"0":"post-716","1":"product","2":"type-product","3":"status-publish","4":"has-post-thumbnail","6":"product_cat-tuotesuunnittelu","7":"product_tag-etiketti","8":"product_tag-hintalappu","9":"desktop-align-left","10":"tablet-align-left","11":"mobile-align-left","13":"first","14":"instock","15":"featured","16":"sold-individually","17":"taxable","18":"shipping-taxable","19":"purchasable","20":"product-type-simple"},"_links":{"self":[{"href":"https:\/\/omagraafikko.fi\/en\/wp-json\/wp\/v2\/product\/716","targetHints":{"allow":["GET"]}}],"collection":[{"href":"https:\/\/omagraafikko.fi\/en\/wp-json\/wp\/v2\/product"}],"about":[{"href":"https:\/\/omagraafikko.fi\/en\/wp-json\/wp\/v2\/types\/product"}],"wp:featuredmedia":[{"embeddable":true,"href":"https:\/\/omagraafikko.fi\/en\/wp-json\/wp\/v2\/media\/10510"}],"wp:attachment":[{"href":"https:\/\/omagraafikko.fi\/en\/wp-json\/wp\/v2\/media?parent=716"}],"wp:term":[{"taxonomy":"product_brand","embeddable":true,"href":"https:\/\/omagraafikko.fi\/en\/wp-json\/wp\/v2\/product_brand?post=716"},{"taxonomy":"product_cat","embeddable":true,"href":"https:\/\/omagraafikko.fi\/en\/wp-json\/wp\/v2\/product_cat?post=716"},{"taxonomy":"product_tag","embeddable":true,"href":"https:\/\/omagraafikko.fi\/en\/wp-json\/wp\/v2\/product_tag?post=716"}],"curies":[{"name":"wp","href":"https:\/\/api.w.org\/{rel}","templated":true}]}}