{"id":713,"date":"2019-03-19T12:07:12","date_gmt":"2019-03-19T12:07:12","guid":{"rendered":"http:\/\/testingforsite.website\/?post_type=product&#038;p=713"},"modified":"2022-11-25T15:40:05","modified_gmt":"2022-11-25T13:40:05","slug":"mainoksen-taitto","status":"publish","type":"product","link":"https:\/\/omagraafikko.fi\/en\/product\/mainoksen-taitto\/","title":{"rendered":"Mainoksen Suunnittelu"},"content":{"rendered":"","protected":false},"excerpt":{"rendered":"<div id=\"panel-883-1-1-0\" class=\"so-panel widget widget_black-studio-tinymce widget_black_studio_tinymce panel-first-child\" data-index=\"2\">\n<div class=\"textwidget\">\n<p><i class=\"fas fa-clock-o\"><\/i><strong> 2 P\u00e4iv\u00e4n toimitus<\/p>\n<p><\/strong><i class=\"fas fa-check\"><\/i>\u00a0 Tiedostomuodot: Painokelpoinen PDF<br \/>\n<i class=\"fas fa-check\"><\/i> 3 Muokkauskierrosta<\/p>\n<\/div>\n<\/div>\n<div id=\"panel-883-1-1-1\" class=\"so-panel widget widget_sow-button panel-last-child\" data-index=\"3\">\n<div class=\"so-widget-sow-button so-widget-sow-button-wire-e4f4c49ba697\">\n<p><b>Mainoksen Suunnittelu<br \/>\n<\/b>Oletko aikeissa mainostaa sanoma- tai aikakauslehdess\u00e4 ja tarvitset siihen tarkoitukseen sopivan ja huomiota her\u00e4tt\u00e4v\u00e4n mainoksen? Kerro meille tarpeistasi ja meid\u00e4n graafikkomme luovat sinulle mainoksen, joka ei j\u00e4\u00e4 lehden lukijoilta huomaamatta. Graafikoidemme kokemuksen ansiosta mainos voidaan toteuttaa lyhyell\u00e4kin aikav\u00e4lill\u00e4 sen ollen silti parasta mahdollista laatua ja juuri sinun tarkoitukseesi t\u00e4ydellinen. Me autamme sinua her\u00e4tt\u00e4m\u00e4\u00e4n potentiaalisten asiakkaiden ja muiden lukijoiden huomion v\u00e4rikk\u00e4\u00e4ll\u00e4, katseen vangitsevalla mainoksella. Jaa meille ajatuksesi, ideasi ja tarpeesi ja me suunnittelemme ja luomme niiden pohjalta sinua miellytt\u00e4v\u00e4n mainoksen, jonka ansiosta asiakkaat l\u00f6yt\u00e4v\u00e4t esimerkiksi liikkeeseesi tai tapahtumaasi. Jos haluat tiet\u00e4\u00e4 lis\u00e4\u00e4 mainoksen suunnittelemisesta ja toteutuksesta, me keskustelemme mielell\u00e4mme sinulle sopivan paketin luomisesta.<\/p>\n<hr \/>\n<p class=\"p2\"><span class=\"s1\">Suunnittelu sis\u00e4lt\u00e4\u00e4: kuvank\u00e4sittelyn, graafisten elementtien suunnittelun, tekstien suunnittelun. (kuvitukset eiv\u00e4t sis\u00e4lly t\u00e4h\u00e4n palveluun. Voit tilata kuvituksen <a href=\"https:\/\/omagraafikko.fi\/en\/product\/kuvitus\/\"><span class=\"s2\">t\u00e4st\u00e4<\/span><\/a>)<\/span><\/p>\n<\/div>\n<\/div>","protected":false},"featured_media":2862,"template":"","meta":{"site-sidebar-layout":"default","site-content-layout":"default","ast-site-content-layout":"default","site-content-style":"default","site-sidebar-style":"default","ast-global-header-display":"","ast-banner-title-visibility":"","ast-main-header-display":"","ast-hfb-above-header-display":"","ast-hfb-below-header-display":"","ast-hfb-mobile-header-display":"","site-post-title":"","ast-breadcrumbs-content":"","ast-featured-img":"","footer-sml-layout":"","ast-disable-related-posts":"","theme-transparent-header-meta":"default","adv-header-id-meta":"","stick-header-meta":"","header-above-stick-meta":"","header-main-stick-meta":"","header-below-stick-meta":"","astra-migrate-meta-layouts":"default","ast-page-background-enabled":"default","ast-page-background-meta":{"desktop":{"background-color":"","background-image":"","background-repeat":"repeat","background-position":"center center","background-size":"auto","background-attachment":"scroll","background-type":"","background-media":"","overlay-type":"","overlay-color":"","overlay-opacity":"","overlay-gradient":""},"tablet":{"background-color":"","background-image":"","background-repeat":"repeat","background-position":"center center","background-size":"auto","background-attachment":"scroll","background-type":"","background-media":"","overlay-type":"","overlay-color":"","overlay-opacity":"","overlay-gradient":""},"mobile":{"background-color":"","background-image":"","background-repeat":"repeat","background-position":"center center","background-size":"auto","background-attachment":"scroll","background-type":"","background-media":"","overlay-type":"","overlay-color":"","overlay-opacity":"","overlay-gradient":""}},"ast-content-background-meta":{"desktop":{"background-color":"var(--ast-global-color-5)","background-image":"","background-repeat":"repeat","background-position":"center center","background-size":"auto","background-attachment":"scroll","background-type":"","background-media":"","overlay-type":"","overlay-color":"","overlay-opacity":"","overlay-gradient":""},"tablet":{"background-color":"var(--ast-global-color-5)","background-image":"","background-repeat":"repeat","background-position":"center center","background-size":"auto","background-attachment":"scroll","background-type":"","background-media":"","overlay-type":"","overlay-color":"","overlay-opacity":"","overlay-gradient":""},"mobile":{"background-color":"var(--ast-global-color-5)","background-image":"","background-repeat":"repeat","background-position":"center center","background-size":"auto","background-attachment":"scroll","background-type":"","background-media":"","overlay-type":"","overlay-color":"","overlay-opacity":"","overlay-gradient":""}}},"product_brand":[],"product_cat":[103],"product_tag":[155,156,157,154],"class_list":{"0":"post-713","1":"product","2":"type-product","3":"status-publish","4":"has-post-thumbnail","6":"product_cat-painosuunnittelu","7":"product_tag-ilmoitus","8":"product_tag-lehti","9":"product_tag-lehtimainos","10":"product_tag-mainos","11":"desktop-align-left","12":"tablet-align-left","13":"mobile-align-left","15":"first","16":"instock","17":"sold-individually","18":"taxable","19":"shipping-taxable","20":"purchasable","21":"product-type-simple"},"_links":{"self":[{"href":"https:\/\/omagraafikko.fi\/en\/wp-json\/wp\/v2\/product\/713","targetHints":{"allow":["GET"]}}],"collection":[{"href":"https:\/\/omagraafikko.fi\/en\/wp-json\/wp\/v2\/product"}],"about":[{"href":"https:\/\/omagraafikko.fi\/en\/wp-json\/wp\/v2\/types\/product"}],"wp:featuredmedia":[{"embeddable":true,"href":"https:\/\/omagraafikko.fi\/en\/wp-json\/wp\/v2\/media\/2862"}],"wp:attachment":[{"href":"https:\/\/omagraafikko.fi\/en\/wp-json\/wp\/v2\/media?parent=713"}],"wp:term":[{"taxonomy":"product_brand","embeddable":true,"href":"https:\/\/omagraafikko.fi\/en\/wp-json\/wp\/v2\/product_brand?post=713"},{"taxonomy":"product_cat","embeddable":true,"href":"https:\/\/omagraafikko.fi\/en\/wp-json\/wp\/v2\/product_cat?post=713"},{"taxonomy":"product_tag","embeddable":true,"href":"https:\/\/omagraafikko.fi\/en\/wp-json\/wp\/v2\/product_tag?post=713"}],"curies":[{"name":"wp","href":"https:\/\/api.w.org\/{rel}","templated":true}]}}