{"id":705,"date":"2019-03-19T11:49:54","date_gmt":"2019-03-19T11:49:54","guid":{"rendered":"http:\/\/testingforsite.website\/?post_type=product&#038;p=705"},"modified":"2022-11-25T15:39:05","modified_gmt":"2022-11-25T13:39:05","slug":"kirjan-kannen-suunnittelu","status":"publish","type":"product","link":"https:\/\/omagraafikko.fi\/en\/product\/kirjan-kannen-suunnittelu\/","title":{"rendered":"Kirjan Kannen Suunnittelu"},"content":{"rendered":"","protected":false},"excerpt":{"rendered":"<div id=\"panel-883-1-1-0\" class=\"so-panel widget widget_black-studio-tinymce widget_black_studio_tinymce panel-first-child\" data-index=\"2\">\n<div class=\"textwidget\">\n<p><i class=\"fas fa-clock-o\"><\/i><strong> 2 P\u00e4iv\u00e4n toimitus<\/p>\n<p><\/strong><i class=\"fas fa-check\"><\/i>\u00a0 Tiedostomuodot: JPG, PDF<br \/>\n<i class=\"fas fa-check\"><\/i> 3 Muokkauskierrosta<\/p>\n<\/div>\n<\/div>\n<div id=\"panel-883-1-1-1\" class=\"so-panel widget widget_sow-button panel-last-child\" data-index=\"3\">\n<div class=\"so-widget-sow-button so-widget-sow-button-wire-e4f4c49ba697\">\n<p><b>Kirjan Kannen Suunnittelu<br \/>\n<\/b>Kirjan kansi kertoo kirjan sis\u00e4ll\u00f6st\u00e4 sek\u00e4 mahdollisesta kirjan kirjoittajasta ja se my\u00f6s erottaa kirjan muista teoksista ja tuotteista. Kannen suunniteluun sis\u00e4ltyy sek\u00e4 etu- ett\u00e4 takakannen suunnittelu. Kannen suunnittelu ei rajoitu ainoastaan kirjoitettuihin teoksiin, se koskee my\u00f6s esimerkiksi muistikirjoja, p\u00e4iv\u00e4kirjoja, vihkoja ym. muita kannellisia kirjanmuotoisia tuotteita. Jos sinulla on jo jokin valmis idea tai ajatus kannen ulkon\u00e4\u00f6st\u00e4, suunnittelemme ne sen pohjalta. Tai voimme yhdess\u00e4 k\u00e4yd\u00e4 l\u00e4pi ajatuksia siit\u00e4, millainen kansi olisi juuri sinun kirjallesi sopiva. Vaikka sanonta kuuluukin, ett\u00e4 ei ole kirjaa kanteen katsominen, meid\u00e4n suunnittelijoillemme on eritt\u00e4in t\u00e4rke\u00e4\u00e4 luoda sinulle mieluinen ja kirjallesi paras mahdollinen kansi.<\/p>\n<hr \/>\n<p class=\"p2\"><span class=\"s1\">Suunnittelu sis\u00e4lt\u00e4\u00e4: kuvank\u00e4sittelyn, graafisten elementtien suunnittelun, tekstien suunnittelun. (kuvitukset eiv\u00e4t sis\u00e4lly t\u00e4h\u00e4n palveluun. Voit tilata kuvituksen <a href=\"https:\/\/omagraafikko.fi\/en\/product\/kuvitus\/\"><span class=\"s2\">t\u00e4st\u00e4<\/span><\/a>)<\/span><\/p>\n<\/div>\n<\/div>","protected":false},"featured_media":2850,"template":"","meta":{"site-sidebar-layout":"default","site-content-layout":"default","ast-site-content-layout":"default","site-content-style":"default","site-sidebar-style":"default","ast-global-header-display":"","ast-banner-title-visibility":"","ast-main-header-display":"","ast-hfb-above-header-display":"","ast-hfb-below-header-display":"","ast-hfb-mobile-header-display":"","site-post-title":"","ast-breadcrumbs-content":"","ast-featured-img":"","footer-sml-layout":"","ast-disable-related-posts":"","theme-transparent-header-meta":"default","adv-header-id-meta":"","stick-header-meta":"","header-above-stick-meta":"","header-main-stick-meta":"","header-below-stick-meta":"","astra-migrate-meta-layouts":"default","ast-page-background-enabled":"default","ast-page-background-meta":{"desktop":{"background-color":"","background-image":"","background-repeat":"repeat","background-position":"center center","background-size":"auto","background-attachment":"scroll","background-type":"","background-media":"","overlay-type":"","overlay-color":"","overlay-opacity":"","overlay-gradient":""},"tablet":{"background-color":"","background-image":"","background-repeat":"repeat","background-position":"center center","background-size":"auto","background-attachment":"scroll","background-type":"","background-media":"","overlay-type":"","overlay-color":"","overlay-opacity":"","overlay-gradient":""},"mobile":{"background-color":"","background-image":"","background-repeat":"repeat","background-position":"center center","background-size":"auto","background-attachment":"scroll","background-type":"","background-media":"","overlay-type":"","overlay-color":"","overlay-opacity":"","overlay-gradient":""}},"ast-content-background-meta":{"desktop":{"background-color":"var(--ast-global-color-5)","background-image":"","background-repeat":"repeat","background-position":"center center","background-size":"auto","background-attachment":"scroll","background-type":"","background-media":"","overlay-type":"","overlay-color":"","overlay-opacity":"","overlay-gradient":""},"tablet":{"background-color":"var(--ast-global-color-5)","background-image":"","background-repeat":"repeat","background-position":"center center","background-size":"auto","background-attachment":"scroll","background-type":"","background-media":"","overlay-type":"","overlay-color":"","overlay-opacity":"","overlay-gradient":""},"mobile":{"background-color":"var(--ast-global-color-5)","background-image":"","background-repeat":"repeat","background-position":"center center","background-size":"auto","background-attachment":"scroll","background-type":"","background-media":"","overlay-type":"","overlay-color":"","overlay-opacity":"","overlay-gradient":""}}},"product_brand":[],"product_cat":[103],"product_tag":[166,165,167],"class_list":{"0":"post-705","1":"product","2":"type-product","3":"status-publish","4":"has-post-thumbnail","6":"product_cat-painosuunnittelu","7":"product_tag-kansi","8":"product_tag-kirja","9":"product_tag-kirjan-kansi","10":"desktop-align-left","11":"tablet-align-left","12":"mobile-align-left","14":"first","15":"instock","16":"sold-individually","17":"taxable","18":"shipping-taxable","19":"purchasable","20":"product-type-simple"},"_links":{"self":[{"href":"https:\/\/omagraafikko.fi\/en\/wp-json\/wp\/v2\/product\/705","targetHints":{"allow":["GET"]}}],"collection":[{"href":"https:\/\/omagraafikko.fi\/en\/wp-json\/wp\/v2\/product"}],"about":[{"href":"https:\/\/omagraafikko.fi\/en\/wp-json\/wp\/v2\/types\/product"}],"wp:featuredmedia":[{"embeddable":true,"href":"https:\/\/omagraafikko.fi\/en\/wp-json\/wp\/v2\/media\/2850"}],"wp:attachment":[{"href":"https:\/\/omagraafikko.fi\/en\/wp-json\/wp\/v2\/media?parent=705"}],"wp:term":[{"taxonomy":"product_brand","embeddable":true,"href":"https:\/\/omagraafikko.fi\/en\/wp-json\/wp\/v2\/product_brand?post=705"},{"taxonomy":"product_cat","embeddable":true,"href":"https:\/\/omagraafikko.fi\/en\/wp-json\/wp\/v2\/product_cat?post=705"},{"taxonomy":"product_tag","embeddable":true,"href":"https:\/\/omagraafikko.fi\/en\/wp-json\/wp\/v2\/product_tag?post=705"}],"curies":[{"name":"wp","href":"https:\/\/api.w.org\/{rel}","templated":true}]}}