{"id":702,"date":"2019-03-19T11:45:39","date_gmt":"2019-03-19T11:45:39","guid":{"rendered":"http:\/\/testingforsite.website\/?post_type=product&#038;p=702"},"modified":"2020-10-02T16:32:14","modified_gmt":"2020-10-02T13:32:14","slug":"aikakauslehti-taitto","status":"publish","type":"product","link":"https:\/\/omagraafikko.fi\/en\/product\/aikakauslehti-taitto\/","title":{"rendered":"Katalogin Taitto"},"content":{"rendered":"<p>&nbsp;<\/p>\n<header>\n<h2 class=\"section-title\">Tietoa t\u00e4st\u00e4 palvelusta<\/h2>\n<\/header>\n<div class=\"description-wrapper\">\n<div class=\"description-content\">\n<p><b>Katalogin Taitto<br \/>\n<\/b>Onko sinulla tarvetta katalogimuodossa olevalle tuotekuvastolle, esitteelle tai muulle vastaavalle? Me voimme auttaa sinua suunnittelemaan ja toteuttamaan erilaisia katalogeja sinun tarpeisiisi sopiviksi. Katalogista luodaan tiedosto, joka on valmis toimitettavaksi painoon sek\u00e4\/tai s\u00e4hk\u00f6inen PDF-katalogi k\u00e4ytett\u00e4v\u00e4ksi verkossa. K\u00e4ymme yhdess\u00e4 l\u00e4pi, mit\u00e4 kaikkea katalogin tulee sis\u00e4lt\u00e4\u00e4 ja milt\u00e4 haluatte sen n\u00e4ytt\u00e4v\u00e4n. Lopputulos tulee olemaan ammattimainen katalogi, jota sinulla tai yrityksell\u00e4si on ilo esitell\u00e4. Kokeneet suunnittelijamme luovat sinulle ainutlaatuisen, sinun n\u00e4k\u00f6isesi katalogin, jolla voit esitell\u00e4 haluamiasi tietoja ja tuotteita kohderyhmillesi helposti ja n\u00e4ytt\u00e4v\u00e4sti. Jos haluat tiet\u00e4\u00e4 enemm\u00e4n siit\u00e4, mit\u00e4 kaikkea katalogin taittoon sis\u00e4ltyy, me kerromme siit\u00e4 sinulle mielell\u00e4mme ja voimme suunnitella yhdess\u00e4 sinulle sopivan paketin.<\/p>\n<hr \/>\n<p class=\"p1\"><span class=\"s1\">Suunnittelu sis\u00e4lt\u00e4\u00e4: kuvienk\u00e4sittelyn, graafisten elementtien suunnittelun, tekstien sommittelun ja kuvien sommittelun.<\/span><\/p>\n<p>&nbsp;<\/p>\n<p>&nbsp;<\/p>\n<p>&nbsp;<\/p>\n<p><a href=\"https:\/\/omagraafikko.fi\/en\/pyydaarvio\/\"><img fetchpriority=\"high\" decoding=\"async\" class=\"aligncenter wp-image-2146\" src=\"https:\/\/omagraafikko.fi\/wp-content\/uploads\/2019\/03\/Na\u0308ytto\u0308kuva-2019-10-22-kello-20.33.41.png\" alt=\"\" width=\"659\" height=\"367\" srcset=\"https:\/\/omagraafikko.fi\/wp-content\/uploads\/2019\/03\/Na\u0308ytto\u0308kuva-2019-10-22-kello-20.33.41.png 1258w, https:\/\/omagraafikko.fi\/wp-content\/uploads\/2019\/03\/Na\u0308ytto\u0308kuva-2019-10-22-kello-20.33.41-600x334.png 600w, https:\/\/omagraafikko.fi\/wp-content\/uploads\/2019\/03\/Na\u0308ytto\u0308kuva-2019-10-22-kello-20.33.41-300x167.png 300w, https:\/\/omagraafikko.fi\/wp-content\/uploads\/2019\/03\/Na\u0308ytto\u0308kuva-2019-10-22-kello-20.33.41-768x427.png 768w, https:\/\/omagraafikko.fi\/wp-content\/uploads\/2019\/03\/Na\u0308ytto\u0308kuva-2019-10-22-kello-20.33.41-1024x570.png 1024w\" sizes=\"(max-width: 659px) 100vw, 659px\" \/><\/a><\/p>\n<\/div>\n<\/div>","protected":false},"excerpt":{"rendered":"<div id=\"panel-883-1-1-0\" class=\"so-panel widget widget_black-studio-tinymce widget_black_studio_tinymce panel-first-child\" data-index=\"2\">\n<div class=\"textwidget\">\n<div id=\"panel-883-1-1-0\" class=\"so-panel widget widget_black-studio-tinymce widget_black_studio_tinymce panel-first-child\" data-index=\"2\">\n<div class=\"textwidget\">\n<div id=\"panel-883-1-1-0\" class=\"so-panel widget widget_black-studio-tinymce widget_black_studio_tinymce panel-first-child\" data-index=\"2\">\n<div class=\"textwidget\">\n<p><span style=\"color: #6e00ff;\"><br \/>\n<i class=\"fas fa-check\"><\/i>\u00a0<\/span> Tiedostomuodot: Painokelpoinen PDF tiedosto<br \/>\n<span style=\"color: #6e00ff;\"><i class=\"fas fa-check\"><\/i> <span style=\"color: #333333;\">3 Muokkauskierrosta<\/span><\/span><\/p>\n<\/div>\n<\/div>\n<div class=\"so-widget-sow-button so-widget-sow-button-wire-e4f4c49ba697\"><\/div>\n<\/div>\n<\/div>\n<\/div>\n<\/div>","protected":false},"featured_media":704,"template":"","meta":{"site-sidebar-layout":"default","site-content-layout":"default","ast-site-content-layout":"default","site-content-style":"default","site-sidebar-style":"default","ast-global-header-display":"","ast-banner-title-visibility":"","ast-main-header-display":"","ast-hfb-above-header-display":"","ast-hfb-below-header-display":"","ast-hfb-mobile-header-display":"","site-post-title":"","ast-breadcrumbs-content":"","ast-featured-img":"","footer-sml-layout":"","ast-disable-related-posts":"","theme-transparent-header-meta":"default","adv-header-id-meta":"","stick-header-meta":"","header-above-stick-meta":"","header-main-stick-meta":"","header-below-stick-meta":"","astra-migrate-meta-layouts":"default","ast-page-background-enabled":"default","ast-page-background-meta":{"desktop":{"background-color":"","background-image":"","background-repeat":"repeat","background-position":"center center","background-size":"auto","background-attachment":"scroll","background-type":"","background-media":"","overlay-type":"","overlay-color":"","overlay-opacity":"","overlay-gradient":""},"tablet":{"background-color":"","background-image":"","background-repeat":"repeat","background-position":"center center","background-size":"auto","background-attachment":"scroll","background-type":"","background-media":"","overlay-type":"","overlay-color":"","overlay-opacity":"","overlay-gradient":""},"mobile":{"background-color":"","background-image":"","background-repeat":"repeat","background-position":"center center","background-size":"auto","background-attachment":"scroll","background-type":"","background-media":"","overlay-type":"","overlay-color":"","overlay-opacity":"","overlay-gradient":""}},"ast-content-background-meta":{"desktop":{"background-color":"var(--ast-global-color-5)","background-image":"","background-repeat":"repeat","background-position":"center center","background-size":"auto","background-attachment":"scroll","background-type":"","background-media":"","overlay-type":"","overlay-color":"","overlay-opacity":"","overlay-gradient":""},"tablet":{"background-color":"var(--ast-global-color-5)","background-image":"","background-repeat":"repeat","background-position":"center center","background-size":"auto","background-attachment":"scroll","background-type":"","background-media":"","overlay-type":"","overlay-color":"","overlay-opacity":"","overlay-gradient":""},"mobile":{"background-color":"var(--ast-global-color-5)","background-image":"","background-repeat":"repeat","background-position":"center center","background-size":"auto","background-attachment":"scroll","background-type":"","background-media":"","overlay-type":"","overlay-color":"","overlay-opacity":"","overlay-gradient":""}}},"product_brand":[],"product_cat":[103],"product_tag":[169,168,170,171],"class_list":{"0":"post-702","1":"product","2":"type-product","3":"status-publish","4":"has-post-thumbnail","6":"product_cat-painosuunnittelu","7":"product_tag-aikakausilehti","8":"product_tag-katalogi","9":"product_tag-magazine","10":"product_tag-taitto","11":"pa_sivumaara-8-16-sivua","12":"pa_sivumaara-16-32-sivua","13":"pa_sivumaara-32-64-sivua","14":"pa_sivumaara-64-100-sivua","15":"pa_sivumaara-100-130-sivua","16":"desktop-align-left","17":"tablet-align-left","18":"mobile-align-left","20":"first","21":"instock","22":"sold-individually","23":"taxable","24":"shipping-taxable","25":"purchasable","26":"product-type-variable"},"_links":{"self":[{"href":"https:\/\/omagraafikko.fi\/en\/wp-json\/wp\/v2\/product\/702","targetHints":{"allow":["GET"]}}],"collection":[{"href":"https:\/\/omagraafikko.fi\/en\/wp-json\/wp\/v2\/product"}],"about":[{"href":"https:\/\/omagraafikko.fi\/en\/wp-json\/wp\/v2\/types\/product"}],"wp:featuredmedia":[{"embeddable":true,"href":"https:\/\/omagraafikko.fi\/en\/wp-json\/wp\/v2\/media\/704"}],"wp:attachment":[{"href":"https:\/\/omagraafikko.fi\/en\/wp-json\/wp\/v2\/media?parent=702"}],"wp:term":[{"taxonomy":"product_brand","embeddable":true,"href":"https:\/\/omagraafikko.fi\/en\/wp-json\/wp\/v2\/product_brand?post=702"},{"taxonomy":"product_cat","embeddable":true,"href":"https:\/\/omagraafikko.fi\/en\/wp-json\/wp\/v2\/product_cat?post=702"},{"taxonomy":"product_tag","embeddable":true,"href":"https:\/\/omagraafikko.fi\/en\/wp-json\/wp\/v2\/product_tag?post=702"}],"curies":[{"name":"wp","href":"https:\/\/api.w.org\/{rel}","templated":true}]}}