{"id":690,"date":"2019-03-19T09:18:48","date_gmt":"2019-03-19T09:18:48","guid":{"rendered":"http:\/\/testingforsite.website\/?post_type=product&#038;p=690"},"modified":"2020-10-02T16:30:32","modified_gmt":"2020-10-02T13:30:32","slug":"3d-visualisointi","status":"publish","type":"product","link":"https:\/\/omagraafikko.fi\/en\/product\/3d-visualisointi\/","title":{"rendered":"3D Visualisointi"},"content":{"rendered":"<p>&nbsp;<\/p>\n<header>\n<h2 class=\"section-title\">Tietoa t\u00e4st\u00e4 palvelusta<\/h2>\n<\/header>\n<div class=\"description-wrapper\">\n<div class=\"description-content\">\n<div>\n<div>\n<p><b>3D Visualisointi<br \/>\n<\/b>Tarvitsetko 3D visualisointia esitykseen, esitteeseen tai kenties mainokseen? Meid\u00e4n kauttamme saat helposti 3D visualisoinnin erilaisille kohteille kuten tuotteille, rakennuksille ja hahmoille. Hyvin toteutetun ja laadukkaan 3D visualisoinnin avulla voit selkeytt\u00e4\u00e4 tuotteen tai rakennuksen ulkon\u00e4k\u00f6\u00e4 ja ominaisuuksia jo ennen kuin ne ovat rakenteilla ja tuotannossa T\u00e4ll\u00e4 tavalla mahdolliset ostajat ja rahoittajat p\u00e4\u00e4sev\u00e4t n\u00e4kem\u00e4\u00e4n lopputuloksen jo ennen kuin tuote, peli, animaatio, rakennus tai kiinteist\u00f6 on valmis ja he voivat niiden perusteella tehd\u00e4 mahdollisia investointiratkaisuja. Kerro meille tarpeistasi ja ideoistasi ja me toteutamme niiden ja antamienne tietojen pohjalta sinulle sopivan 3D visualisoinnin, jonka avulla voit esitell\u00e4 tuotettasi n\u00e4ytt\u00e4v\u00e4ll\u00e4 tavalla.<\/p>\n<\/div>\n<\/div>\n<\/div>\n<\/div>\n<div class=\"description-wrapper\">\n<div class=\"description-content\">\n<p>&nbsp;<\/p>\n<p>&nbsp;<\/p>\n<p>&nbsp;<\/p>\n<p><a href=\"https:\/\/omagraafikko.fi\/en\/pyydaarvio\/\"><img fetchpriority=\"high\" decoding=\"async\" class=\"aligncenter wp-image-2146\" src=\"https:\/\/omagraafikko.fi\/wp-content\/uploads\/2019\/03\/Na\u0308ytto\u0308kuva-2019-10-22-kello-20.33.41.png\" alt=\"\" width=\"659\" height=\"367\" srcset=\"https:\/\/omagraafikko.fi\/wp-content\/uploads\/2019\/03\/Na\u0308ytto\u0308kuva-2019-10-22-kello-20.33.41.png 1258w, https:\/\/omagraafikko.fi\/wp-content\/uploads\/2019\/03\/Na\u0308ytto\u0308kuva-2019-10-22-kello-20.33.41-600x334.png 600w, https:\/\/omagraafikko.fi\/wp-content\/uploads\/2019\/03\/Na\u0308ytto\u0308kuva-2019-10-22-kello-20.33.41-300x167.png 300w, https:\/\/omagraafikko.fi\/wp-content\/uploads\/2019\/03\/Na\u0308ytto\u0308kuva-2019-10-22-kello-20.33.41-768x427.png 768w, https:\/\/omagraafikko.fi\/wp-content\/uploads\/2019\/03\/Na\u0308ytto\u0308kuva-2019-10-22-kello-20.33.41-1024x570.png 1024w\" sizes=\"(max-width: 659px) 100vw, 659px\" \/><\/a><\/p>\n<\/div>\n<\/div>","protected":false},"excerpt":{"rendered":"<div id=\"panel-883-1-1-0\" class=\"so-panel widget widget_black-studio-tinymce widget_black_studio_tinymce panel-first-child\" data-index=\"2\">\n<div class=\"textwidget\">\n<p><span style=\"color: #6e00ff;\"><i class=\"fas fa-check\"><\/i>\u00a0<\/span> Tiedostomuodot: JPG<br \/>\n<span style=\"color: #6e00ff;\"><i class=\"fas fa-check\"><\/i> <span style=\"color: #333333;\">1 Muokkauskierrosta<\/span><\/span><\/p>\n<\/div>\n<\/div>\n<div id=\"panel-883-1-1-1\" class=\"so-panel widget widget_sow-button panel-last-child\" data-index=\"3\">\n<div class=\"so-widget-sow-button so-widget-sow-button-wire-e4f4c49ba697\"><\/div>\n<\/div>","protected":false},"featured_media":4333,"template":"","meta":{"site-sidebar-layout":"default","site-content-layout":"default","ast-site-content-layout":"default","site-content-style":"default","site-sidebar-style":"default","ast-global-header-display":"","ast-banner-title-visibility":"","ast-main-header-display":"","ast-hfb-above-header-display":"","ast-hfb-below-header-display":"","ast-hfb-mobile-header-display":"","site-post-title":"","ast-breadcrumbs-content":"","ast-featured-img":"","footer-sml-layout":"","ast-disable-related-posts":"","theme-transparent-header-meta":"default","adv-header-id-meta":"","stick-header-meta":"","header-above-stick-meta":"","header-main-stick-meta":"","header-below-stick-meta":"","astra-migrate-meta-layouts":"default","ast-page-background-enabled":"default","ast-page-background-meta":{"desktop":{"background-color":"","background-image":"","background-repeat":"repeat","background-position":"center center","background-size":"auto","background-attachment":"scroll","background-type":"","background-media":"","overlay-type":"","overlay-color":"","overlay-opacity":"","overlay-gradient":""},"tablet":{"background-color":"","background-image":"","background-repeat":"repeat","background-position":"center center","background-size":"auto","background-attachment":"scroll","background-type":"","background-media":"","overlay-type":"","overlay-color":"","overlay-opacity":"","overlay-gradient":""},"mobile":{"background-color":"","background-image":"","background-repeat":"repeat","background-position":"center center","background-size":"auto","background-attachment":"scroll","background-type":"","background-media":"","overlay-type":"","overlay-color":"","overlay-opacity":"","overlay-gradient":""}},"ast-content-background-meta":{"desktop":{"background-color":"var(--ast-global-color-5)","background-image":"","background-repeat":"repeat","background-position":"center center","background-size":"auto","background-attachment":"scroll","background-type":"","background-media":"","overlay-type":"","overlay-color":"","overlay-opacity":"","overlay-gradient":""},"tablet":{"background-color":"var(--ast-global-color-5)","background-image":"","background-repeat":"repeat","background-position":"center center","background-size":"auto","background-attachment":"scroll","background-type":"","background-media":"","overlay-type":"","overlay-color":"","overlay-opacity":"","overlay-gradient":""},"mobile":{"background-color":"var(--ast-global-color-5)","background-image":"","background-repeat":"repeat","background-position":"center center","background-size":"auto","background-attachment":"scroll","background-type":"","background-media":"","overlay-type":"","overlay-color":"","overlay-opacity":"","overlay-gradient":""}}},"product_brand":[],"product_cat":[104],"product_tag":[],"class_list":{"0":"post-690","1":"product","2":"type-product","3":"status-publish","4":"has-post-thumbnail","6":"product_cat-graafinen-suunnittelu","7":"desktop-align-left","8":"tablet-align-left","9":"mobile-align-left","11":"first","12":"instock","13":"sold-individually","14":"taxable","15":"shipping-taxable","16":"purchasable","17":"product-type-variable"},"_links":{"self":[{"href":"https:\/\/omagraafikko.fi\/en\/wp-json\/wp\/v2\/product\/690","targetHints":{"allow":["GET"]}}],"collection":[{"href":"https:\/\/omagraafikko.fi\/en\/wp-json\/wp\/v2\/product"}],"about":[{"href":"https:\/\/omagraafikko.fi\/en\/wp-json\/wp\/v2\/types\/product"}],"wp:featuredmedia":[{"embeddable":true,"href":"https:\/\/omagraafikko.fi\/en\/wp-json\/wp\/v2\/media\/4333"}],"wp:attachment":[{"href":"https:\/\/omagraafikko.fi\/en\/wp-json\/wp\/v2\/media?parent=690"}],"wp:term":[{"taxonomy":"product_brand","embeddable":true,"href":"https:\/\/omagraafikko.fi\/en\/wp-json\/wp\/v2\/product_brand?post=690"},{"taxonomy":"product_cat","embeddable":true,"href":"https:\/\/omagraafikko.fi\/en\/wp-json\/wp\/v2\/product_cat?post=690"},{"taxonomy":"product_tag","embeddable":true,"href":"https:\/\/omagraafikko.fi\/en\/wp-json\/wp\/v2\/product_tag?post=690"}],"curies":[{"name":"wp","href":"https:\/\/api.w.org\/{rel}","templated":true}]}}