{"id":684,"date":"2019-03-19T08:55:44","date_gmt":"2019-03-19T08:55:44","guid":{"rendered":"http:\/\/testingforsite.website\/?post_type=product&#038;p=684"},"modified":"2023-04-05T17:26:34","modified_gmt":"2023-04-05T14:26:34","slug":"kuvitus","status":"publish","type":"product","link":"https:\/\/omagraafikko.fi\/en\/product\/kuvitus\/","title":{"rendered":"Kuvitus"},"content":{"rendered":"","protected":false},"excerpt":{"rendered":"<div id=\"panel-883-1-1-0\" class=\"so-panel widget widget_black-studio-tinymce widget_black_studio_tinymce panel-first-child\" data-index=\"2\">\n<div class=\"textwidget\">\n<p><i class=\"fas fa-check\"><\/i> Vektori tiedosto<br \/>\n<i class=\"fas fa-check\"><\/i>\u00a0 Tiedostomuodot: EPS, JPG, PNG<br \/>\n<i class=\"fas fa-check\"><\/i> 3 Muokkauskierrosta<\/p>\n<\/div>\n<p><b>Kuvitus<br \/>\n<\/b>Tarvitsetko kuvitusta mainokselle, esitteelle, julisteelle, katalogille, kirjalle, tuotteelle tai muulle tarjoamallemme palvelulle? Me autamme sinua my\u00f6s t\u00e4ss\u00e4 asiassa ja luomme sinun tarpeisiisi kuvituksen haluamastasi aiheesta. Voit valita valmiista aihealueista haluamasi tai kertoa meille, mist\u00e4 aiheesta toivot meid\u00e4n suunnittelevan sinulle kuvituksen. Aihe voi olla mik\u00e4 tahansa hahmosta abstrakteihin kuvioihin. Ideasi ovat kallisarvoisia ja me noudatamme niit\u00e4 kuvituksen suunnittelussa. Suunnittelemallamme kuvituksella saat juuri sinun tarpeisiisi sopivan ainutlaatuisen kuvituksen, joka sopii valitsemaasi tyyliin sek\u00e4 k\u00e4ytt\u00f6tarkoitukseen. Meid\u00e4n suunnittelemallamme kuvituksella saat tuotteestasi muista erottuvan, mielenkiintoisen ja n\u00e4ytt\u00e4v\u00e4n. Ottamalla meihin yhteytt\u00e4 saat lis\u00e4tietoa siit\u00e4, miten me voimme toteuttaa sinun tarvitsemasi kuvituksen suunnittelun.<\/p>\n<\/div>\n<div id=\"panel-883-1-1-1\" class=\"so-panel widget widget_sow-button panel-last-child\" data-index=\"3\">\n<div class=\"so-widget-sow-button so-widget-sow-button-wire-e4f4c49ba697\"><\/div>\n<\/div>","protected":false},"featured_media":11277,"template":"","meta":{"site-sidebar-layout":"default","site-content-layout":"default","ast-site-content-layout":"default","site-content-style":"default","site-sidebar-style":"default","ast-global-header-display":"","ast-banner-title-visibility":"","ast-main-header-display":"","ast-hfb-above-header-display":"","ast-hfb-below-header-display":"","ast-hfb-mobile-header-display":"","site-post-title":"","ast-breadcrumbs-content":"","ast-featured-img":"","footer-sml-layout":"","ast-disable-related-posts":"","theme-transparent-header-meta":"default","adv-header-id-meta":"","stick-header-meta":"","header-above-stick-meta":"","header-main-stick-meta":"","header-below-stick-meta":"","astra-migrate-meta-layouts":"default","ast-page-background-enabled":"default","ast-page-background-meta":{"desktop":{"background-color":"","background-image":"","background-repeat":"repeat","background-position":"center center","background-size":"auto","background-attachment":"scroll","background-type":"","background-media":"","overlay-type":"","overlay-color":"","overlay-opacity":"","overlay-gradient":""},"tablet":{"background-color":"","background-image":"","background-repeat":"repeat","background-position":"center center","background-size":"auto","background-attachment":"scroll","background-type":"","background-media":"","overlay-type":"","overlay-color":"","overlay-opacity":"","overlay-gradient":""},"mobile":{"background-color":"","background-image":"","background-repeat":"repeat","background-position":"center center","background-size":"auto","background-attachment":"scroll","background-type":"","background-media":"","overlay-type":"","overlay-color":"","overlay-opacity":"","overlay-gradient":""}},"ast-content-background-meta":{"desktop":{"background-color":"var(--ast-global-color-5)","background-image":"","background-repeat":"repeat","background-position":"center center","background-size":"auto","background-attachment":"scroll","background-type":"","background-media":"","overlay-type":"","overlay-color":"","overlay-opacity":"","overlay-gradient":""},"tablet":{"background-color":"var(--ast-global-color-5)","background-image":"","background-repeat":"repeat","background-position":"center center","background-size":"auto","background-attachment":"scroll","background-type":"","background-media":"","overlay-type":"","overlay-color":"","overlay-opacity":"","overlay-gradient":""},"mobile":{"background-color":"var(--ast-global-color-5)","background-image":"","background-repeat":"repeat","background-position":"center center","background-size":"auto","background-attachment":"scroll","background-type":"","background-media":"","overlay-type":"","overlay-color":"","overlay-opacity":"","overlay-gradient":""}}},"product_brand":[],"product_cat":[106],"product_tag":[121,122,123,124,120,125,126,119],"class_list":{"0":"post-684","1":"product","2":"type-product","3":"status-publish","4":"has-post-thumbnail","6":"product_cat-taide-ja-kuvitukset","7":"product_tag-abstrakti","8":"product_tag-hahmo","9":"product_tag-infografiikka","10":"product_tag-isometrinen","11":"product_tag-kuvitus","12":"product_tag-pattern","13":"product_tag-siluetti","14":"product_tag-tarra","15":"pa_tyyli-abstrakti-tausta-kuvitus","16":"pa_tyyli-hahmokuvitus","17":"pa_tyyli-infografiikka","18":"pa_tyyli-isometrinen-kuvitus","19":"pa_tyyli-littea-kuvitus","20":"pa_tyyli-pattern","21":"pa_tyyli-siluetti","22":"pa_tyyli-tarra","23":"pa_tyyli-verkkosivusto-kuvitus","24":"pa_tyyli-yksityiskohtainen-kuvitus","25":"pa_tyyli-yksityiskohtainen-vektori","26":"desktop-align-left","27":"tablet-align-left","28":"mobile-align-left","30":"first","31":"instock","32":"sold-individually","33":"taxable","34":"shipping-taxable","35":"purchasable","36":"product-type-variable"},"_links":{"self":[{"href":"https:\/\/omagraafikko.fi\/en\/wp-json\/wp\/v2\/product\/684","targetHints":{"allow":["GET"]}}],"collection":[{"href":"https:\/\/omagraafikko.fi\/en\/wp-json\/wp\/v2\/product"}],"about":[{"href":"https:\/\/omagraafikko.fi\/en\/wp-json\/wp\/v2\/types\/product"}],"wp:featuredmedia":[{"embeddable":true,"href":"https:\/\/omagraafikko.fi\/en\/wp-json\/wp\/v2\/media\/11277"}],"wp:attachment":[{"href":"https:\/\/omagraafikko.fi\/en\/wp-json\/wp\/v2\/media?parent=684"}],"wp:term":[{"taxonomy":"product_brand","embeddable":true,"href":"https:\/\/omagraafikko.fi\/en\/wp-json\/wp\/v2\/product_brand?post=684"},{"taxonomy":"product_cat","embeddable":true,"href":"https:\/\/omagraafikko.fi\/en\/wp-json\/wp\/v2\/product_cat?post=684"},{"taxonomy":"product_tag","embeddable":true,"href":"https:\/\/omagraafikko.fi\/en\/wp-json\/wp\/v2\/product_tag?post=684"}],"curies":[{"name":"wp","href":"https:\/\/api.w.org\/{rel}","templated":true}]}}