{"id":674,"date":"2019-03-19T08:06:45","date_gmt":"2019-03-19T08:06:45","guid":{"rendered":"http:\/\/testingforsite.website\/?post_type=product&#038;p=674"},"modified":"2026-03-05T15:55:42","modified_gmt":"2026-03-05T13:55:42","slug":"albumin-cd-kannen-suunnittelu","status":"publish","type":"product","link":"https:\/\/omagraafikko.fi\/en\/product\/albumin-cd-kannen-suunnittelu\/","title":{"rendered":"Levykannen Suunnittelu"},"content":{"rendered":"","protected":false},"excerpt":{"rendered":"<div id=\"panel-883-1-1-0\" class=\"so-panel widget widget_black-studio-tinymce widget_black_studio_tinymce panel-first-child\" data-index=\"2\">\n<div class=\"textwidget\">\n<p><i class=\"fas fa-clock-o\"><\/i><strong> 2 P\u00e4iv\u00e4n toimitus<\/strong><\/p>\n<p><i class=\"fas fa-check\"><\/i>\u00a0 \u00a0Tiedostomuodot: JPG, PDF<br \/>\n<i class=\"fas fa-check\"><\/i>\u00a0 \u00a03 Muokkauskierrosta<\/p>\n<p><b>Levykannen Suunnittelu<br \/>\n<\/b>Oletko julkaisemassa levy\u00e4 ja tarvitset sille ainutlaatuisen ja n\u00e4ytt\u00e4v\u00e4n sek\u00e4 huomiota her\u00e4tt\u00e4v\u00e4n kannen? Levynkansi ei toimi ainoastaan painettuna versiona CD-levyill\u00e4, LP-levyill\u00e4 ja kaseteilla, sit\u00e4 voi k\u00e4ytt\u00e4\u00e4 my\u00f6s digitaalisena levynkantena erilaisilla digitaalisen musiikin jakeluun tarkoitetuilla alustoilla. Erottuvalla levynkannella artistin levy voi kiinnitt\u00e4\u00e4 enemm\u00e4n huomiota ja her\u00e4tt\u00e4\u00e4 mielenkiintoa uusissa kuuntelijoissa. Suunnittelemme ja toteutamme ideoidenne ja ajatustenne pohjalta juuri teille sopivan levynkannen, joka kuvastaa artistia ja h\u00e4nen esitt\u00e4m\u00e4\u00e4ns\u00e4 musiikkia. Levynkannen suunnittelu voidaan toteuttaa hyvinkin nopealla aikataululla vastaamaan artistin tarpeita. Me jaamme mielell\u00e4mme artistin kanssa ajatuksia siit\u00e4, millainen kannen tulisi olla ja h\u00e4n on tiiviisti mukana kannen viimeistelyss\u00e4.<\/p>\n<hr \/>\n<p class=\"p1\"><span class=\"s1\">Suunnittelu sis\u00e4lt\u00e4\u00e4: kuvank\u00e4sittelyn, graafisten elementtien suunnittelun, tekstien suunnittelun. (kuvitukset eiv\u00e4t sis\u00e4lly t\u00e4h\u00e4n palveluun. Voit tilata kuvituksen <a href=\"https:\/\/omagraafikko.fi\/en\/product\/kuvitus\/\">t\u00e4st\u00e4<\/a>)<\/span><\/p>\n<\/div>\n<\/div>","protected":false},"featured_media":9927,"template":"","meta":{"site-sidebar-layout":"default","site-content-layout":"default","ast-site-content-layout":"default","site-content-style":"default","site-sidebar-style":"default","ast-global-header-display":"","ast-banner-title-visibility":"","ast-main-header-display":"","ast-hfb-above-header-display":"","ast-hfb-below-header-display":"","ast-hfb-mobile-header-display":"","site-post-title":"","ast-breadcrumbs-content":"","ast-featured-img":"","footer-sml-layout":"","ast-disable-related-posts":"","theme-transparent-header-meta":"default","adv-header-id-meta":"","stick-header-meta":"","header-above-stick-meta":"","header-main-stick-meta":"","header-below-stick-meta":"","astra-migrate-meta-layouts":"set","ast-page-background-enabled":"default","ast-page-background-meta":{"desktop":{"background-color":"","background-image":"","background-repeat":"repeat","background-position":"center center","background-size":"auto","background-attachment":"scroll","background-type":"","background-media":"","overlay-type":"","overlay-color":"","overlay-opacity":"","overlay-gradient":""},"tablet":{"background-color":"","background-image":"","background-repeat":"repeat","background-position":"center center","background-size":"auto","background-attachment":"scroll","background-type":"","background-media":"","overlay-type":"","overlay-color":"","overlay-opacity":"","overlay-gradient":""},"mobile":{"background-color":"","background-image":"","background-repeat":"repeat","background-position":"center center","background-size":"auto","background-attachment":"scroll","background-type":"","background-media":"","overlay-type":"","overlay-color":"","overlay-opacity":"","overlay-gradient":""}},"ast-content-background-meta":{"desktop":{"background-color":"var(--ast-global-color-5)","background-image":"","background-repeat":"repeat","background-position":"center center","background-size":"auto","background-attachment":"scroll","background-type":"","background-media":"","overlay-type":"","overlay-color":"","overlay-opacity":"","overlay-gradient":""},"tablet":{"background-color":"var(--ast-global-color-5)","background-image":"","background-repeat":"repeat","background-position":"center center","background-size":"auto","background-attachment":"scroll","background-type":"","background-media":"","overlay-type":"","overlay-color":"","overlay-opacity":"","overlay-gradient":""},"mobile":{"background-color":"var(--ast-global-color-5)","background-image":"","background-repeat":"repeat","background-position":"center center","background-size":"auto","background-attachment":"scroll","background-type":"","background-media":"","overlay-type":"","overlay-color":"","overlay-opacity":"","overlay-gradient":""}}},"product_brand":[],"product_cat":[103,101],"product_tag":[],"class_list":{"0":"post-674","1":"product","2":"type-product","3":"status-publish","4":"has-post-thumbnail","6":"product_cat-painosuunnittelu","7":"product_cat-web-suunnittelu","8":"desktop-align-left","9":"tablet-align-left","10":"mobile-align-left","12":"first","13":"instock","14":"featured","15":"sold-individually","16":"taxable","17":"shipping-taxable","18":"purchasable","19":"product-type-simple"},"_links":{"self":[{"href":"https:\/\/omagraafikko.fi\/en\/wp-json\/wp\/v2\/product\/674","targetHints":{"allow":["GET"]}}],"collection":[{"href":"https:\/\/omagraafikko.fi\/en\/wp-json\/wp\/v2\/product"}],"about":[{"href":"https:\/\/omagraafikko.fi\/en\/wp-json\/wp\/v2\/types\/product"}],"wp:featuredmedia":[{"embeddable":true,"href":"https:\/\/omagraafikko.fi\/en\/wp-json\/wp\/v2\/media\/9927"}],"wp:attachment":[{"href":"https:\/\/omagraafikko.fi\/en\/wp-json\/wp\/v2\/media?parent=674"}],"wp:term":[{"taxonomy":"product_brand","embeddable":true,"href":"https:\/\/omagraafikko.fi\/en\/wp-json\/wp\/v2\/product_brand?post=674"},{"taxonomy":"product_cat","embeddable":true,"href":"https:\/\/omagraafikko.fi\/en\/wp-json\/wp\/v2\/product_cat?post=674"},{"taxonomy":"product_tag","embeddable":true,"href":"https:\/\/omagraafikko.fi\/en\/wp-json\/wp\/v2\/product_tag?post=674"}],"curies":[{"name":"wp","href":"https:\/\/api.w.org\/{rel}","templated":true}]}}