{"id":672,"date":"2019-03-19T07:57:56","date_gmt":"2019-03-19T07:57:56","guid":{"rendered":"http:\/\/testingforsite.website\/?post_type=product&#038;p=672"},"modified":"2022-12-18T12:38:34","modified_gmt":"2022-12-18T10:38:34","slug":"juliste-suunnittelu","status":"publish","type":"product","link":"https:\/\/omagraafikko.fi\/en\/product\/juliste-suunnittelu\/","title":{"rendered":"Julisteen Suunnittelu"},"content":{"rendered":"","protected":false},"excerpt":{"rendered":"<div id=\"panel-883-1-1-0\" class=\"so-panel widget widget_black-studio-tinymce widget_black_studio_tinymce panel-first-child\" data-index=\"2\">\n<div class=\"textwidget\">\n<p><i class=\"fas fa-clock-o\"><\/i><strong> 2 P\u00e4iv\u00e4n toimitus<\/strong><\/p>\n<p><i class=\"fas fa-check\"><\/i>\u00a0 Tiedostomuodot: JPG, PDF<br \/>\n<i class=\"fas fa-check\"><\/i> 5 Muokkauskierrosta<\/p>\n<\/div>\n<p><b>Julistesuunnittelu<br \/>\n<\/b>N\u00e4ytt\u00e4v\u00e4 juliste her\u00e4tt\u00e4\u00e4 kiinnostuksen ja tuo enemm\u00e4n n\u00e4kyvyytt\u00e4 erilaisille tapahtumille. Me tarjoamme julisteiden suunnittelu erilaisiin tarpeisiin: tapahtumajulisteet, mainosjulisteet, yrityksen sis\u00e4iseen k\u00e4ytt\u00f6\u00f6n ja moneen muuhun tarkoitukseen tarkoitetut julisteet. Millainen tarpeesi ikin\u00e4 onkaan, me toteutamme sen. Suunnittelemme julisteet toimittamienne kuvitus kuvien, tietojen ja ideoiden pohjalta juuri tarpeisiinne sopivaksi. Kokeneiden graafikkojemme ansiosta pystymme toteuttamaan julisteiden suunnittelun hyvinkin nopealla aikataulussa ja julisteet muokataan ja viimeistell\u00e4\u00e4n niin, ett\u00e4 ne ovat mieleisi\u00e4nne ja juuri teid\u00e4n k\u00e4ytt\u00f6tarkoitukseenne sopivia. Voitte halutessanne k\u00e4ytt\u00e4\u00e4 suunnittelemiamme valmiita pohjia tai voimme luoda ainutlaatuisen julisteen alusta asti teid\u00e4n toiveidenne mukaiseksi. Kerromme mielell\u00e4mme lis\u00e4\u00e4 erilaista vaihtoehdoista, joita teill\u00e4 on k\u00e4yt\u00f6ss\u00e4nne.<\/p>\n<hr \/>\n<p class=\"p1\"><span class=\"s1\">Suunnittelu sis\u00e4lt\u00e4\u00e4: kuvank\u00e4sittelyn, graafisten elementtien suunnittelun, tekstien suunnittelun. (kuvitukset eiv\u00e4t sis\u00e4lly t\u00e4h\u00e4n palveluun. Voit tilata kuvituksen <a href=\"https:\/\/omagraafikko.fi\/en\/product\/kuvitus\/\">t\u00e4st\u00e4<\/a>)<\/span><\/p>\n<\/div>","protected":false},"featured_media":2854,"template":"","meta":{"site-sidebar-layout":"default","site-content-layout":"default","ast-site-content-layout":"default","site-content-style":"default","site-sidebar-style":"default","ast-global-header-display":"","ast-banner-title-visibility":"","ast-main-header-display":"","ast-hfb-above-header-display":"","ast-hfb-below-header-display":"","ast-hfb-mobile-header-display":"","site-post-title":"","ast-breadcrumbs-content":"","ast-featured-img":"","footer-sml-layout":"","ast-disable-related-posts":"","theme-transparent-header-meta":"default","adv-header-id-meta":"","stick-header-meta":"","header-above-stick-meta":"","header-main-stick-meta":"","header-below-stick-meta":"","astra-migrate-meta-layouts":"default","ast-page-background-enabled":"default","ast-page-background-meta":{"desktop":{"background-color":"","background-image":"","background-repeat":"repeat","background-position":"center center","background-size":"auto","background-attachment":"scroll","background-type":"","background-media":"","overlay-type":"","overlay-color":"","overlay-opacity":"","overlay-gradient":""},"tablet":{"background-color":"","background-image":"","background-repeat":"repeat","background-position":"center center","background-size":"auto","background-attachment":"scroll","background-type":"","background-media":"","overlay-type":"","overlay-color":"","overlay-opacity":"","overlay-gradient":""},"mobile":{"background-color":"","background-image":"","background-repeat":"repeat","background-position":"center center","background-size":"auto","background-attachment":"scroll","background-type":"","background-media":"","overlay-type":"","overlay-color":"","overlay-opacity":"","overlay-gradient":""}},"ast-content-background-meta":{"desktop":{"background-color":"var(--ast-global-color-5)","background-image":"","background-repeat":"repeat","background-position":"center center","background-size":"auto","background-attachment":"scroll","background-type":"","background-media":"","overlay-type":"","overlay-color":"","overlay-opacity":"","overlay-gradient":""},"tablet":{"background-color":"var(--ast-global-color-5)","background-image":"","background-repeat":"repeat","background-position":"center center","background-size":"auto","background-attachment":"scroll","background-type":"","background-media":"","overlay-type":"","overlay-color":"","overlay-opacity":"","overlay-gradient":""},"mobile":{"background-color":"var(--ast-global-color-5)","background-image":"","background-repeat":"repeat","background-position":"center center","background-size":"auto","background-attachment":"scroll","background-type":"","background-media":"","overlay-type":"","overlay-color":"","overlay-opacity":"","overlay-gradient":""}}},"product_brand":[],"product_cat":[103],"product_tag":[],"class_list":{"0":"post-672","1":"product","2":"type-product","3":"status-publish","4":"has-post-thumbnail","6":"product_cat-painosuunnittelu","7":"desktop-align-left","8":"tablet-align-left","9":"mobile-align-left","11":"first","12":"instock","13":"sold-individually","14":"taxable","15":"shipping-taxable","16":"purchasable","17":"product-type-simple"},"_links":{"self":[{"href":"https:\/\/omagraafikko.fi\/en\/wp-json\/wp\/v2\/product\/672","targetHints":{"allow":["GET"]}}],"collection":[{"href":"https:\/\/omagraafikko.fi\/en\/wp-json\/wp\/v2\/product"}],"about":[{"href":"https:\/\/omagraafikko.fi\/en\/wp-json\/wp\/v2\/types\/product"}],"wp:featuredmedia":[{"embeddable":true,"href":"https:\/\/omagraafikko.fi\/en\/wp-json\/wp\/v2\/media\/2854"}],"wp:attachment":[{"href":"https:\/\/omagraafikko.fi\/en\/wp-json\/wp\/v2\/media?parent=672"}],"wp:term":[{"taxonomy":"product_brand","embeddable":true,"href":"https:\/\/omagraafikko.fi\/en\/wp-json\/wp\/v2\/product_brand?post=672"},{"taxonomy":"product_cat","embeddable":true,"href":"https:\/\/omagraafikko.fi\/en\/wp-json\/wp\/v2\/product_cat?post=672"},{"taxonomy":"product_tag","embeddable":true,"href":"https:\/\/omagraafikko.fi\/en\/wp-json\/wp\/v2\/product_tag?post=672"}],"curies":[{"name":"wp","href":"https:\/\/api.w.org\/{rel}","templated":true}]}}