{"id":671,"date":"2019-03-18T21:37:02","date_gmt":"2019-03-18T21:37:02","guid":{"rendered":"http:\/\/testingforsite.website\/?post_type=product&#038;p=671"},"modified":"2022-12-18T12:38:28","modified_gmt":"2022-12-18T10:38:28","slug":"kayntikortti-suunnittelu","status":"publish","type":"product","link":"https:\/\/omagraafikko.fi\/en\/product\/kayntikortti-suunnittelu\/","title":{"rendered":"K\u00e4yntikortin Suunnittelu"},"content":{"rendered":"<p>&nbsp;<\/p>\n<header>\n<h2 class=\"section-title\">Tietoa t\u00e4st\u00e4 palvelusta<\/h2>\n<\/header>\n<div class=\"description-wrapper\">\n<div class=\"description-content\">\n<p><b>K\u00e4yntikortin Suunnittelu<br \/>\n<\/b>K\u00e4yntikortit ovat t\u00e4rke\u00e4 osa yrityksen ja sen ty\u00f6ntekij\u00f6iden ilmett\u00e4 ulosp\u00e4in esimerkiksi yhteisty\u00f6kumppaneille ja muille sidosryhmille. Hyv\u00e4n n\u00e4k\u00f6inen kaksipuolinen k\u00e4yntikortti j\u00e4tt\u00e4\u00e4 n\u00e4ytt\u00e4v\u00e4n j\u00e4ljen henkil\u00f6st\u00e4 ja h\u00e4nen ty\u00f6nantajastaan muille henkil\u00f6ille samalla kun se on helppo tapa antaa yrityksen ja sen edustajan yhteystiedot vastaanottajalle. Voitte kertoa meille omista ideoistanne, joiden perusteella luomme yrityksenne ty\u00f6ntekij\u00f6ille yksil\u00f6lliset ja ainutlaatuiset k\u00e4yntikortit tai voimme ehdottaa teille joitakin yrityksellenne sopivia vaihtoehtoja, joista voitte tehd\u00e4 valinnan. Voitte valita yksinkertaisemman tai n\u00e4ytt\u00e4v\u00e4mm\u00e4n k\u00e4yntikortin sen mukaan, kuinka se sopii teid\u00e4n yrityksenne kuvaan. Jos ette ole tyytyv\u00e4inen ensimm\u00e4iseen versioon, muokkaamme k\u00e4yntikortteja antamienne ehdotusten ja toiveiden mukaisesti. Toimitamme suunnitellut k\u00e4yntikortit PDF-tiedostona, josta ne on helppo painossa poimia painettavaksi.<\/p>\n<\/div>\n<\/div>","protected":false},"excerpt":{"rendered":"<div id=\"panel-883-1-1-0\" class=\"so-panel widget widget_black-studio-tinymce widget_black_studio_tinymce panel-first-child\" data-index=\"2\">\n<div class=\"textwidget\">\n<p class=\"p1\"><span class=\"s1\"><b><i class=\"fas fa-clock-o\"><\/i>\u00a0 \u00a02 P\u00e4iv\u00e4n toimitus<\/b><\/span><\/p>\n<p class=\"p1\"><span class=\"s1\"><i class=\"fas fa-check\"><\/i>\u00a0 \u00a0Tiedostomuodot: PDF<br \/>\n<i class=\"fas fa-check\"><\/i>\u00a0 \u00a05 Muokkauskierrosta<\/span><\/p>\n<\/div>\n<\/div>","protected":false},"featured_media":2855,"template":"","meta":{"site-sidebar-layout":"default","site-content-layout":"default","ast-site-content-layout":"default","site-content-style":"default","site-sidebar-style":"default","ast-global-header-display":"","ast-banner-title-visibility":"","ast-main-header-display":"","ast-hfb-above-header-display":"","ast-hfb-below-header-display":"","ast-hfb-mobile-header-display":"","site-post-title":"","ast-breadcrumbs-content":"","ast-featured-img":"","footer-sml-layout":"","ast-disable-related-posts":"","theme-transparent-header-meta":"default","adv-header-id-meta":"","stick-header-meta":"","header-above-stick-meta":"","header-main-stick-meta":"","header-below-stick-meta":"","astra-migrate-meta-layouts":"default","ast-page-background-enabled":"default","ast-page-background-meta":{"desktop":{"background-color":"","background-image":"","background-repeat":"repeat","background-position":"center center","background-size":"auto","background-attachment":"scroll","background-type":"","background-media":"","overlay-type":"","overlay-color":"","overlay-opacity":"","overlay-gradient":""},"tablet":{"background-color":"","background-image":"","background-repeat":"repeat","background-position":"center center","background-size":"auto","background-attachment":"scroll","background-type":"","background-media":"","overlay-type":"","overlay-color":"","overlay-opacity":"","overlay-gradient":""},"mobile":{"background-color":"","background-image":"","background-repeat":"repeat","background-position":"center center","background-size":"auto","background-attachment":"scroll","background-type":"","background-media":"","overlay-type":"","overlay-color":"","overlay-opacity":"","overlay-gradient":""}},"ast-content-background-meta":{"desktop":{"background-color":"var(--ast-global-color-5)","background-image":"","background-repeat":"repeat","background-position":"center center","background-size":"auto","background-attachment":"scroll","background-type":"","background-media":"","overlay-type":"","overlay-color":"","overlay-opacity":"","overlay-gradient":""},"tablet":{"background-color":"var(--ast-global-color-5)","background-image":"","background-repeat":"repeat","background-position":"center center","background-size":"auto","background-attachment":"scroll","background-type":"","background-media":"","overlay-type":"","overlay-color":"","overlay-opacity":"","overlay-gradient":""},"mobile":{"background-color":"var(--ast-global-color-5)","background-image":"","background-repeat":"repeat","background-position":"center center","background-size":"auto","background-attachment":"scroll","background-type":"","background-media":"","overlay-type":"","overlay-color":"","overlay-opacity":"","overlay-gradient":""}}},"product_brand":[],"product_cat":[103],"product_tag":[],"class_list":{"0":"post-671","1":"product","2":"type-product","3":"status-publish","4":"has-post-thumbnail","6":"product_cat-painosuunnittelu","7":"desktop-align-left","8":"tablet-align-left","9":"mobile-align-left","11":"first","12":"instock","13":"sold-individually","14":"taxable","15":"shipping-taxable","16":"purchasable","17":"product-type-simple"},"_links":{"self":[{"href":"https:\/\/omagraafikko.fi\/en\/wp-json\/wp\/v2\/product\/671","targetHints":{"allow":["GET"]}}],"collection":[{"href":"https:\/\/omagraafikko.fi\/en\/wp-json\/wp\/v2\/product"}],"about":[{"href":"https:\/\/omagraafikko.fi\/en\/wp-json\/wp\/v2\/types\/product"}],"wp:featuredmedia":[{"embeddable":true,"href":"https:\/\/omagraafikko.fi\/en\/wp-json\/wp\/v2\/media\/2855"}],"wp:attachment":[{"href":"https:\/\/omagraafikko.fi\/en\/wp-json\/wp\/v2\/media?parent=671"}],"wp:term":[{"taxonomy":"product_brand","embeddable":true,"href":"https:\/\/omagraafikko.fi\/en\/wp-json\/wp\/v2\/product_brand?post=671"},{"taxonomy":"product_cat","embeddable":true,"href":"https:\/\/omagraafikko.fi\/en\/wp-json\/wp\/v2\/product_cat?post=671"},{"taxonomy":"product_tag","embeddable":true,"href":"https:\/\/omagraafikko.fi\/en\/wp-json\/wp\/v2\/product_tag?post=671"}],"curies":[{"name":"wp","href":"https:\/\/api.w.org\/{rel}","templated":true}]}}