{"id":666,"date":"2019-03-18T21:18:30","date_gmt":"2019-03-18T21:18:30","guid":{"rendered":"http:\/\/testingforsite.website\/?post_type=product&#038;p=666"},"modified":"2022-12-18T12:38:22","modified_gmt":"2022-12-18T10:38:22","slug":"esite","status":"publish","type":"product","link":"https:\/\/omagraafikko.fi\/en\/product\/esite\/","title":{"rendered":"Esitteen Suunnittelu"},"content":{"rendered":"","protected":false},"excerpt":{"rendered":"<div id=\"panel-883-1-1-0\" class=\"so-panel widget widget_black-studio-tinymce widget_black_studio_tinymce panel-first-child\" data-index=\"2\">\n<div class=\"textwidget\">\n<p><strong><span style=\"color: #000000;\"><i class=\"fas fa-clock-o\"><\/i>\u00a0 \u00a04 P\u00e4iv\u00e4n toimitus<\/span><\/strong><\/p>\n<p><i class=\"fas fa-check\"><\/i>\u00a0 Painokelpoinen PDF. tiedosto<br \/>\n<i class=\"fas fa-check\"><\/i> 3 Muokkauskierrosta<\/p>\n<\/div>\n<p><b>Esitesuunnittelu<br \/>\n<\/b>Esitteen avulla voit jakaa erilaista informaatiota esimerkiksi tuotteesta, yrityksest\u00e4, palvelusta ja monesta muusta asiasta. Se on helppo tapaa antaa nopeasti tietoa vastaanottajalle esimerkiksi messuilla ja tapahtumissa sek\u00e4 asiakask\u00e4yntien yhteydess\u00e4. Meid\u00e4n kauttamme n\u00e4ytt\u00e4v\u00e4n esitteen suunnittelu onnistuu helposti. Esitteemme ovat aina kokeneiden graafikoidemme ammattimaisesti suunnittelemia. Esite voi olla niin yksinkertainen tai niin v\u00e4rik\u00e4s kuin sin\u00e4 haluat. Sinun ajatustesi pohjalta luodaan juuri sinun tarpeisiisi t\u00e4ydellinen esite, jota voit ylpe\u00e4n\u00e4 jakaa sen vastaanottajille. Jokaisen tarpeet ovat erilaiset ja me haluamme tarjota juuri sinun tarpeisiisi sopivan paketin. Ottamalla meihin yhteytt\u00e4 saa lis\u00e4tietoa tarjoamastamme suunnittelusta ja siit\u00e4, miten me voimme palvella sinua.<\/p>\n<hr \/>\n<p>Suunnittelu sis\u00e4lt\u00e4\u00e4: kuvien sommittelun, tekstien sommittelun ja graafisten elementtien suunnittelun.<\/p>\n<\/div>\n<div class=\"so-widget-sow-button so-widget-sow-button-wire-e4f4c49ba697\"><\/div>","protected":false},"featured_media":2861,"template":"","meta":{"site-sidebar-layout":"default","site-content-layout":"default","ast-site-content-layout":"default","site-content-style":"default","site-sidebar-style":"default","ast-global-header-display":"","ast-banner-title-visibility":"","ast-main-header-display":"","ast-hfb-above-header-display":"","ast-hfb-below-header-display":"","ast-hfb-mobile-header-display":"","site-post-title":"","ast-breadcrumbs-content":"","ast-featured-img":"","footer-sml-layout":"","ast-disable-related-posts":"","theme-transparent-header-meta":"default","adv-header-id-meta":"","stick-header-meta":"","header-above-stick-meta":"","header-main-stick-meta":"","header-below-stick-meta":"","astra-migrate-meta-layouts":"default","ast-page-background-enabled":"default","ast-page-background-meta":{"desktop":{"background-color":"","background-image":"","background-repeat":"repeat","background-position":"center center","background-size":"auto","background-attachment":"scroll","background-type":"","background-media":"","overlay-type":"","overlay-color":"","overlay-opacity":"","overlay-gradient":""},"tablet":{"background-color":"","background-image":"","background-repeat":"repeat","background-position":"center center","background-size":"auto","background-attachment":"scroll","background-type":"","background-media":"","overlay-type":"","overlay-color":"","overlay-opacity":"","overlay-gradient":""},"mobile":{"background-color":"","background-image":"","background-repeat":"repeat","background-position":"center center","background-size":"auto","background-attachment":"scroll","background-type":"","background-media":"","overlay-type":"","overlay-color":"","overlay-opacity":"","overlay-gradient":""}},"ast-content-background-meta":{"desktop":{"background-color":"var(--ast-global-color-5)","background-image":"","background-repeat":"repeat","background-position":"center center","background-size":"auto","background-attachment":"scroll","background-type":"","background-media":"","overlay-type":"","overlay-color":"","overlay-opacity":"","overlay-gradient":""},"tablet":{"background-color":"var(--ast-global-color-5)","background-image":"","background-repeat":"repeat","background-position":"center center","background-size":"auto","background-attachment":"scroll","background-type":"","background-media":"","overlay-type":"","overlay-color":"","overlay-opacity":"","overlay-gradient":""},"mobile":{"background-color":"var(--ast-global-color-5)","background-image":"","background-repeat":"repeat","background-position":"center center","background-size":"auto","background-attachment":"scroll","background-type":"","background-media":"","overlay-type":"","overlay-color":"","overlay-opacity":"","overlay-gradient":""}}},"product_brand":[],"product_cat":[103],"product_tag":[],"class_list":{"0":"post-666","1":"product","2":"type-product","3":"status-publish","4":"has-post-thumbnail","6":"product_cat-painosuunnittelu","7":"desktop-align-left","8":"tablet-align-left","9":"mobile-align-left","11":"first","12":"instock","13":"sold-individually","14":"taxable","15":"shipping-taxable","16":"purchasable","17":"product-type-variable"},"_links":{"self":[{"href":"https:\/\/omagraafikko.fi\/en\/wp-json\/wp\/v2\/product\/666","targetHints":{"allow":["GET"]}}],"collection":[{"href":"https:\/\/omagraafikko.fi\/en\/wp-json\/wp\/v2\/product"}],"about":[{"href":"https:\/\/omagraafikko.fi\/en\/wp-json\/wp\/v2\/types\/product"}],"wp:featuredmedia":[{"embeddable":true,"href":"https:\/\/omagraafikko.fi\/en\/wp-json\/wp\/v2\/media\/2861"}],"wp:attachment":[{"href":"https:\/\/omagraafikko.fi\/en\/wp-json\/wp\/v2\/media?parent=666"}],"wp:term":[{"taxonomy":"product_brand","embeddable":true,"href":"https:\/\/omagraafikko.fi\/en\/wp-json\/wp\/v2\/product_brand?post=666"},{"taxonomy":"product_cat","embeddable":true,"href":"https:\/\/omagraafikko.fi\/en\/wp-json\/wp\/v2\/product_cat?post=666"},{"taxonomy":"product_tag","embeddable":true,"href":"https:\/\/omagraafikko.fi\/en\/wp-json\/wp\/v2\/product_tag?post=666"}],"curies":[{"name":"wp","href":"https:\/\/api.w.org\/{rel}","templated":true}]}}