{"id":2525,"date":"2020-01-24T14:53:09","date_gmt":"2020-01-24T12:53:09","guid":{"rendered":"http:\/\/omagraafikko.fi\/?post_type=product&#038;p=2525"},"modified":"2022-12-02T19:35:27","modified_gmt":"2022-12-02T17:35:27","slug":"id-kortti","status":"publish","type":"product","link":"https:\/\/omagraafikko.fi\/en\/product\/id-kortti\/","title":{"rendered":"ID-Kortin Suunnittelu"},"content":{"rendered":"<p>&nbsp;<\/p>\n<header>\n<h2 class=\"section-title\">Tietoa t\u00e4st\u00e4 palvelusta<\/h2>\n<\/header>\n<div class=\"description-wrapper\">\n<div class=\"description-content\">\n<p><b>ID-kortin Suunnittelu<br \/>\n<\/b>Henkil\u00f6st\u00f6n ID-kortit ovat olennainen osa yrityksen ja henkil\u00f6st\u00f6n turvallisuutta. Meid\u00e4n kauttamme voit toteuttaa koko henkil\u00f6st\u00f6n ID-kortit nopeasti ja helposti toivomallasi mallilla ja ulkoasulla. Me suunnittelemme yrityksesi ilmeeseen sopivat ID-kortit, jotka toimitetaan sinulle PDF-tiedostossa, josta kortit on helppo poimia painettavaksi. Voit toteuttaa my\u00f6s erilliset vierailijakortit tai esimerkiksi ty\u00f6harjoittelijakortit. Tai oletko kenties j\u00e4rjest\u00e4m\u00e4ss\u00e4 tapahtumaa, johon osallistujille tarvitaan ID-kortit, jotka voivat samalla my\u00f6s toimia tapahtuman p\u00e4\u00e4sylippuina? ID-kortille lis\u00e4t\u00e4\u00e4n haluamanne tiedot, kortti voi olla hyvin pelkistetty yksiv\u00e4rinen tai moniv\u00e4rinen, joka sis\u00e4lt\u00e4\u00e4 enemm\u00e4n informaatiota, juuri sellainen kuin te toivotte. ID-kortit voidaan toteuttaa hyvinkin nopealla aikataululla. Me kerromme lis\u00e4\u00e4, jos haluat saada lis\u00e4tietoa erilaisista korttivaihtoehdoista.<\/p>\n<\/div>\n<\/div>","protected":false},"excerpt":{"rendered":"<div id=\"panel-883-1-1-0\" class=\"so-panel widget widget_black-studio-tinymce widget_black_studio_tinymce panel-first-child\" data-index=\"2\">\n<div class=\"textwidget\">\n<p class=\"p1\"><span class=\"s1\"><b><i class=\"fas fa-clock-o\"><\/i>\u00a0 \u00a02 P\u00e4iv\u00e4n toimitus<\/b><\/span><\/p>\n<p class=\"p1\"><span class=\"s1\"><i class=\"fas fa-check\"><\/i>\u00a0 \u00a0Tiedostomuodot: PDF<br \/>\n<i class=\"fas fa-check\"><\/i>\u00a0 \u00a05 Muokkauskierrosta<\/span><\/p>\n<\/div>\n<\/div>","protected":false},"featured_media":2856,"template":"","meta":{"site-sidebar-layout":"default","site-content-layout":"default","ast-site-content-layout":"default","site-content-style":"default","site-sidebar-style":"default","ast-global-header-display":"","ast-banner-title-visibility":"","ast-main-header-display":"","ast-hfb-above-header-display":"","ast-hfb-below-header-display":"","ast-hfb-mobile-header-display":"","site-post-title":"","ast-breadcrumbs-content":"","ast-featured-img":"","footer-sml-layout":"","ast-disable-related-posts":"","theme-transparent-header-meta":"default","adv-header-id-meta":"","stick-header-meta":"","header-above-stick-meta":"","header-main-stick-meta":"","header-below-stick-meta":"","astra-migrate-meta-layouts":"default","ast-page-background-enabled":"default","ast-page-background-meta":{"desktop":{"background-color":"","background-image":"","background-repeat":"repeat","background-position":"center center","background-size":"auto","background-attachment":"scroll","background-type":"","background-media":"","overlay-type":"","overlay-color":"","overlay-opacity":"","overlay-gradient":""},"tablet":{"background-color":"","background-image":"","background-repeat":"repeat","background-position":"center center","background-size":"auto","background-attachment":"scroll","background-type":"","background-media":"","overlay-type":"","overlay-color":"","overlay-opacity":"","overlay-gradient":""},"mobile":{"background-color":"","background-image":"","background-repeat":"repeat","background-position":"center center","background-size":"auto","background-attachment":"scroll","background-type":"","background-media":"","overlay-type":"","overlay-color":"","overlay-opacity":"","overlay-gradient":""}},"ast-content-background-meta":{"desktop":{"background-color":"var(--ast-global-color-5)","background-image":"","background-repeat":"repeat","background-position":"center center","background-size":"auto","background-attachment":"scroll","background-type":"","background-media":"","overlay-type":"","overlay-color":"","overlay-opacity":"","overlay-gradient":""},"tablet":{"background-color":"var(--ast-global-color-5)","background-image":"","background-repeat":"repeat","background-position":"center center","background-size":"auto","background-attachment":"scroll","background-type":"","background-media":"","overlay-type":"","overlay-color":"","overlay-opacity":"","overlay-gradient":""},"mobile":{"background-color":"var(--ast-global-color-5)","background-image":"","background-repeat":"repeat","background-position":"center center","background-size":"auto","background-attachment":"scroll","background-type":"","background-media":"","overlay-type":"","overlay-color":"","overlay-opacity":"","overlay-gradient":""}}},"product_brand":[],"product_cat":[103],"product_tag":[],"class_list":{"0":"post-2525","1":"product","2":"type-product","3":"status-publish","4":"has-post-thumbnail","6":"product_cat-painosuunnittelu","7":"desktop-align-left","8":"tablet-align-left","9":"mobile-align-left","11":"first","12":"instock","13":"sold-individually","14":"taxable","15":"shipping-taxable","16":"purchasable","17":"product-type-simple"},"_links":{"self":[{"href":"https:\/\/omagraafikko.fi\/en\/wp-json\/wp\/v2\/product\/2525","targetHints":{"allow":["GET"]}}],"collection":[{"href":"https:\/\/omagraafikko.fi\/en\/wp-json\/wp\/v2\/product"}],"about":[{"href":"https:\/\/omagraafikko.fi\/en\/wp-json\/wp\/v2\/types\/product"}],"wp:featuredmedia":[{"embeddable":true,"href":"https:\/\/omagraafikko.fi\/en\/wp-json\/wp\/v2\/media\/2856"}],"wp:attachment":[{"href":"https:\/\/omagraafikko.fi\/en\/wp-json\/wp\/v2\/media?parent=2525"}],"wp:term":[{"taxonomy":"product_brand","embeddable":true,"href":"https:\/\/omagraafikko.fi\/en\/wp-json\/wp\/v2\/product_brand?post=2525"},{"taxonomy":"product_cat","embeddable":true,"href":"https:\/\/omagraafikko.fi\/en\/wp-json\/wp\/v2\/product_cat?post=2525"},{"taxonomy":"product_tag","embeddable":true,"href":"https:\/\/omagraafikko.fi\/en\/wp-json\/wp\/v2\/product_tag?post=2525"}],"curies":[{"name":"wp","href":"https:\/\/api.w.org\/{rel}","templated":true}]}}