{"id":3618,"date":"2020-05-08T00:29:52","date_gmt":"2020-05-07T21:29:52","guid":{"rendered":"https:\/\/omagraafikko.fi\/?page_id=3618"},"modified":"2022-11-29T16:15:49","modified_gmt":"2022-11-29T14:15:49","slug":"blogi","status":"publish","type":"page","link":"https:\/\/omagraafikko.fi\/en\/blogi\/","title":{"rendered":"Blogi"},"content":{"rendered":"<div data-elementor-type=\"wp-page\" data-elementor-id=\"3618\" class=\"elementor elementor-3618\" data-elementor-post-type=\"page\">\n\t\t\t\t\t\t<section class=\"elementor-section elementor-top-section elementor-element elementor-element-46aa1610 elementor-section-content-middle elementor-section-boxed elementor-section-height-default elementor-section-height-default\" data-id=\"46aa1610\" data-element_type=\"section\" data-e-type=\"section\" data-settings=\"{&quot;background_background&quot;:&quot;classic&quot;}\">\n\t\t\t\t\t\t<div class=\"elementor-container elementor-column-gap-no\">\n\t\t\t\t\t<div class=\"elementor-column elementor-col-100 elementor-top-column elementor-element elementor-element-e23ded5\" data-id=\"e23ded5\" data-element_type=\"column\" data-e-type=\"column\">\n\t\t\t<div class=\"elementor-widget-wrap elementor-element-populated\">\n\t\t\t\t\t\t<section class=\"elementor-section elementor-inner-section elementor-element elementor-element-56d8fef1 elementor-section-boxed elementor-section-height-default elementor-section-height-default\" data-id=\"56d8fef1\" data-element_type=\"section\" data-e-type=\"section\">\n\t\t\t\t\t\t<div class=\"elementor-container elementor-column-gap-default\">\n\t\t\t\t\t<div class=\"elementor-column elementor-col-100 elementor-inner-column elementor-element elementor-element-3aa0ccb1\" data-id=\"3aa0ccb1\" data-element_type=\"column\" data-e-type=\"column\">\n\t\t\t<div class=\"elementor-widget-wrap elementor-element-populated\">\n\t\t\t\t\t\t<div class=\"elementor-element elementor-element-65a76527 elementor-widget elementor-widget-heading\" data-id=\"65a76527\" data-element_type=\"widget\" data-e-type=\"widget\" data-widget_type=\"heading.default\">\n\t\t\t\t<div class=\"elementor-widget-container\">\n\t\t\t\t\t<h4 class=\"elementor-heading-title elementor-size-default\">Blogi<\/h4>\t\t\t\t<\/div>\n\t\t\t\t<\/div>\n\t\t\t\t\t<\/div>\n\t\t<\/div>\n\t\t\t\t\t<\/div>\n\t\t<\/section>\n\t\t\t\t\t<\/div>\n\t\t<\/div>\n\t\t\t\t\t<\/div>\n\t\t<\/section>\n\t\t\t\t<section class=\"elementor-section elementor-top-section elementor-element elementor-element-1cccbed elementor-section-boxed elementor-section-height-default elementor-section-height-default\" data-id=\"1cccbed\" data-element_type=\"section\" data-e-type=\"section\">\n\t\t\t\t\t\t<div class=\"elementor-container elementor-column-gap-default\">\n\t\t\t\t\t<div class=\"elementor-column elementor-col-100 elementor-top-column elementor-element elementor-element-3b71840\" data-id=\"3b71840\" data-element_type=\"column\" data-e-type=\"column\">\n\t\t\t<div class=\"elementor-widget-wrap elementor-element-populated\">\n\t\t\t\t\t\t<div class=\"elementor-element elementor-element-8833235 elementor-grid-3 elementor-grid-tablet-2 elementor-grid-mobile-1 elementor-posts--thumbnail-top elementor-widget elementor-widget-posts\" data-id=\"8833235\" data-element_type=\"widget\" data-e-type=\"widget\" data-settings=\"{&quot;pagination_type&quot;:&quot;prev_next&quot;,&quot;classic_columns&quot;:&quot;3&quot;,&quot;classic_columns_tablet&quot;:&quot;2&quot;,&quot;classic_columns_mobile&quot;:&quot;1&quot;,&quot;classic_row_gap&quot;:{&quot;unit&quot;:&quot;px&quot;,&quot;size&quot;:35,&quot;sizes&quot;:[]},&quot;classic_row_gap_tablet&quot;:{&quot;unit&quot;:&quot;px&quot;,&quot;size&quot;:&quot;&quot;,&quot;sizes&quot;:[]},&quot;classic_row_gap_mobile&quot;:{&quot;unit&quot;:&quot;px&quot;,&quot;size&quot;:&quot;&quot;,&quot;sizes&quot;:[]}}\" data-widget_type=\"posts.classic\">\n\t\t\t\t<div class=\"elementor-widget-container\">\n\t\t\t\t\t\t\t<div class=\"elementor-posts-container elementor-posts elementor-posts--skin-classic elementor-grid\" role=\"list\">\n\t\t\t\t<article class=\"elementor-post elementor-grid-item post-15338 post type-post status-publish format-standard hentry category-blog tag-brandi tag-grafinen-suunnittelu tag-hyvinvointi tag-logodesign tag-ravintola\" role=\"listitem\">\n\t\t\t\t<div class=\"elementor-post__text\">\n\t\t\t\t<h3 class=\"elementor-post__title\">\n\t\t\t<a href=\"https:\/\/omagraafikko.fi\/en\/2026\/03\/09\/logon-hyvinvointi-checklist\/\" >\n\t\t\t\tLogon suunnittelu hyvinvointialalle: k\u00e4yt\u00e4nn\u00f6n checklist ravintola- ja kahvilayritt\u00e4j\u00e4lle ennen ostop\u00e4\u00e4t\u00f6st\u00e4\t\t\t<\/a>\n\t\t<\/h3>\n\t\t\t\t<div class=\"elementor-post__excerpt\">\n\t\t\t<p>Ennen kuin tilaat uuden logon wellness-ravintolallesi tai kahvilallesi, k\u00e4y l\u00e4pi t\u00e4m\u00e4 checklist\u2014k\u00e4yt\u00e4nn\u00f6n kriteerit tiedostoista ja v\u00e4rivalinnoista aina QR-menujen, painatusten ja asiakaskokemuksen vaikutuksiin.<\/p>\n\t\t<\/div>\n\t\t\n\t\t<a class=\"elementor-post__read-more\" href=\"https:\/\/omagraafikko.fi\/en\/2026\/03\/09\/logon-hyvinvointi-checklist\/\" aria-label=\"Read more about Logon suunnittelu hyvinvointialalle: k\u00e4yt\u00e4nn\u00f6n checklist ravintola- ja kahvilayritt\u00e4j\u00e4lle ennen ostop\u00e4\u00e4t\u00f6st\u00e4\" tabindex=\"-1\" >\n\t\t\tLue lis\u00e4\u00e4 \u00bb\t\t<\/a>\n\n\t\t\t\t<\/div>\n\t\t\t\t<\/article>\n\t\t\t\t<article class=\"elementor-post elementor-grid-item post-15331 post type-post status-publish format-standard hentry category-blog tag-brandi-ilme tag-graafinen-suunnittelu tag-logon-suunnittelu tag-yritysilme\" role=\"listitem\">\n\t\t\t\t<div class=\"elementor-post__text\">\n\t\t\t\t<h3 class=\"elementor-post__title\">\n\t\t\t<a href=\"https:\/\/omagraafikko.fi\/en\/2026\/03\/06\/logon-suunnittelu-yritykselle\/\" >\n\t\t\t\tLogon suunnittelu yritykselle: k\u00e4yt\u00e4nn\u00f6n opas ammattimaiseen br\u00e4ndiin\t\t\t<\/a>\n\t\t<\/h3>\n\t\t\t\t<div class=\"elementor-post__excerpt\">\n\t\t\t<p>Selke\u00e4, ammattimainen logo rakentaa uskottavuutta ja erottaa yrityksesi kilpailijoista. T\u00e4ss\u00e4 opas auttaa sinua valitsemaan, suunnittelemaan ja ostamaan logon yrityksellesi.<\/p>\n\t\t<\/div>\n\t\t\n\t\t<a class=\"elementor-post__read-more\" href=\"https:\/\/omagraafikko.fi\/en\/2026\/03\/06\/logon-suunnittelu-yritykselle\/\" aria-label=\"Read more about Logon suunnittelu yritykselle: k\u00e4yt\u00e4nn\u00f6n opas ammattimaiseen br\u00e4ndiin\" tabindex=\"-1\" >\n\t\t\tLue lis\u00e4\u00e4 \u00bb\t\t<\/a>\n\n\t\t\t\t<\/div>\n\t\t\t\t<\/article>\n\t\t\t\t<article class=\"elementor-post elementor-grid-item post-11368 post type-post status-publish format-standard has-post-thumbnail hentry category-blog tag-ekologinen-vaatebrandi tag-yrityksen-perustamis-ideat tag-yritys-2023 tag-yritysideat\" role=\"listitem\">\n\t\t\t\t<a class=\"elementor-post__thumbnail__link\" href=\"https:\/\/omagraafikko.fi\/en\/2023\/05\/17\/10-parasta-ideaa-oman-yrityksen-perustamiseen-vuonna-2023\/\" tabindex=\"-1\" >\n\t\t\t<div class=\"elementor-post__thumbnail\"><img fetchpriority=\"high\" decoding=\"async\" width=\"300\" height=\"251\" src=\"https:\/\/omagraafikko.fi\/wp-content\/uploads\/2023\/05\/20-parasta-ideaa-oman-yrityksen-perustamiseen-vuonna-2023.jpg\" class=\"attachment-medium size-medium wp-image-11372\" alt=\"\" srcset=\"https:\/\/omagraafikko.fi\/wp-content\/uploads\/2023\/05\/20-parasta-ideaa-oman-yrityksen-perustamiseen-vuonna-2023.jpg 300w, https:\/\/omagraafikko.fi\/wp-content\/uploads\/2023\/05\/20-parasta-ideaa-oman-yrityksen-perustamiseen-vuonna-2023-14x12.jpg 14w\" sizes=\"(max-width: 300px) 100vw, 300px\" \/><\/div>\n\t\t<\/a>\n\t\t\t\t<div class=\"elementor-post__text\">\n\t\t\t\t<h3 class=\"elementor-post__title\">\n\t\t\t<a href=\"https:\/\/omagraafikko.fi\/en\/2023\/05\/17\/10-parasta-ideaa-oman-yrityksen-perustamiseen-vuonna-2023\/\" >\n\t\t\t\t10 parasta ideaa oman yrityksen perustamiseen vuonna 2023\t\t\t<\/a>\n\t\t<\/h3>\n\t\t\t\t<div class=\"elementor-post__excerpt\">\n\t\t\t<p>Vuosi 2023 tarjoaa upeita mahdollisuuksia oman yrityksen perustamiseen. Jos haaveilet yritt\u00e4jyydest\u00e4 tai etsit uutta liikeideaa, t\u00e4ss\u00e4 artikkelissa esittelemme 20 parasta ideaa, jotka voivat olla menestyksen<\/p>\n\t\t<\/div>\n\t\t\n\t\t<a class=\"elementor-post__read-more\" href=\"https:\/\/omagraafikko.fi\/en\/2023\/05\/17\/10-parasta-ideaa-oman-yrityksen-perustamiseen-vuonna-2023\/\" aria-label=\"Read more about 10 parasta ideaa oman yrityksen perustamiseen vuonna 2023\" tabindex=\"-1\" >\n\t\t\tLue lis\u00e4\u00e4 \u00bb\t\t<\/a>\n\n\t\t\t\t<\/div>\n\t\t\t\t<\/article>\n\t\t\t\t<article class=\"elementor-post elementor-grid-item post-10678 post type-post status-publish format-standard has-post-thumbnail hentry category-blog\" role=\"listitem\">\n\t\t\t\t<a class=\"elementor-post__thumbnail__link\" href=\"https:\/\/omagraafikko.fi\/en\/2022\/12\/19\/mita-vaaditaan-pienyrityksen-verkkosivuilta-2\/\" tabindex=\"-1\" >\n\t\t\t<div class=\"elementor-post__thumbnail\"><img decoding=\"async\" width=\"300\" height=\"251\" src=\"https:\/\/omagraafikko.fi\/wp-content\/uploads\/2022\/12\/Mita-vaaditaan-pienyrityksen-verkkosivuilta-300x251.jpg\" class=\"attachment-medium size-medium wp-image-10680\" alt=\"\" srcset=\"https:\/\/omagraafikko.fi\/wp-content\/uploads\/2022\/12\/Mita-vaaditaan-pienyrityksen-verkkosivuilta-300x251.jpg 300w, https:\/\/omagraafikko.fi\/wp-content\/uploads\/2022\/12\/Mita-vaaditaan-pienyrityksen-verkkosivuilta-14x12.jpg 14w, https:\/\/omagraafikko.fi\/wp-content\/uploads\/2022\/12\/Mita-vaaditaan-pienyrityksen-verkkosivuilta.jpg 600w\" sizes=\"(max-width: 300px) 100vw, 300px\" \/><\/div>\n\t\t<\/a>\n\t\t\t\t<div class=\"elementor-post__text\">\n\t\t\t\t<h3 class=\"elementor-post__title\">\n\t\t\t<a href=\"https:\/\/omagraafikko.fi\/en\/2022\/12\/19\/mita-vaaditaan-pienyrityksen-verkkosivuilta-2\/\" >\n\t\t\t\tMit\u00e4 vaaditaan pienyrityksen verkkosivuilta?\t\t\t<\/a>\n\t\t<\/h3>\n\t\t\t\t<div class=\"elementor-post__excerpt\">\n\t\t\t<p>Haluaisitko luoda verkkosivut pienyrityksellesi? Tuntuuko, ett\u00e4 sinulla on paljon ideoita, mutta et oikein tied\u00e4 mist\u00e4 aloittaa tai miten koota niist\u00e4 yksi yhten\u00e4inen kokonaisuus? Sivuston on<\/p>\n\t\t<\/div>\n\t\t\n\t\t<a class=\"elementor-post__read-more\" href=\"https:\/\/omagraafikko.fi\/en\/2022\/12\/19\/mita-vaaditaan-pienyrityksen-verkkosivuilta-2\/\" aria-label=\"Read more about Mit\u00e4 vaaditaan pienyrityksen verkkosivuilta?\" tabindex=\"-1\" >\n\t\t\tLue lis\u00e4\u00e4 \u00bb\t\t<\/a>\n\n\t\t\t\t<\/div>\n\t\t\t\t<\/article>\n\t\t\t\t<article class=\"elementor-post elementor-grid-item post-10544 post type-post status-publish format-standard has-post-thumbnail hentry category-blog\" role=\"listitem\">\n\t\t\t\t<a class=\"elementor-post__thumbnail__link\" href=\"https:\/\/omagraafikko.fi\/en\/2022\/12\/08\/kirjan-kannet-ovat-kirjan-myyntipakkaus\/\" tabindex=\"-1\" >\n\t\t\t<div class=\"elementor-post__thumbnail\"><img decoding=\"async\" width=\"300\" height=\"251\" src=\"https:\/\/omagraafikko.fi\/wp-content\/uploads\/2022\/12\/Kirjan-kannet-ovat-kirjan-myyntipakkaus-300x251.jpg\" class=\"attachment-medium size-medium wp-image-10546\" alt=\"\" srcset=\"https:\/\/omagraafikko.fi\/wp-content\/uploads\/2022\/12\/Kirjan-kannet-ovat-kirjan-myyntipakkaus-300x251.jpg 300w, https:\/\/omagraafikko.fi\/wp-content\/uploads\/2022\/12\/Kirjan-kannet-ovat-kirjan-myyntipakkaus-14x12.jpg 14w, https:\/\/omagraafikko.fi\/wp-content\/uploads\/2022\/12\/Kirjan-kannet-ovat-kirjan-myyntipakkaus-600x502.jpg 600w, https:\/\/omagraafikko.fi\/wp-content\/uploads\/2022\/12\/Kirjan-kannet-ovat-kirjan-myyntipakkaus.jpg 700w\" sizes=\"(max-width: 300px) 100vw, 300px\" \/><\/div>\n\t\t<\/a>\n\t\t\t\t<div class=\"elementor-post__text\">\n\t\t\t\t<h3 class=\"elementor-post__title\">\n\t\t\t<a href=\"https:\/\/omagraafikko.fi\/en\/2022\/12\/08\/kirjan-kannet-ovat-kirjan-myyntipakkaus\/\" >\n\t\t\t\tKirjan kannet ovat kirjan myyntipakkaus\t\t\t<\/a>\n\t\t<\/h3>\n\t\t\t\t<div class=\"elementor-post__excerpt\">\n\t\t\t<p>Lukeminen on aina ollut suosittu harrastus, mutta parin viimeisen vuoden aikana sen suosio on kasvanut entisest\u00e4\u00e4n. Pandemia oli yksi vaikuttavista tekij\u00f6ist\u00e4, mutta moni muukin asia<\/p>\n\t\t<\/div>\n\t\t\n\t\t<a class=\"elementor-post__read-more\" href=\"https:\/\/omagraafikko.fi\/en\/2022\/12\/08\/kirjan-kannet-ovat-kirjan-myyntipakkaus\/\" aria-label=\"Read more about Kirjan kannet ovat kirjan myyntipakkaus\" tabindex=\"-1\" >\n\t\t\tLue lis\u00e4\u00e4 \u00bb\t\t<\/a>\n\n\t\t\t\t<\/div>\n\t\t\t\t<\/article>\n\t\t\t\t<article class=\"elementor-post elementor-grid-item post-10426 post type-post status-publish format-standard has-post-thumbnail hentry category-blog\" role=\"listitem\">\n\t\t\t\t<a class=\"elementor-post__thumbnail__link\" href=\"https:\/\/omagraafikko.fi\/en\/2022\/12\/01\/uudenlaisilla-myyntipakkauksilla-vahennetaan-jatteiden-maaraa\/\" tabindex=\"-1\" >\n\t\t\t<div class=\"elementor-post__thumbnail\"><img loading=\"lazy\" decoding=\"async\" width=\"300\" height=\"251\" src=\"https:\/\/omagraafikko.fi\/wp-content\/uploads\/2022\/12\/Uudenlaisilla-myyntipakkauksilla-vahennetaan-jatteiden-maaraa-300x251.jpg\" class=\"attachment-medium size-medium wp-image-10428\" alt=\"\" srcset=\"https:\/\/omagraafikko.fi\/wp-content\/uploads\/2022\/12\/Uudenlaisilla-myyntipakkauksilla-vahennetaan-jatteiden-maaraa-300x251.jpg 300w, https:\/\/omagraafikko.fi\/wp-content\/uploads\/2022\/12\/Uudenlaisilla-myyntipakkauksilla-vahennetaan-jatteiden-maaraa-14x12.jpg 14w, https:\/\/omagraafikko.fi\/wp-content\/uploads\/2022\/12\/Uudenlaisilla-myyntipakkauksilla-vahennetaan-jatteiden-maaraa-600x502.jpg 600w, https:\/\/omagraafikko.fi\/wp-content\/uploads\/2022\/12\/Uudenlaisilla-myyntipakkauksilla-vahennetaan-jatteiden-maaraa.jpg 700w\" sizes=\"(max-width: 300px) 100vw, 300px\" \/><\/div>\n\t\t<\/a>\n\t\t\t\t<div class=\"elementor-post__text\">\n\t\t\t\t<h3 class=\"elementor-post__title\">\n\t\t\t<a href=\"https:\/\/omagraafikko.fi\/en\/2022\/12\/01\/uudenlaisilla-myyntipakkauksilla-vahennetaan-jatteiden-maaraa\/\" >\n\t\t\t\tUudenlaisilla myyntipakkauksilla v\u00e4hennet\u00e4\u00e4n j\u00e4tteiden m\u00e4\u00e4r\u00e4\u00e4\t\t\t<\/a>\n\t\t<\/h3>\n\t\t\t\t<div class=\"elementor-post__excerpt\">\n\t\t\t<p>Ilmastonmuutos ja tavoite j\u00e4tteiden v\u00e4hent\u00e4misest\u00e4 on saanut monet yritykset miettim\u00e4\u00e4n uudelleen pakkaustensa rakennetta ja mahdollista uudelleenk\u00e4ytett\u00e4vyytt\u00e4. Verkkokaupat ovat esimerkiksi siirtyneet k\u00e4ytt\u00e4m\u00e4\u00e4n pienemmiss\u00e4 toimituksissa paperipusseja muovisten<\/p>\n\t\t<\/div>\n\t\t\n\t\t<a class=\"elementor-post__read-more\" href=\"https:\/\/omagraafikko.fi\/en\/2022\/12\/01\/uudenlaisilla-myyntipakkauksilla-vahennetaan-jatteiden-maaraa\/\" aria-label=\"Read more about Uudenlaisilla myyntipakkauksilla v\u00e4hennet\u00e4\u00e4n j\u00e4tteiden m\u00e4\u00e4r\u00e4\u00e4\" tabindex=\"-1\" >\n\t\t\tLue lis\u00e4\u00e4 \u00bb\t\t<\/a>\n\n\t\t\t\t<\/div>\n\t\t\t\t<\/article>\n\t\t\t\t<article class=\"elementor-post elementor-grid-item post-9488 post type-post status-publish format-standard has-post-thumbnail hentry category-blog tag-brandi tag-graafikko tag-graafinen-suunnittelu tag-graafisen-suunnittelun-palveluita tag-kayntikortin-suunnittelu tag-kayntikortti\" role=\"listitem\">\n\t\t\t\t<a class=\"elementor-post__thumbnail__link\" href=\"https:\/\/omagraafikko.fi\/en\/2022\/11\/23\/mita-kayntikorttisi-kertoo-sinusta\/\" tabindex=\"-1\" >\n\t\t\t<div class=\"elementor-post__thumbnail\"><img loading=\"lazy\" decoding=\"async\" width=\"300\" height=\"251\" src=\"https:\/\/omagraafikko.fi\/wp-content\/uploads\/2022\/11\/Mita\u0308-ka\u0308yntikorttisi-kertoo-sinusta-300x251.jpg\" class=\"attachment-medium size-medium wp-image-9491\" alt=\"\" srcset=\"https:\/\/omagraafikko.fi\/wp-content\/uploads\/2022\/11\/Mita\u0308-ka\u0308yntikorttisi-kertoo-sinusta-300x251.jpg 300w, https:\/\/omagraafikko.fi\/wp-content\/uploads\/2022\/11\/Mita\u0308-ka\u0308yntikorttisi-kertoo-sinusta-600x502.jpg 600w, https:\/\/omagraafikko.fi\/wp-content\/uploads\/2022\/11\/Mita\u0308-ka\u0308yntikorttisi-kertoo-sinusta.jpg 700w\" sizes=\"(max-width: 300px) 100vw, 300px\" \/><\/div>\n\t\t<\/a>\n\t\t\t\t<div class=\"elementor-post__text\">\n\t\t\t\t<h3 class=\"elementor-post__title\">\n\t\t\t<a href=\"https:\/\/omagraafikko.fi\/en\/2022\/11\/23\/mita-kayntikorttisi-kertoo-sinusta\/\" >\n\t\t\t\tMit\u00e4 k\u00e4yntikorttisi kertoo sinusta?\t\t\t<\/a>\n\t\t<\/h3>\n\t\t\t\t<div class=\"elementor-post__excerpt\">\n\t\t\t<p>K\u00e4yntikorttien minimitarkoitus on helpottaa ihmisten yhteydenottoa, mutta ne voivat tehd\u00e4 paljon muutakin. K\u00e4yntikorttisi voi br\u00e4ndity\u00f6kaluna vaikuttaa pysyv\u00e4sti siihen, mit\u00e4 ihmiset ajattelevat sinusta, varsinkin jos se<\/p>\n\t\t<\/div>\n\t\t\n\t\t<a class=\"elementor-post__read-more\" href=\"https:\/\/omagraafikko.fi\/en\/2022\/11\/23\/mita-kayntikorttisi-kertoo-sinusta\/\" aria-label=\"Read more about Mit\u00e4 k\u00e4yntikorttisi kertoo sinusta?\" tabindex=\"-1\" >\n\t\t\tLue lis\u00e4\u00e4 \u00bb\t\t<\/a>\n\n\t\t\t\t<\/div>\n\t\t\t\t<\/article>\n\t\t\t\t<article class=\"elementor-post elementor-grid-item post-9462 post type-post status-publish format-standard has-post-thumbnail hentry category-blog tag-etiketin-suunnittelu tag-etiketti tag-etikettia tag-graafinen-suunnittelu tag-graafisen-suunnittelun-palveluita tag-myyntipakkauksen tag-myyntipakkauksen-etiketti tag-myyntipakkaus\" role=\"listitem\">\n\t\t\t\t<a class=\"elementor-post__thumbnail__link\" href=\"https:\/\/omagraafikko.fi\/en\/2022\/11\/19\/viimeistele-myyntipakkauksen-houkutteleva-ilme-etiketilla\/\" tabindex=\"-1\" >\n\t\t\t<div class=\"elementor-post__thumbnail\"><img loading=\"lazy\" decoding=\"async\" width=\"300\" height=\"251\" src=\"https:\/\/omagraafikko.fi\/wp-content\/uploads\/2022\/11\/Viimeistele-myyntipakkauksen-houkutteleva-ilme-etiketilla\u0308-300x251.jpg\" class=\"attachment-medium size-medium wp-image-9464\" alt=\"\" srcset=\"https:\/\/omagraafikko.fi\/wp-content\/uploads\/2022\/11\/Viimeistele-myyntipakkauksen-houkutteleva-ilme-etiketilla\u0308-300x251.jpg 300w, https:\/\/omagraafikko.fi\/wp-content\/uploads\/2022\/11\/Viimeistele-myyntipakkauksen-houkutteleva-ilme-etiketilla\u0308-600x502.jpg 600w, https:\/\/omagraafikko.fi\/wp-content\/uploads\/2022\/11\/Viimeistele-myyntipakkauksen-houkutteleva-ilme-etiketilla\u0308.jpg 700w\" sizes=\"(max-width: 300px) 100vw, 300px\" \/><\/div>\n\t\t<\/a>\n\t\t\t\t<div class=\"elementor-post__text\">\n\t\t\t\t<h3 class=\"elementor-post__title\">\n\t\t\t<a href=\"https:\/\/omagraafikko.fi\/en\/2022\/11\/19\/viimeistele-myyntipakkauksen-houkutteleva-ilme-etiketilla\/\" >\n\t\t\t\tViimeistele myyntipakkauksen houkutteleva ilme etiketill\u00e4\t\t\t<\/a>\n\t\t<\/h3>\n\t\t\t\t<div class=\"elementor-post__excerpt\">\n\t\t\t<p>Myyntipakkausten tarkoituksena on saada tuotteesta houkuttelevan n\u00e4k\u00f6inen, jotta asiakas huomaa sen ja ostaa tuotteen, my\u00f6s silloin kun tuote on lasi tai muovipakkauksessa. Mutta on my\u00f6s<\/p>\n\t\t<\/div>\n\t\t\n\t\t<a class=\"elementor-post__read-more\" href=\"https:\/\/omagraafikko.fi\/en\/2022\/11\/19\/viimeistele-myyntipakkauksen-houkutteleva-ilme-etiketilla\/\" aria-label=\"Read more about Viimeistele myyntipakkauksen houkutteleva ilme etiketill\u00e4\" tabindex=\"-1\" >\n\t\t\tLue lis\u00e4\u00e4 \u00bb\t\t<\/a>\n\n\t\t\t\t<\/div>\n\t\t\t\t<\/article>\n\t\t\t\t<article class=\"elementor-post elementor-grid-item post-9448 post type-post status-publish format-standard has-post-thumbnail hentry category-blog tag-animoidut-logot tag-animoitu-logo tag-graafinen-suunnittelu tag-logo tag-logo-animaatio tag-logon-animointi tag-logon-suunnittelu tag-logot\" role=\"listitem\">\n\t\t\t\t<a class=\"elementor-post__thumbnail__link\" href=\"https:\/\/omagraafikko.fi\/en\/2022\/11\/18\/sopisiko-animoitu-logo-yrityksellesi\/\" tabindex=\"-1\" >\n\t\t\t<div class=\"elementor-post__thumbnail\"><img loading=\"lazy\" decoding=\"async\" width=\"300\" height=\"169\" src=\"https:\/\/omagraafikko.fi\/wp-content\/uploads\/2022\/11\/2f2fc6b0-96b7-4bf7-812a-dcaa8c6ce3d62-300x169.gif\" class=\"attachment-medium size-medium wp-image-9451\" alt=\"\" \/><\/div>\n\t\t<\/a>\n\t\t\t\t<div class=\"elementor-post__text\">\n\t\t\t\t<h3 class=\"elementor-post__title\">\n\t\t\t<a href=\"https:\/\/omagraafikko.fi\/en\/2022\/11\/18\/sopisiko-animoitu-logo-yrityksellesi\/\" >\n\t\t\t\tSopisiko animoitu logo yrityksellesi?\t\t\t<\/a>\n\t\t<\/h3>\n\t\t\t\t<div class=\"elementor-post__excerpt\">\n\t\t\t<p>Logojen on tarkoitus olla hauskoja, huomiota her\u00e4tt\u00e4vi\u00e4 ja mieleenpainuvia. Siksi animoidut logot sopivatkin t\u00e4ydellisesti juuri t\u00e4h\u00e4n p\u00e4iv\u00e4\u00e4n. Logot ovat olleet liikkumattomia yli sadan vuoden ajan,<\/p>\n\t\t<\/div>\n\t\t\n\t\t<a class=\"elementor-post__read-more\" href=\"https:\/\/omagraafikko.fi\/en\/2022\/11\/18\/sopisiko-animoitu-logo-yrityksellesi\/\" aria-label=\"Read more about Sopisiko animoitu logo yrityksellesi?\" tabindex=\"-1\" >\n\t\t\tLue lis\u00e4\u00e4 \u00bb\t\t<\/a>\n\n\t\t\t\t<\/div>\n\t\t\t\t<\/article>\n\t\t\t\t<\/div>\n\t\t\n\t\t\t\t<div class=\"e-load-more-anchor\" data-page=\"1\" data-max-page=\"9\" data-next-page=\"https:\/\/omagraafikko.fi\/en\/wp-json\/wp\/v2\/pages\/3618\/page\/2\/\"><\/div>\n\t\t\t\t<nav class=\"elementor-pagination\" aria-label=\"Pagination\">\n\t\t\t<span class=\"page-numbers prev\">&laquo; Edellinen<\/span>\n<a class=\"page-numbers next\" href=\"https:\/\/omagraafikko.fi\/en\/wp-json\/wp\/v2\/pages\/3618\/page\/2\/\">Seuraava &raquo;<\/a>\t\t<\/nav>\n\t\t\t\t\t\t<\/div>\n\t\t\t\t<\/div>\n\t\t\t\t\t<\/div>\n\t\t<\/div>\n\t\t\t\t\t<\/div>\n\t\t<\/section>\n\t\t\t\t<\/div>","protected":false},"excerpt":{"rendered":"<p>Blogi<\/p>","protected":false},"author":27,"featured_media":0,"parent":0,"menu_order":0,"comment_status":"closed","ping_status":"closed","template":"","meta":{"site-sidebar-layout":"no-sidebar","site-content-layout":"page-builder","ast-site-content-layout":"default","site-content-style":"default","site-sidebar-style":"default","ast-global-header-display":"","ast-banner-title-visibility":"","ast-main-header-display":"","ast-hfb-above-header-display":"","ast-hfb-below-header-display":"","ast-hfb-mobile-header-display":"","site-post-title":"disabled","ast-breadcrumbs-content":"","ast-featured-img":"disabled","footer-sml-layout":"","ast-disable-related-posts":"","theme-transparent-header-meta":"default","adv-header-id-meta":"","stick-header-meta":"","header-above-stick-meta":"","header-main-stick-meta":"","header-below-stick-meta":"","astra-migrate-meta-layouts":"default","ast-page-background-enabled":"default","ast-page-background-meta":{"desktop":{"background-color":"","background-image":"","background-repeat":"repeat","background-position":"center center","background-size":"auto","background-attachment":"scroll","background-type":"","background-media":"","overlay-type":"","overlay-color":"","overlay-opacity":"","overlay-gradient":""},"tablet":{"background-color":"","background-image":"","background-repeat":"repeat","background-position":"center center","background-size":"auto","background-attachment":"scroll","background-type":"","background-media":"","overlay-type":"","overlay-color":"","overlay-opacity":"","overlay-gradient":""},"mobile":{"background-color":"","background-image":"","background-repeat":"repeat","background-position":"center center","background-size":"auto","background-attachment":"scroll","background-type":"","background-media":"","overlay-type":"","overlay-color":"","overlay-opacity":"","overlay-gradient":""}},"ast-content-background-meta":{"desktop":{"background-color":"var(--ast-global-color-5)","background-image":"","background-repeat":"repeat","background-position":"center center","background-size":"auto","background-attachment":"scroll","background-type":"","background-media":"","overlay-type":"","overlay-color":"","overlay-opacity":"","overlay-gradient":""},"tablet":{"background-color":"var(--ast-global-color-5)","background-image":"","background-repeat":"repeat","background-position":"center center","background-size":"auto","background-attachment":"scroll","background-type":"","background-media":"","overlay-type":"","overlay-color":"","overlay-opacity":"","overlay-gradient":""},"mobile":{"background-color":"var(--ast-global-color-5)","background-image":"","background-repeat":"repeat","background-position":"center center","background-size":"auto","background-attachment":"scroll","background-type":"","background-media":"","overlay-type":"","overlay-color":"","overlay-opacity":"","overlay-gradient":""}},"footnotes":""},"class_list":["post-3618","page","type-page","status-publish","hentry"],"_links":{"self":[{"href":"https:\/\/omagraafikko.fi\/en\/wp-json\/wp\/v2\/pages\/3618","targetHints":{"allow":["GET"]}}],"collection":[{"href":"https:\/\/omagraafikko.fi\/en\/wp-json\/wp\/v2\/pages"}],"about":[{"href":"https:\/\/omagraafikko.fi\/en\/wp-json\/wp\/v2\/types\/page"}],"author":[{"embeddable":true,"href":"https:\/\/omagraafikko.fi\/en\/wp-json\/wp\/v2\/users\/27"}],"replies":[{"embeddable":true,"href":"https:\/\/omagraafikko.fi\/en\/wp-json\/wp\/v2\/comments?post=3618"}],"version-history":[{"count":12,"href":"https:\/\/omagraafikko.fi\/en\/wp-json\/wp\/v2\/pages\/3618\/revisions"}],"predecessor-version":[{"id":8065,"href":"https:\/\/omagraafikko.fi\/en\/wp-json\/wp\/v2\/pages\/3618\/revisions\/8065"}],"wp:attachment":[{"href":"https:\/\/omagraafikko.fi\/en\/wp-json\/wp\/v2\/media?parent=3618"}],"curies":[{"name":"wp","href":"https:\/\/api.w.org\/{rel}","templated":true}]}}