{"id":3471,"date":"2020-04-24T00:19:59","date_gmt":"2020-04-23T21:19:59","guid":{"rendered":"https:\/\/omagraafikko.fi\/?page_id=3471"},"modified":"2020-04-24T09:55:13","modified_gmt":"2020-04-24T06:55:13","slug":"kotisivujen-verkkoskaupan-sopimus","status":"publish","type":"page","link":"https:\/\/omagraafikko.fi\/en\/kotisivujen-verkkoskaupan-sopimus\/","title":{"rendered":"verkkosivujen Sopimus"},"content":{"rendered":"<div data-elementor-type=\"wp-page\" data-elementor-id=\"3471\" class=\"elementor elementor-3471\" data-elementor-post-type=\"page\">\n\t\t\t\t\t\t<section class=\"elementor-section elementor-top-section elementor-element elementor-element-1a9f23b3 elementor-section-boxed elementor-section-height-default elementor-section-height-default\" data-id=\"1a9f23b3\" data-element_type=\"section\" data-e-type=\"section\">\n\t\t\t\t\t\t<div class=\"elementor-container elementor-column-gap-default\">\n\t\t\t\t\t<div class=\"elementor-column elementor-col-100 elementor-top-column elementor-element elementor-element-3d87b4d6\" data-id=\"3d87b4d6\" data-element_type=\"column\" data-e-type=\"column\">\n\t\t\t<div class=\"elementor-widget-wrap elementor-element-populated\">\n\t\t\t\t\t\t<div class=\"elementor-element elementor-element-6a458fef elementor-widget elementor-widget-text-editor\" data-id=\"6a458fef\" data-element_type=\"widget\" data-e-type=\"widget\" data-widget_type=\"text-editor.default\">\n\t\t\t\t<div class=\"elementor-widget-container\">\n\t\t\t\t\t\t\t\t\t<p><strong>KOTISIVUJEN\/VERKKOSKAUPAN SOPIMUS- JA TOIMITUSEHDOT<\/strong><\/p><p>Asiakkaalle esitet\u00e4\u00e4n yksi ehdotus kotisivujen rakenteesta, ulkoasusta ja toiminnallisuudesta, jota muokataan asiakkaan toiveiden ja tarpeiden mukaan. Tarvittaessa tehd\u00e4\u00e4n useampia ehdotuksia. Asiakkaan hyv\u00e4ksyess\u00e4 lopullisen ehdotuksen, on se molempia osapuolia sitova. Mik\u00e4li tuotantovaiheessa tai sivujen valmistumisen j\u00e4lkeen halutaan muutoksia rakenteeseen, ulkoasuun tai toiminnallisuuteen, on niist\u00e4 sovittava erikseen.<\/p><p><strong>Julkaisu<\/strong><br \/>Kotisivut julkaistaan, kun tarjouksen mukainen suunnitteluty\u00f6 on valmis, mik\u00e4li asiasta ei sovita muutoin. Kotisivut tuotetaan siten, ett\u00e4 ne ovat kokoajan n\u00e4ht\u00e4vill\u00e4 Internetiss\u00e4, mik\u00e4li asiakas ei erikseen ilmoita, ett\u00e4 niiden tulee olla piilotettuna erikseen sovittavaan julkaisuajankohtaan asti.\u00a0<\/p><p><b>Yll\u00e4pidon laskutus<br \/><\/b><span style=\"font-size: 15px;\">Verkkosivusto yll\u00e4pito laskutetaan kokonaisuudessaan vuosimaksuna, kun kotisivut on julkaistu tai kun kotisivujen lopullinen luonnos on hyv\u00e4ksytty. <\/span><\/p><p><span style=\"font-size: 15px;\">Ensimm\u00e4isen laskutuskauden j\u00e4lkeen yll\u00e4pito jatkuu toistaiseksi voimassa olevalla sopimuksella.\u00a0<\/span><span style=\"font-size: 15px;\">Yll\u00e4pidon irtisanomisaika on kolme kuukautta seuraavan kuukauden ensimm\u00e4isest\u00e4 p\u00e4iv\u00e4st\u00e4 l\u00e4htien.\u00a0<\/span><\/p><p><b>Sis\u00e4lt\u00f6vastuu<br \/><\/b>Asiakas vastaa itse tuottamastaan sis\u00e4ll\u00f6st\u00e4, sis\u00e4ll\u00f6n oikeellisuudesta, k\u00e4ytt\u00f6- ja tekij\u00e4inoikeuksista ja lainmukaisuudesta. Asiakas vastaa aina itse tekemist\u00e4\u00e4n muokkauksista ja p\u00e4ivityksist\u00e4 ja\u00a0on velvollinen tarkistamaan asiasis\u00e4ll\u00f6n oikeellisuus.<\/p><p><b>Muut ehdot<br \/><\/b>Toimittajalla on oikeus kaikkiin tekemiins\u00e4 graafisiin elementteihin, sek\u00e4 sis\u00e4lt\u00f6\u00f6n.\u00a0<br \/>Omagraaafikolla on oikeus k\u00e4ytt\u00e4\u00e4 kotisivuja referenssin\u00e4, ellei asiakas sit\u00e4 erikseen kirjallisesti kiell\u00e4.<br \/>Omagraafikolla on oikeus muuttaa palvelun hinnoittelua sek\u00e4 maksuperustetta. Muutokset astuvat voimaan aina seuraavan laskutuskauden alussa. Asiakasta koskevat hinnanmuutokset ilmoitetaan ennen voimaanastumista.\u00a0 Lains\u00e4\u00e4d\u00e4nn\u00f6llisist\u00e4 tai verotuksellisista syist\u00e4 aiheutuvat hinnanmuutokset astuvat voimaan v\u00e4litt\u00f6m\u00e4sti.<\/p><p><strong>Erimielisyydet<br \/><\/strong>T\u00e4h\u00e4n sopimukseen sovelletaan Suomen lakia. T\u00e4st\u00e4 sopimuksesta johtuvat erimielisyydet ja riitaisuudet pyrit\u00e4\u00e4n ratkaisemaan osapuolten v\u00e4lisin neuvotteluin. Mik\u00e4li neuvottelu ei johda osapuolia tyydytt\u00e4v\u00e4\u00e4n tulokseen, ratkaistaan erimielisyydet Vantaan k\u00e4r\u00e4j\u00e4oikeudessa.<\/p><p>\u00a0<\/p>\t\t\t\t\t\t\t\t<\/div>\n\t\t\t\t<\/div>\n\t\t\t\t\t<\/div>\n\t\t<\/div>\n\t\t\t\t\t<\/div>\n\t\t<\/section>\n\t\t\t\t<\/div>","protected":false},"excerpt":{"rendered":"<p>KOTISIVUJEN\/VERKKOSKAUPAN SOPIMUS- JA TOIMITUSEHDOT Asiakkaalle esitet\u00e4\u00e4n yksi ehdotus kotisivujen rakenteesta, ulkoasusta ja toiminnallisuudesta, jota muokataan asiakkaan toiveiden ja tarpeiden mukaan. Tarvittaessa tehd\u00e4\u00e4n useampia ehdotuksia. Asiakkaan hyv\u00e4ksyess\u00e4 lopullisen ehdotuksen, on se molempia osapuolia sitova. Mik\u00e4li tuotantovaiheessa tai sivujen valmistumisen j\u00e4lkeen halutaan muutoksia rakenteeseen, ulkoasuun tai toiminnallisuuteen, on niist\u00e4 sovittava erikseen. JulkaisuKotisivut julkaistaan, kun tarjouksen mukainen suunnitteluty\u00f6 [&hellip;]<\/p>\n","protected":false},"author":27,"featured_media":0,"parent":0,"menu_order":0,"comment_status":"closed","ping_status":"closed","template":"","meta":{"site-sidebar-layout":"no-sidebar","site-content-layout":"page-builder","ast-site-content-layout":"default","site-content-style":"default","site-sidebar-style":"default","ast-global-header-display":"","ast-banner-title-visibility":"","ast-main-header-display":"","ast-hfb-above-header-display":"","ast-hfb-below-header-display":"","ast-hfb-mobile-header-display":"","site-post-title":"disabled","ast-breadcrumbs-content":"","ast-featured-img":"disabled","footer-sml-layout":"","ast-disable-related-posts":"","theme-transparent-header-meta":"default","adv-header-id-meta":"","stick-header-meta":"","header-above-stick-meta":"","header-main-stick-meta":"","header-below-stick-meta":"","astra-migrate-meta-layouts":"default","ast-page-background-enabled":"default","ast-page-background-meta":{"desktop":{"background-color":"","background-image":"","background-repeat":"repeat","background-position":"center center","background-size":"auto","background-attachment":"scroll","background-type":"","background-media":"","overlay-type":"","overlay-color":"","overlay-opacity":"","overlay-gradient":""},"tablet":{"background-color":"","background-image":"","background-repeat":"repeat","background-position":"center center","background-size":"auto","background-attachment":"scroll","background-type":"","background-media":"","overlay-type":"","overlay-color":"","overlay-opacity":"","overlay-gradient":""},"mobile":{"background-color":"","background-image":"","background-repeat":"repeat","background-position":"center center","background-size":"auto","background-attachment":"scroll","background-type":"","background-media":"","overlay-type":"","overlay-color":"","overlay-opacity":"","overlay-gradient":""}},"ast-content-background-meta":{"desktop":{"background-color":"var(--ast-global-color-5)","background-image":"","background-repeat":"repeat","background-position":"center center","background-size":"auto","background-attachment":"scroll","background-type":"","background-media":"","overlay-type":"","overlay-color":"","overlay-opacity":"","overlay-gradient":""},"tablet":{"background-color":"var(--ast-global-color-5)","background-image":"","background-repeat":"repeat","background-position":"center center","background-size":"auto","background-attachment":"scroll","background-type":"","background-media":"","overlay-type":"","overlay-color":"","overlay-opacity":"","overlay-gradient":""},"mobile":{"background-color":"var(--ast-global-color-5)","background-image":"","background-repeat":"repeat","background-position":"center center","background-size":"auto","background-attachment":"scroll","background-type":"","background-media":"","overlay-type":"","overlay-color":"","overlay-opacity":"","overlay-gradient":""}},"footnotes":""},"class_list":["post-3471","page","type-page","status-publish","hentry"],"_links":{"self":[{"href":"https:\/\/omagraafikko.fi\/en\/wp-json\/wp\/v2\/pages\/3471","targetHints":{"allow":["GET"]}}],"collection":[{"href":"https:\/\/omagraafikko.fi\/en\/wp-json\/wp\/v2\/pages"}],"about":[{"href":"https:\/\/omagraafikko.fi\/en\/wp-json\/wp\/v2\/types\/page"}],"author":[{"embeddable":true,"href":"https:\/\/omagraafikko.fi\/en\/wp-json\/wp\/v2\/users\/27"}],"replies":[{"embeddable":true,"href":"https:\/\/omagraafikko.fi\/en\/wp-json\/wp\/v2\/comments?post=3471"}],"version-history":[{"count":10,"href":"https:\/\/omagraafikko.fi\/en\/wp-json\/wp\/v2\/pages\/3471\/revisions"}],"predecessor-version":[{"id":3491,"href":"https:\/\/omagraafikko.fi\/en\/wp-json\/wp\/v2\/pages\/3471\/revisions\/3491"}],"wp:attachment":[{"href":"https:\/\/omagraafikko.fi\/en\/wp-json\/wp\/v2\/media?parent=3471"}],"curies":[{"name":"wp","href":"https:\/\/api.w.org\/{rel}","templated":true}]}}