{"id":1696,"date":"2019-05-24T14:10:33","date_gmt":"2019-05-24T11:10:33","guid":{"rendered":"https:\/\/omagraafikko.fi\/?page_id=1696"},"modified":"2023-10-02T16:31:13","modified_gmt":"2023-10-02T13:31:13","slug":"toimitusehdot","status":"publish","type":"page","link":"https:\/\/omagraafikko.fi\/en\/toimitusehdot\/","title":{"rendered":"Toimitusehdot"},"content":{"rendered":"<div data-elementor-type=\"wp-post\" data-elementor-id=\"1696\" class=\"elementor elementor-1696\" data-elementor-post-type=\"page\">\n\t\t\t\t\t\t<section class=\"elementor-section elementor-top-section elementor-element elementor-element-3739d8f0 elementor-section-boxed elementor-section-height-default elementor-section-height-default\" data-id=\"3739d8f0\" data-element_type=\"section\" data-e-type=\"section\">\n\t\t\t\t\t\t<div class=\"elementor-container elementor-column-gap-default\">\n\t\t\t\t\t<div class=\"elementor-column elementor-col-100 elementor-top-column elementor-element elementor-element-4ba1eb02\" data-id=\"4ba1eb02\" data-element_type=\"column\" data-e-type=\"column\">\n\t\t\t<div class=\"elementor-widget-wrap elementor-element-populated\">\n\t\t\t\t\t\t<div class=\"elementor-element elementor-element-24790adf elementor-widget elementor-widget-text-editor\" data-id=\"24790adf\" data-element_type=\"widget\" data-e-type=\"widget\" data-widget_type=\"text-editor.default\">\n\t\t\t\t<div class=\"elementor-widget-container\">\n\t\t\t\t\t\t\t\t\t<h3>\u00a0<\/h3><h3>\u00a0<\/h3><h3>Toimitusehdot<\/h3><p><style type=\"text\/css\">\np.p1 {margin: 0.0px 0.0px 0.0px 0.0px; font: 12.0px Helvetica}<br \/><\/style><\/p><p>Mainostoimisto Loud Oy 2820137-3 (omagraafikko.fi) myy palveluita Suomeen. Pid\u00e4t\u00e4mme oikeuden toimitusehtojen ja hintojen muutoksiin.<\/p><p><strong>Verkkokaupan yhteystiedot<br \/><\/strong>S\u00e4hk\u00f6posti: info@omagraafikko.fi<\/p><p><strong>Tilaaminen<br \/><\/strong>Tilaus k\u00e4sitell\u00e4\u00e4n maksamalla ostoskorin sis\u00e4lt\u00f6 verkkokaupan kassatoiminnossa. Tehdess\u00e4si tilauksen hyv\u00e4ksyt n\u00e4m\u00e4 toimitusehdot, tuotteiden hinnat. Mik\u00e4li tilaushetkell\u00e4 annetaan s\u00e4hk\u00f6postiosoite, tilauksesta l\u00e4hetet\u00e4\u00e4n tilausvahvistus s\u00e4hk\u00f6postitse. Tilausvahvistuksesta ilmenev\u00e4t tilatut tuotteet sek\u00e4 hinta.<\/p><p><strong>Maksaminen<br \/><\/strong>Verkkokaupan maksuv\u00e4litt\u00e4j\u00e4n\u00e4 toimii Bambora PayForm (Paybyway Oy, y-tunnus 2486559-4), joka on rekister\u00f6ity Finanssivalvonnan yll\u00e4pit\u00e4m\u00e4\u00e4n maksulaitosrekisteriin. Maksamiseen siirryt\u00e4\u00e4n Bamboran verkkopalvelun kautta ja tiliotteella ja laskulla maksun saajana n\u00e4kyy Bambora tai Paybyway Oy. Bambora v\u00e4litt\u00e4\u00e4 maksut verkkokauppiaalle. Maksaminen on turvallista, sill\u00e4 kaikki maksutapahtumaa koskevat tiedot v\u00e4litet\u00e4\u00e4n salattua yhteytt\u00e4 k\u00e4ytt\u00e4en niin ettei kukaan ulkopuolinen taho n\u00e4e maksutapahtuman tietoja.<\/p><p>Kauppa syntyy verkkokaupan asiakkaan ja verkkokaupan v\u00e4lille. Verkkokaupan vastuulla ovat kaikki kauppaan liittyv\u00e4t velvoitteet.<\/p><p>Lue lis\u00e4\u00e4 Bamborasta: https:\/\/www.bambora.com<\/p><p><strong>Maksutavat<br \/><\/strong>PayForm-palvelun kautta voit maksaa verkkopankkitunnuksilla, lompakolla, maksukorteilla (credit\/debit), laskulla tai osamaksulla. K\u00e4ytett\u00e4viss\u00e4 ovat seuraavat maksutavat: Osuuspankki, Nordea, Danske Bank, Oma S\u00e4\u00e4st\u00f6pankki, S\u00e4\u00e4st\u00f6pankki, Aktia, Paikallisosuuspankit, S-Pankki, Handelsbanken, \u00c5landsbanken, MobilePay, Masterpass, Visa-, Visa Debit-, Visa Electron-, MasterCard- ja Debit MasterCard -kortit, sek\u00e4 Jousto ja Mash.<\/p><p>MobilePay: Voit maksaa MobilePay-lompakollasi mik\u00e4li olet sallinut verkkokaupoissa maksamisen sovelluksen asetuksista. MobilePay-lompakolla suoritetut maksut veloitetaan lompakkoon liitetylt\u00e4 maksukortilta. Mik\u00e4li maksun veloittaminen maksukortilta ep\u00e4onnistuu, MobilePay-lompakolla maksaminen ei ole mahdollista verkkokaupassa.<\/p><p>Pivo: K\u00e4ytt\u00f6ehdot ovat tarjolla Pivon sivuilla: https:\/\/pivo.fi\/kayttoehdot\/pivon-kayttoehdot\/<\/p><p>Jousto: Voit maksaa Jousto Laskulla tai Osamaksulla yli 4000 suomalaisessa verkkokaupassa. Laskulla saat 14 vrk maksuaikaa (laskutusmaksu 4,90 eur) ja Osamaksulla max. 12 kk maksuaikaa (laskutusmaksu 4,90 eur ja kuukausikorko 2,42 %). Lis\u00e4tietoja Joustosta osoitteessa www.jousto.com<\/p><p>Mash: Mash Laskulla saat tilaamasi tuotteet ennen maksamista ja 45 p\u00e4iv\u00e4\u00e4 korotonta maksuaikaa. Voit my\u00f6s halutessasi muuttaa laskun k\u00e4tev\u00e4sti osamaksuksi. Mash Osamaksulla maksaessasi voit valita itsellesi sopivan maksuajan (3 kk, 6 kk, 9 kk, 12 kk, 18 kk, 24 kk) ja saat tilaamasi tuotteet ennen maksamista. Voit my\u00f6s milloin tahansa maksaa koko summan kerralla ilman lis\u00e4kuluja. Mash Laskun tai Osamaksun voivat valita maksutavaksi Suomessa asuvat, yli 20-vuotiaat asiakkaat. Maksutapa on mahdollinen 10\u201310.000 euron ostoksille. Lis\u00e4tietoja Mashista osoitteessa https:\/\/www.mash.com\/fi\/kuluttajille\/hinnasto<\/p><p>Mash Finance Oyj:ll\u00e4 on oikeus tarkastaa Mash Laskulla tai Osamaksulla maksavan asiakkaan luotto- ja osoitetiedot ja my\u00f6nt\u00e4\u00e4 tai ev\u00e4t\u00e4 luotto niiden perusteella. Mash Finance Oyj (2159120-9) on vuodesta 2007 asti toiminut suomalainen rahoitusalan yritys.<\/p><p>Bambora PayForm -maksupalvelun yhteystiedot<\/p><p>Bambora PayForm, Paybyway Oy (Y-tunnus 2486559-4)<br \/>S\u00e4hk\u00f6posti: payform@bambora.com<br \/>Puhelin: 029 300 5050 (arkisin klo 9-16)<br \/>Postiosoite: Laserkatu 6, 53850 Lappeenranta<\/p><p><strong>Peruutusehdot<br \/><\/strong><span style=\"font-size: 16px;\">Tilausta ei voida peruuttaa, jos tilaus on tehty ja tilaustoiveet on t\u00e4ytetty. Suunnittelijamme aloittavat ty\u00f6skentelyn v\u00e4litt\u00f6m\u00e4sti tilauksen vastaanottamisen j\u00e4lkeen.\u00a0<\/span><\/p><p>\u00a0<\/p>\t\t\t\t\t\t\t\t<\/div>\n\t\t\t\t<\/div>\n\t\t\t\t\t<\/div>\n\t\t<\/div>\n\t\t\t\t\t<\/div>\n\t\t<\/section>\n\t\t\t\t<\/div>","protected":false},"excerpt":{"rendered":"<p>\u00a0 \u00a0 Toimitusehdot Mainostoimisto Loud Oy 2820137-3 (omagraafikko.fi) myy palveluita Suomeen. Pid\u00e4t\u00e4mme oikeuden toimitusehtojen ja hintojen muutoksiin. Verkkokaupan yhteystiedotS\u00e4hk\u00f6posti: info@omagraafikko.fi TilaaminenTilaus k\u00e4sitell\u00e4\u00e4n maksamalla ostoskorin sis\u00e4lt\u00f6 verkkokaupan kassatoiminnossa. Tehdess\u00e4si tilauksen hyv\u00e4ksyt n\u00e4m\u00e4 toimitusehdot, tuotteiden hinnat. Mik\u00e4li tilaushetkell\u00e4 annetaan s\u00e4hk\u00f6postiosoite, tilauksesta l\u00e4hetet\u00e4\u00e4n tilausvahvistus s\u00e4hk\u00f6postitse. Tilausvahvistuksesta ilmenev\u00e4t tilatut tuotteet sek\u00e4 hinta. MaksaminenVerkkokaupan maksuv\u00e4litt\u00e4j\u00e4n\u00e4 toimii Bambora PayForm (Paybyway Oy, [&hellip;]<\/p>\n","protected":false},"author":27,"featured_media":0,"parent":0,"menu_order":0,"comment_status":"closed","ping_status":"closed","template":"","meta":{"site-sidebar-layout":"no-sidebar","site-content-layout":"page-builder","ast-site-content-layout":"default","site-content-style":"default","site-sidebar-style":"default","ast-global-header-display":"","ast-banner-title-visibility":"","ast-main-header-display":"","ast-hfb-above-header-display":"","ast-hfb-below-header-display":"","ast-hfb-mobile-header-display":"","site-post-title":"disabled","ast-breadcrumbs-content":"","ast-featured-img":"disabled","footer-sml-layout":"","ast-disable-related-posts":"","theme-transparent-header-meta":"default","adv-header-id-meta":"","stick-header-meta":"","header-above-stick-meta":"","header-main-stick-meta":"","header-below-stick-meta":"","astra-migrate-meta-layouts":"default","ast-page-background-enabled":"default","ast-page-background-meta":{"desktop":{"background-color":"","background-image":"","background-repeat":"repeat","background-position":"center center","background-size":"auto","background-attachment":"scroll","background-type":"","background-media":"","overlay-type":"","overlay-color":"","overlay-opacity":"","overlay-gradient":""},"tablet":{"background-color":"","background-image":"","background-repeat":"repeat","background-position":"center center","background-size":"auto","background-attachment":"scroll","background-type":"","background-media":"","overlay-type":"","overlay-color":"","overlay-opacity":"","overlay-gradient":""},"mobile":{"background-color":"","background-image":"","background-repeat":"repeat","background-position":"center center","background-size":"auto","background-attachment":"scroll","background-type":"","background-media":"","overlay-type":"","overlay-color":"","overlay-opacity":"","overlay-gradient":""}},"ast-content-background-meta":{"desktop":{"background-color":"var(--ast-global-color-5)","background-image":"","background-repeat":"repeat","background-position":"center center","background-size":"auto","background-attachment":"scroll","background-type":"","background-media":"","overlay-type":"","overlay-color":"","overlay-opacity":"","overlay-gradient":""},"tablet":{"background-color":"var(--ast-global-color-5)","background-image":"","background-repeat":"repeat","background-position":"center center","background-size":"auto","background-attachment":"scroll","background-type":"","background-media":"","overlay-type":"","overlay-color":"","overlay-opacity":"","overlay-gradient":""},"mobile":{"background-color":"var(--ast-global-color-5)","background-image":"","background-repeat":"repeat","background-position":"center center","background-size":"auto","background-attachment":"scroll","background-type":"","background-media":"","overlay-type":"","overlay-color":"","overlay-opacity":"","overlay-gradient":""}},"footnotes":""},"class_list":["post-1696","page","type-page","status-publish","hentry"],"_links":{"self":[{"href":"https:\/\/omagraafikko.fi\/en\/wp-json\/wp\/v2\/pages\/1696","targetHints":{"allow":["GET"]}}],"collection":[{"href":"https:\/\/omagraafikko.fi\/en\/wp-json\/wp\/v2\/pages"}],"about":[{"href":"https:\/\/omagraafikko.fi\/en\/wp-json\/wp\/v2\/types\/page"}],"author":[{"embeddable":true,"href":"https:\/\/omagraafikko.fi\/en\/wp-json\/wp\/v2\/users\/27"}],"replies":[{"embeddable":true,"href":"https:\/\/omagraafikko.fi\/en\/wp-json\/wp\/v2\/comments?post=1696"}],"version-history":[{"count":9,"href":"https:\/\/omagraafikko.fi\/en\/wp-json\/wp\/v2\/pages\/1696\/revisions"}],"predecessor-version":[{"id":11731,"href":"https:\/\/omagraafikko.fi\/en\/wp-json\/wp\/v2\/pages\/1696\/revisions\/11731"}],"wp:attachment":[{"href":"https:\/\/omagraafikko.fi\/en\/wp-json\/wp\/v2\/media?parent=1696"}],"curies":[{"name":"wp","href":"https:\/\/api.w.org\/{rel}","templated":true}]}}