{"id":1261,"date":"2019-03-29T16:46:42","date_gmt":"2019-03-29T14:46:42","guid":{"rendered":"https:\/\/omagraafikko.fi\/?page_id=1261"},"modified":"2019-12-12T21:42:24","modified_gmt":"2019-12-12T19:42:24","slug":"kayttoehdot","status":"publish","type":"page","link":"https:\/\/omagraafikko.fi\/en\/kayttoehdot\/","title":{"rendered":"K\u00e4ytt\u00f6ehdot"},"content":{"rendered":"<div data-elementor-type=\"wp-post\" data-elementor-id=\"1261\" class=\"elementor elementor-1261\" data-elementor-post-type=\"page\">\n\t\t\t\t\t\t<section class=\"elementor-section elementor-top-section elementor-element elementor-element-a286c84 elementor-section-boxed elementor-section-height-default elementor-section-height-default\" data-id=\"a286c84\" data-element_type=\"section\" data-e-type=\"section\">\n\t\t\t\t\t\t<div class=\"elementor-container elementor-column-gap-default\">\n\t\t\t\t\t<div class=\"elementor-column elementor-col-100 elementor-top-column elementor-element elementor-element-b948ced\" data-id=\"b948ced\" data-element_type=\"column\" data-e-type=\"column\">\n\t\t\t<div class=\"elementor-widget-wrap elementor-element-populated\">\n\t\t\t\t\t\t<div class=\"elementor-element elementor-element-31940a5 elementor-widget elementor-widget-text-editor\" data-id=\"31940a5\" data-element_type=\"widget\" data-e-type=\"widget\" data-widget_type=\"text-editor.default\">\n\t\t\t\t<div class=\"elementor-widget-container\">\n\t\t\t\t\t\t\t\t\t<p><b>Kuinka liityn j\u00e4seneksi?<br \/><\/b>Voit liitty\u00e4 OmaGraafikko.fi j\u00e4seneksi <a href=\"https:\/\/omagraafikko.fi\/en\/tili\/\">rekister\u00f6itym\u00e4ll\u00e4.<\/a><\/p><p><b>Kuinka ostan palveluita?<br \/><\/b>Rekister\u00f6idy j\u00e4seneksi. Tilaa haluamasi palvelu. Valitse sinulle sopiva vaihtoehto ja siirry maksuun. Maksuvaihtoehtona ovat: Visa, Mastercard, MobilePay, Pivo, Paypal tai verkkopankkimaksu.\u00a0<\/p><p><b>Palvelun tilaaminen<br \/><\/b>Kun ostat palvelun, niin kerro mahdollisimman tarkasti mink\u00e4laisen suunnitelman haluat. Kerro mm. v\u00e4rit, koot, fontit, tyyli. Lis\u00e4\u00e4 my\u00f6s tiedostot mm. logot, tekstit, kuvat, graafinen ohjeistus &#8221;Valitse tiedostot&#8221; kohtaan. OmaGraafikko.fi ei ole vastuussa jos kaikkia tietoja ei ole annettu tilauksen yhteydess\u00e4 tai tiedot ovat virheellisi\u00e4. Asiakas on velvollinen tarkistamaan lopullisen suunnitelman.\u00a0<span style=\"font-size: 15px; font-style: normal; font-weight: 400;\">OmaGraafikko.fi ei<\/span>\u00a0ole vastuussa, jos asiakas ei ole havainnut virhett\u00e4 hyv\u00e4ksytty\u00e4\u00e4n lopullisen suunnitelman. Jos omagraafikko.fi on tehnyt suunnitelmassa virheen, ilmoita t\u00e4st\u00e4 heti, niin emme veloita maksua korjausty\u00f6st\u00e4.\u00a0<\/p><p><b>Muokkaukset<br \/><\/b>Mik\u00e4li lopulliseen suunnitelmaan tulee muutoksia, jotka poikkeavat asiakkaan tilauksen yhteydess\u00e4 antamista tiedoista ja toiveista, veloitamme muokkauksista ja muutost\u00f6ist\u00e4 lis\u00e4hinnan ty\u00f6n laajuudesta riippuen. Annamme erillisen hinta-arvion muokkausty\u00f6st\u00e4 asiakkaalle, jonka asiakas voi halutessaan hyv\u00e4ksy\u00e4.\u00a0<\/p>\t\t\t\t\t\t\t\t<\/div>\n\t\t\t\t<\/div>\n\t\t\t\t\t<\/div>\n\t\t<\/div>\n\t\t\t\t\t<\/div>\n\t\t<\/section>\n\t\t\t\t<section class=\"elementor-section elementor-top-section elementor-element elementor-element-4f93da99 elementor-section-content-middle elementor-section-boxed elementor-section-height-default elementor-section-height-default\" data-id=\"4f93da99\" data-element_type=\"section\" data-e-type=\"section\" data-settings=\"{&quot;background_background&quot;:&quot;classic&quot;}\">\n\t\t\t\t\t\t<div class=\"elementor-container elementor-column-gap-no\">\n\t\t\t\t\t<div class=\"elementor-column elementor-col-100 elementor-top-column elementor-element elementor-element-34787c18\" data-id=\"34787c18\" data-element_type=\"column\" data-e-type=\"column\">\n\t\t\t<div class=\"elementor-widget-wrap elementor-element-populated\">\n\t\t\t\t\t\t<div class=\"elementor-element elementor-element-550ab742 elementor-widget elementor-widget-heading\" data-id=\"550ab742\" data-element_type=\"widget\" data-e-type=\"widget\" data-widget_type=\"heading.default\">\n\t\t\t\t<div class=\"elementor-widget-container\">\n\t\t\t\t\t<h4 class=\"elementor-heading-title elementor-size-default\">Kuinka ty\u00f6 tilataan?<\/h4>\t\t\t\t<\/div>\n\t\t\t\t<\/div>\n\t\t\t\t<section class=\"elementor-section elementor-inner-section elementor-element elementor-element-3ecbf0d7 elementor-section-boxed elementor-section-height-default elementor-section-height-default\" data-id=\"3ecbf0d7\" data-element_type=\"section\" data-e-type=\"section\">\n\t\t\t\t\t\t<div class=\"elementor-container elementor-column-gap-default\">\n\t\t\t\t\t<div class=\"elementor-column elementor-col-20 elementor-inner-column elementor-element elementor-element-76d843bb\" data-id=\"76d843bb\" data-element_type=\"column\" data-e-type=\"column\">\n\t\t\t<div class=\"elementor-widget-wrap elementor-element-populated\">\n\t\t\t\t\t\t<div class=\"elementor-element elementor-element-5cf63e27 elementor-position-top elementor-widget elementor-widget-image-box\" data-id=\"5cf63e27\" data-element_type=\"widget\" data-e-type=\"widget\" data-widget_type=\"image-box.default\">\n\t\t\t\t<div class=\"elementor-widget-container\">\n\t\t\t\t\t<div class=\"elementor-image-box-wrapper\"><figure class=\"elementor-image-box-img\"><img decoding=\"async\" width=\"148\" height=\"174\" src=\"https:\/\/omagraafikko.fi\/wp-content\/uploads\/2019\/11\/icon2.png\" class=\"attachment-full size-full wp-image-2273\" alt=\"\" \/><\/figure><div class=\"elementor-image-box-content\"><h3 class=\"elementor-image-box-title\">1. Rekister\u00f6idy<\/h3><p class=\"elementor-image-box-description\">Rekister\u00f6idy j\u00e4seneksi. \nSuunnitteluprosessi ja kommunikointi tapahtuu sivuston kautta.\n<\/p><\/div><\/div>\t\t\t\t<\/div>\n\t\t\t\t<\/div>\n\t\t\t\t\t<\/div>\n\t\t<\/div>\n\t\t\t\t<div class=\"elementor-column elementor-col-20 elementor-inner-column elementor-element elementor-element-78dc037a\" data-id=\"78dc037a\" data-element_type=\"column\" data-e-type=\"column\">\n\t\t\t<div class=\"elementor-widget-wrap elementor-element-populated\">\n\t\t\t\t\t\t<div class=\"elementor-element elementor-element-5a384ae6 elementor-position-top elementor-widget elementor-widget-image-box\" data-id=\"5a384ae6\" data-element_type=\"widget\" data-e-type=\"widget\" data-widget_type=\"image-box.default\">\n\t\t\t\t<div class=\"elementor-widget-container\">\n\t\t\t\t\t<div class=\"elementor-image-box-wrapper\"><figure class=\"elementor-image-box-img\"><img decoding=\"async\" width=\"198\" height=\"172\" src=\"https:\/\/omagraafikko.fi\/wp-content\/uploads\/2019\/11\/icon1.png\" class=\"attachment-full size-full wp-image-2272\" alt=\"\" \/><\/figure><div class=\"elementor-image-box-content\"><h3 class=\"elementor-image-box-title\">2. Tilaa palvelu<\/h3><p class=\"elementor-image-box-description\">Valitse sinulle sopiva palvelu ja tee tilaus.\n<\/p><\/div><\/div>\t\t\t\t<\/div>\n\t\t\t\t<\/div>\n\t\t\t\t\t<\/div>\n\t\t<\/div>\n\t\t\t\t<div class=\"elementor-column elementor-col-20 elementor-inner-column elementor-element elementor-element-479a9461\" data-id=\"479a9461\" data-element_type=\"column\" data-e-type=\"column\">\n\t\t\t<div class=\"elementor-widget-wrap elementor-element-populated\">\n\t\t\t\t\t\t<div class=\"elementor-element elementor-element-197cd5ff elementor-position-top elementor-widget elementor-widget-image-box\" data-id=\"197cd5ff\" data-element_type=\"widget\" data-e-type=\"widget\" data-widget_type=\"image-box.default\">\n\t\t\t\t<div class=\"elementor-widget-container\">\n\t\t\t\t\t<div class=\"elementor-image-box-wrapper\"><figure class=\"elementor-image-box-img\"><img decoding=\"async\" width=\"195\" height=\"189\" src=\"https:\/\/omagraafikko.fi\/wp-content\/uploads\/2019\/11\/icon3.png\" class=\"attachment-full size-full wp-image-2274\" alt=\"\" \/><\/figure><div class=\"elementor-image-box-content\"><h3 class=\"elementor-image-box-title\">3. Kerro toiveesi<\/h3><p class=\"elementor-image-box-description\">Kerro suunnittelijalle toiveistasi ja voit haluessasi lis\u00e4t\u00e4 esimerkkej\u00e4 ja v\u00e4ritoiveita. Voit my\u00f6s keskustella suunnittelijan kanssa tilaus sivulla.<\/p><\/div><\/div>\t\t\t\t<\/div>\n\t\t\t\t<\/div>\n\t\t\t\t\t<\/div>\n\t\t<\/div>\n\t\t\t\t<div class=\"elementor-column elementor-col-20 elementor-inner-column elementor-element elementor-element-467bc6bd\" data-id=\"467bc6bd\" data-element_type=\"column\" data-e-type=\"column\">\n\t\t\t<div class=\"elementor-widget-wrap elementor-element-populated\">\n\t\t\t\t\t\t<div class=\"elementor-element elementor-element-608721d elementor-position-top elementor-widget elementor-widget-image-box\" data-id=\"608721d\" data-element_type=\"widget\" data-e-type=\"widget\" data-widget_type=\"image-box.default\">\n\t\t\t\t<div class=\"elementor-widget-container\">\n\t\t\t\t\t<div class=\"elementor-image-box-wrapper\"><figure class=\"elementor-image-box-img\"><img loading=\"lazy\" decoding=\"async\" width=\"204\" height=\"204\" src=\"https:\/\/omagraafikko.fi\/wp-content\/uploads\/2019\/11\/icon5.png\" class=\"attachment-full size-full wp-image-2276\" alt=\"\" srcset=\"https:\/\/omagraafikko.fi\/wp-content\/uploads\/2019\/11\/icon5.png 204w, https:\/\/omagraafikko.fi\/wp-content\/uploads\/2019\/11\/icon5-100x100.png 100w, https:\/\/omagraafikko.fi\/wp-content\/uploads\/2019\/11\/icon5-150x150.png 150w\" sizes=\"(max-width: 204px) 100vw, 204px\" \/><\/figure><div class=\"elementor-image-box-content\"><h3 class=\"elementor-image-box-title\">4. Suunnittelijamme aloittaa suunnittelun<\/h3><p class=\"elementor-image-box-description\">Kun olemme vastaanottaneet toiveesi, aloitamme suunnittelun. Teemme ty\u00f6st\u00e4 vedoksen, johon halutessasi voit pyyt\u00e4\u00e4 muutoksia.<\/p><\/div><\/div>\t\t\t\t<\/div>\n\t\t\t\t<\/div>\n\t\t\t\t\t<\/div>\n\t\t<\/div>\n\t\t\t\t<div class=\"elementor-column elementor-col-20 elementor-inner-column elementor-element elementor-element-696c0798\" data-id=\"696c0798\" data-element_type=\"column\" data-e-type=\"column\">\n\t\t\t<div class=\"elementor-widget-wrap elementor-element-populated\">\n\t\t\t\t\t\t<div class=\"elementor-element elementor-element-26d7e1ff elementor-position-top elementor-widget elementor-widget-image-box\" data-id=\"26d7e1ff\" data-element_type=\"widget\" data-e-type=\"widget\" data-widget_type=\"image-box.default\">\n\t\t\t\t<div class=\"elementor-widget-container\">\n\t\t\t\t\t<div class=\"elementor-image-box-wrapper\"><figure class=\"elementor-image-box-img\"><img loading=\"lazy\" decoding=\"async\" width=\"176\" height=\"191\" src=\"https:\/\/omagraafikko.fi\/wp-content\/uploads\/2019\/11\/icon4.png\" class=\"attachment-full size-full wp-image-2275\" alt=\"\" \/><\/figure><div class=\"elementor-image-box-content\"><h3 class=\"elementor-image-box-title\">5. Ty\u00f6n Toimitus<\/h3><p class=\"elementor-image-box-description\">Viimeistelemme ty\u00f6n ja toimitamme sen sinulle.<\/p><\/div><\/div>\t\t\t\t<\/div>\n\t\t\t\t<\/div>\n\t\t\t\t\t<\/div>\n\t\t<\/div>\n\t\t\t\t\t<\/div>\n\t\t<\/section>\n\t\t\t\t\t<\/div>\n\t\t<\/div>\n\t\t\t\t\t<\/div>\n\t\t<\/section>\n\t\t\t\t<\/div>","protected":false},"excerpt":{"rendered":"<p>Kuinka liityn j\u00e4seneksi? Voit liitty\u00e4 OmaGraafikko.fi j\u00e4seneksi rekister\u00f6itym\u00e4ll\u00e4. Kuinka ostan palveluita? Rekister\u00f6idy j\u00e4seneksi. Tilaa haluamasi palvelu. Valitse sinulle sopiva vaihtoehto ja siirry maksuun. Maksuvaihtoehtona ovat: Visa, Mastercard, MobilePay, Pivo, Paypal tai verkkopankkimaksu.&nbsp; Palvelun tilaaminen Kun ostat palvelun, niin kerro mahdollisimman tarkasti mink\u00e4laisen suunnitelman haluat. Kerro mm. v\u00e4rit, koot, fontit, tyyli. Lis\u00e4\u00e4 my\u00f6s tiedostot mm. logot, [&hellip;]<\/p>\n","protected":false},"author":27,"featured_media":0,"parent":0,"menu_order":0,"comment_status":"closed","ping_status":"closed","template":"","meta":{"site-sidebar-layout":"no-sidebar","site-content-layout":"page-builder","ast-site-content-layout":"default","site-content-style":"default","site-sidebar-style":"default","ast-global-header-display":"","ast-banner-title-visibility":"","ast-main-header-display":"","ast-hfb-above-header-display":"","ast-hfb-below-header-display":"","ast-hfb-mobile-header-display":"","site-post-title":"disabled","ast-breadcrumbs-content":"","ast-featured-img":"disabled","footer-sml-layout":"","ast-disable-related-posts":"","theme-transparent-header-meta":"default","adv-header-id-meta":"","stick-header-meta":"","header-above-stick-meta":"","header-main-stick-meta":"","header-below-stick-meta":"","astra-migrate-meta-layouts":"default","ast-page-background-enabled":"default","ast-page-background-meta":{"desktop":{"background-color":"","background-image":"","background-repeat":"repeat","background-position":"center center","background-size":"auto","background-attachment":"scroll","background-type":"","background-media":"","overlay-type":"","overlay-color":"","overlay-opacity":"","overlay-gradient":""},"tablet":{"background-color":"","background-image":"","background-repeat":"repeat","background-position":"center center","background-size":"auto","background-attachment":"scroll","background-type":"","background-media":"","overlay-type":"","overlay-color":"","overlay-opacity":"","overlay-gradient":""},"mobile":{"background-color":"","background-image":"","background-repeat":"repeat","background-position":"center center","background-size":"auto","background-attachment":"scroll","background-type":"","background-media":"","overlay-type":"","overlay-color":"","overlay-opacity":"","overlay-gradient":""}},"ast-content-background-meta":{"desktop":{"background-color":"var(--ast-global-color-5)","background-image":"","background-repeat":"repeat","background-position":"center center","background-size":"auto","background-attachment":"scroll","background-type":"","background-media":"","overlay-type":"","overlay-color":"","overlay-opacity":"","overlay-gradient":""},"tablet":{"background-color":"var(--ast-global-color-5)","background-image":"","background-repeat":"repeat","background-position":"center center","background-size":"auto","background-attachment":"scroll","background-type":"","background-media":"","overlay-type":"","overlay-color":"","overlay-opacity":"","overlay-gradient":""},"mobile":{"background-color":"var(--ast-global-color-5)","background-image":"","background-repeat":"repeat","background-position":"center center","background-size":"auto","background-attachment":"scroll","background-type":"","background-media":"","overlay-type":"","overlay-color":"","overlay-opacity":"","overlay-gradient":""}},"footnotes":""},"class_list":["post-1261","page","type-page","status-publish","hentry"],"_links":{"self":[{"href":"https:\/\/omagraafikko.fi\/en\/wp-json\/wp\/v2\/pages\/1261","targetHints":{"allow":["GET"]}}],"collection":[{"href":"https:\/\/omagraafikko.fi\/en\/wp-json\/wp\/v2\/pages"}],"about":[{"href":"https:\/\/omagraafikko.fi\/en\/wp-json\/wp\/v2\/types\/page"}],"author":[{"embeddable":true,"href":"https:\/\/omagraafikko.fi\/en\/wp-json\/wp\/v2\/users\/27"}],"replies":[{"embeddable":true,"href":"https:\/\/omagraafikko.fi\/en\/wp-json\/wp\/v2\/comments?post=1261"}],"version-history":[{"count":17,"href":"https:\/\/omagraafikko.fi\/en\/wp-json\/wp\/v2\/pages\/1261\/revisions"}],"predecessor-version":[{"id":2380,"href":"https:\/\/omagraafikko.fi\/en\/wp-json\/wp\/v2\/pages\/1261\/revisions\/2380"}],"wp:attachment":[{"href":"https:\/\/omagraafikko.fi\/en\/wp-json\/wp\/v2\/media?parent=1261"}],"curies":[{"name":"wp","href":"https:\/\/api.w.org\/{rel}","templated":true}]}}