{"id":1218,"date":"2019-03-27T09:34:31","date_gmt":"2019-03-27T07:34:31","guid":{"rendered":"https:\/\/omagraafikko.fi\/?page_id=1218"},"modified":"2019-12-12T21:42:53","modified_gmt":"2019-12-12T19:42:53","slug":"tietosuojakaytanto","status":"publish","type":"page","link":"https:\/\/omagraafikko.fi\/en\/tietosuojakaytanto\/","title":{"rendered":"Tietosuojak\u00e4yt\u00e4nt\u00f6"},"content":{"rendered":"<div data-elementor-type=\"wp-post\" data-elementor-id=\"1218\" class=\"elementor elementor-1218\" data-elementor-post-type=\"page\">\n\t\t\t\t\t\t<section class=\"elementor-section elementor-top-section elementor-element elementor-element-d29b09f elementor-section-boxed elementor-section-height-default elementor-section-height-default\" data-id=\"d29b09f\" data-element_type=\"section\" data-e-type=\"section\">\n\t\t\t\t\t\t<div class=\"elementor-container elementor-column-gap-default\">\n\t\t\t\t\t<div class=\"elementor-column elementor-col-100 elementor-top-column elementor-element elementor-element-4abb188\" data-id=\"4abb188\" data-element_type=\"column\" data-e-type=\"column\">\n\t\t\t<div class=\"elementor-widget-wrap elementor-element-populated\">\n\t\t\t\t\t\t<div class=\"elementor-element elementor-element-d9865a8 elementor-widget elementor-widget-text-editor\" data-id=\"d9865a8\" data-element_type=\"widget\" data-e-type=\"widget\" data-widget_type=\"text-editor.default\">\n\t\t\t\t<div class=\"elementor-widget-container\">\n\t\t\t\t\t\t\t\t\t<div><h3>\u00a0<\/h3><h3>\u00a0<\/h3><h3>Verkkosivujen tietosuojak\u00e4yt\u00e4nt\u00f6<\/h3><p>T\u00e4m\u00e4 tietosuojak\u00e4yt\u00e4nt\u00f6 kuvaa, kuinka k\u00e4yt\u00e4mme ja k\u00e4sittelemme sinusta verkkosivujemme k\u00e4ytt\u00e4j\u00e4n\u00e4 ker\u00e4\u00e4mi\u00e4mme tietoja. Verkkosivujemme k\u00e4ytt\u00e4j\u00e4n\u00e4 annat suostumuksesi ev\u00e4steiden tallentamiseen sallimalla ev\u00e4steet selaimen asetuksissa. Ohjeet ev\u00e4steiden tallentamisen kielt\u00e4miseen l\u00f6yd\u00e4t t\u00e4\u00e4lt\u00e4. T\u00e4m\u00e4 tietosuojak\u00e4yt\u00e4nt\u00f6 on laadittu 27.3.2019 ja p\u00e4ivitetty viimeksi 27.3.2019. Pid\u00e4t\u00e4mme oikeuden p\u00e4ivitt\u00e4\u00e4 ja muuttaa t\u00e4t\u00e4 tietosuojak\u00e4yt\u00e4nt\u00f6\u00e4.<\/p><p>\u00a0<\/p><p><strong>Mit\u00e4 tietoja minusta voidaan ker\u00e4t\u00e4?<\/strong><br \/>K\u00e4ytt\u00e4j\u00e4n itsens\u00e4 antamat tai henkil\u00f6n tunnistavat tiedot<br \/>\u2022 Tunnistamistiedot, kuten nimi<br \/>\u2022 Yhteystiedot, kuten osoite, s\u00e4hk\u00f6postiosoite ja puhelinnumero<br \/>\u2022 Maksutiedot, mukaan lukien luottosopimukset ja muut laskutustiedot<br \/>\u2022 Asiakkaan suostumuksella sijaintitiedot, joita k\u00e4ytet\u00e4\u00e4n toimitusajan arviointiin<br \/>\u2022 Google-, Facebook- tai Microsoft-kirjautumiseen k\u00e4ytetty s\u00e4hk\u00f6postiosoite ja varmenne<br \/>\u2022 Palvelujen k\u00e4yt\u00f6st\u00e4 havainnoidut ja analytiikan avulla johdetut tiedot<br \/>\u2022 Ostoshistoria, mm. tilatut tuotteet ja niiden hintatiedot<br \/>\u2022 Tuotearvostelut<br \/>\u2022 Verkkokaupan k\u00e4ytt\u00f6- ja selaustiedot sek\u00e4 p\u00e4\u00e4telaitteen tunnistetiedot<br \/>\u2022 Tuotesuositus- ja muut kohdennettuun sis\u00e4lt\u00f6\u00f6n k\u00e4ytetyt tiedot ja tunnisteet<\/p><p>Tunniste-, yhteys- ja maksutietojen antaminen on pakollista ostaessasi omagraafikko.fi kautta.<\/p><p>Tietojen p\u00e4\u00e4asiallinen l\u00e4hde on k\u00e4ytt\u00e4j\u00e4 itse, mink\u00e4 lis\u00e4ksi saatamme saada lis\u00e4tietoja yhteisty\u00f6kumppaneiltamme, esimerkiksi luottopalvelujen tarjoajalta. Kolmansilta osapuolilta saamistamme henkil\u00f6tiedoista ilmoitamme tietosuoja-asetuksen m\u00e4\u00e4r\u00e4ysten mukaisesti ensimm\u00e4isess\u00e4 yhteydenotossa asiakkaaseen tai viimeist\u00e4\u00e4n kuukauden sis\u00e4ll\u00e4 henkil\u00f6tietojen vastaanotosta.<\/p><p><b>Mihin henkil\u00f6tietojani k\u00e4ytet\u00e4\u00e4n?<br \/><\/b>Henkil\u00f6tietoja k\u00e4ytet\u00e4\u00e4n<\/p><p>Asiakkuuden yll\u00e4pit\u00e4miseen<br \/>Tilausten toimitukseen, k\u00e4sittelyyn ja arkistointiin<br \/>omagraafikko.fi toiminnan ja palveluiden kehitt\u00e4miseen<br \/>Asiakaskokemuksen parantamiseen<br \/>Analytiikkaan ja tilastollisiin tarkoituksiin<br \/>Henkil\u00f6kohtaisemman kohdennetun sis\u00e4ll\u00f6n ja markkinoinnin tuottamiseen<br \/>V\u00e4\u00e4rink\u00e4yt\u00f6sten est\u00e4miseen<br \/>Paremman asiakaspalvelun tarjoamiseen<br \/>Tietoja k\u00e4sitell\u00e4\u00e4n asiakkaan ja omagraafikko.fi v\u00e4liseen asiakassuhteeseen, sopimukseen, sivuston k\u00e4ytt\u00f6\u00f6n, asiakkaan erilliseen nimenomaiseen suostumukseen tai lains\u00e4\u00e4d\u00e4nn\u00f6n velvoitteisiin perustuen.<\/p><\/div><div><p><b><span style=\"font-size: 15px;\">Miten tietojani s\u00e4ilytet\u00e4\u00e4n ja suojataan?<br \/><\/span><\/b><span style=\"font-size: 15px;\">Kaikki henkil\u00f6tiedot ovat suojattu asiattomalta p\u00e4\u00e4sylt\u00e4 ja vahingossa tai laittomasti tapahtuvalta tietojen h\u00e4vitt\u00e4miselt\u00e4, muuttamiselta, luovuttamiselta, siirt\u00e4miselt\u00e4 tai muulta laittomalta k\u00e4sittelemiselt\u00e4.<\/span><\/p><p><b><span style=\"font-size: 15px;\">Kuka k\u00e4sittelee henkil\u00f6tietojani?<br \/><\/span><\/b>Asiakastietoihin on p\u00e4\u00e4sy vain omagraafikko.fi omilla ty\u00f6ntekij\u00f6ill\u00e4 ja henkil\u00f6kuntamme on koulutettu k\u00e4ytt\u00e4m\u00e4\u00e4n tietoja turvallisesti ja eettisesti. Kukin henkil\u00f6kunnastamme n\u00e4kee asiakastietoja vain niilt\u00e4 osin kuin se on ty\u00f6teht\u00e4vien suorittamiselle v\u00e4ltt\u00e4m\u00e4t\u00f6nt\u00e4.<\/p><p>K\u00e4yt\u00e4mme luotettuja sopimuskumppaneita, jolloin tietoa voidaan siirt\u00e4\u00e4 kolmannelle osapuolelle. Kaikkien kumppanien kanssa on sopimuksissa huomioitu EU:n tietosuoja-asetuksen ja muun lains\u00e4\u00e4d\u00e4nn\u00f6n asettamat vaatimukset.<\/p><p>Tietojen k\u00e4sittelyst\u00e4 vastuussa oleva yritys:<br \/>Mainostoimisto Loud Oy (Y-tunnus: 2820137-3)<br \/>Yl\u00e4st\u00f6ntie 115, c2<br \/>01690 Vantaa<\/p><p><b>Kuinka kauan tietojani s\u00e4ilytet\u00e4\u00e4n?<br \/><\/b>S\u00e4ilyt\u00e4mme henkil\u00f6kohtaisia tietojasi vain tarvittavan ajan, jotta voimme t\u00e4ytt\u00e4\u00e4 t\u00e4ss\u00e4 selosteessa kuvatut k\u00e4ytt\u00f6tarkoitukset. Lis\u00e4ksi joitain tietoja voidaan s\u00e4ilytt\u00e4\u00e4 kauemmin niilt\u00e4 osin kuin se on tarpeen laissa asetettujen velvollisuuksien, kuten kirjanpitoa ja kuluttajakauppaa koskevien vastuiden, toteuttamiseksi ja niiden asianmukaisen toteuttamisen osoittamiseksi.<\/p><p>Asiakkaan pyynn\u00f6st\u00e4 h\u00e4nt\u00e4 koskeva henkil\u00f6tieto voidaan poistaa tai anonymisoida omagraafikko.fi j\u00e4rjestelmist\u00e4. Poisto ja anonymisointi-toimenpide on peruuttamaton, emmek\u00e4 voi palauttaa poistettuja asiakastilej\u00e4.<\/p><p>Osalle tietoa lains\u00e4\u00e4d\u00e4nt\u00f6 asettaa velvoitteita tiedon pidempiaikaiselle tallentamiselle, mm. seuraaviin tarkoituksiin:<\/p><p>Kirjanpitolaki m\u00e4\u00e4rittelee tiedolle pidempi\u00e4 s\u00e4ilytysaikoja riippumatta siit\u00e4 sis\u00e4lt\u00e4\u00e4k\u00f6 aineisto henkil\u00f6tietoja tai ei<br \/>Kuluttajakauppaa koskevien vastuiden t\u00e4ytt\u00e4minen<br \/>J\u00e4rjestelmien lokitietoa ker\u00e4t\u00e4\u00e4n ja s\u00e4ilytet\u00e4\u00e4n lain edellytt\u00e4m\u00e4ll\u00e4 tavalla, jotta voimme tarjota lainmukaisen ja turvallisen verkkokaupan asiakkaillemme<br \/>Riitt\u00e4vien varmuuskopioiden ottaminen kaupan tietokannoista ja j\u00e4rjestelmist\u00e4 tietojen turvaamiseksi, virhetilanteiden korjaamiseksi ja tietoturvan sek\u00e4 jatkuvuuden varmentamiseksi<\/p><\/div><p><b>Millaisia oikeuksia minulla on?<br \/><\/b>Asiakkaana sinulla on oikeus:<\/p><p>Saada p\u00e4\u00e4sy itse\u00e4si koskeviin henkil\u00f6tietoihin, mukaan lukien oikeus saada j\u00e4ljenn\u00f6s sinua koskevista henkil\u00f6tiedoista<br \/>Pyyt\u00e4\u00e4 itse\u00e4si koskevien henkil\u00f6tietojen oikaisemista tai poistamista<br \/>Tietyin edellytyksin pyyt\u00e4\u00e4 k\u00e4sittelyn rajoittamista tai vastustaa henkil\u00f6tietojen k\u00e4sittely\u00e4<br \/>Lis\u00e4ksi, jos k\u00e4sittely perustuu erilliseen suostumukseen, sinulla on oikeus peruuttaa suostumuksesi milloin tahansa. Huomaathan, ettei t\u00e4m\u00e4 vaikuta ennen suostumuksen peruuttamista suoritettuun tietojen k\u00e4sittelyn lainmukaisuuteen. Voit muuttaa asetuksiasi tilinhallinta-sivulla.<\/p><p>Voit tehd\u00e4 oikeuksiesi k\u00e4ytt\u00e4mist\u00e4 koskevan pyynn\u00f6n ottamalla yhteytt\u00e4 asiakaspalveluumme. Pyynn\u00f6n tulee olla riitt\u00e4v\u00e4ll\u00e4 tavalla yksil\u00f6ity, jotta asiakaspalvelumme voi todentaa henkil\u00f6llisyytesi. Ilmoitamme sinulle, mik\u00e4li emme joiltain osin pysty toteuttamaan pyynt\u00f6\u00e4si, kuten poistamaan kaikkia tietoja, joiden s\u00e4ilytt\u00e4miseen meill\u00e4 on lakis\u00e4\u00e4teinen velvollisuus (esimerkiksi luotonantotiedot) tai oikeus.<\/p><p><b>Miten voin vaikuttaa tietojeni k\u00e4ytt\u00f6\u00f6n?<br \/><\/b>omagraafikko.fi on sitoutunut tarjoamaan asiakkailleen mahdollisuuksia vaikuttaa tietojensa k\u00e4sittelyyn. Asiakas voi my\u00f6s koska tahansa lopettaa asiakastilins\u00e4 ja pyyt\u00e4\u00e4 omagraafikko.fi poistamaan omat tietonsa ottamalla yhteytt\u00e4 asiakaspalveluumme.<\/p><p>Huom! Joissain tapauksissa kaikkea tietoa ei voida poistaa ja lains\u00e4\u00e4d\u00e4nt\u00f6 voi vaatia s\u00e4ilytt\u00e4m\u00e4\u00e4n osan asiakkaaseen liittyv\u00e4st\u00e4 tiedosta.<\/p><p>Luovutetaanko henkil\u00f6tietojani kolmansille osapuolille?<br \/>Voimme luovuttaa joitakin v\u00e4ltt\u00e4m\u00e4tt\u00f6mi\u00e4 tietoja kolmansille osapuolille toimituksen takaamiseksi sek\u00e4 markkinointia varten. Tietosi v\u00e4littyv\u00e4t my\u00f6s luottop\u00e4\u00e4t\u00f6ksen yhteydess\u00e4 luottoa my\u00f6nt\u00e4v\u00e4lle taholle. Tarvittaessa luovutamme tietoja my\u00f6s viranomaisille. Informoimme tietopyynn\u00f6ist\u00e4 aina my\u00f6s asiakasta, jos se on lain puitteissa sallittua.<\/p><p><b>V\u00e4lit\u00e4mme tietoja seuraaville kolmansille osapuolille:<br \/><\/b>Analytiikka- ja tilastointikumppaneille<br \/>S\u00e4hk\u00f6postimarkkinointikumppaneille, jos asiakas on sallinut viikkokirjeen, selaushistoriaan perustuvan viestinn\u00e4n tai tuotearvostelupyynn\u00f6t<br \/>Maksunv\u00e4litt\u00e4j\u00e4lle maksukortilla maksaessa<br \/>Luotonmy\u00f6nt\u00e4j\u00e4lle, asiakkaan valitessa maksutavaksi luottoyhti\u00f6n laskun tai osamaksun<br \/>Perint\u00e4yhti\u00f6lle, laskujen er\u00e4\u00e4ntyess\u00e4 ja siirtyess\u00e4 perint\u00e4\u00e4n<\/p><p><b>K\u00e4ytet\u00e4\u00e4nk\u00f6 kaupan sivuilla ev\u00e4steit\u00e4 ja mit\u00e4 ne ovat?<br \/><\/b>Omagraafikko.fi k\u00e4ytt\u00e4\u00e4 ev\u00e4steit\u00e4 (\u201dcookies\u201d) ja muita vastaavia tekniikoita, kuten selaimen paikallista varastoa (\u201clocal storage\u201d). Ev\u00e4steet ovat p\u00e4\u00e4telaitteen selaimen ja palvelimen v\u00e4lisi\u00e4 pieni\u00e4 tekstitiedostoja. Ev\u00e4steill\u00e4 ja muilla tunnisteilla on m\u00e4\u00e4ritetty voimassaoloaika, jonka j\u00e4lkeen selain poistaa tunnisteen. K\u00e4yt\u00e4mme n\u00e4it\u00e4 tekniikoita toimintojen toteuttamiseen, personointiin sek\u00e4 analytiikkaan ja markkinoinnin kohdentamiseen.<\/p><p>Toiminnallisia ev\u00e4steit\u00e4 ja paikallista varastoa k\u00e4ytet\u00e4\u00e4n mm. asiakkaan tunnistamiseen, kirjautumisen yll\u00e4pit\u00e4miseen, toimitusaika-arvioihin ja ostoskorin toimintoihin. N\u00e4ihin toimintoihin ev\u00e4steiden ja paikallisen varaston k\u00e4ytt\u00f6 ja niiden k\u00e4yt\u00f6n hyv\u00e4ksyminen on pakollista.<\/p><p>Analytiikkaan ja markkinoinnin kohdentamiseen k\u00e4ytt\u00e4m\u00e4mme yhteisty\u00f6kumppanit ja tekniikat, kuten kuvapistetunnisteet ja ev\u00e4steet, auttavat meit\u00e4 ymm\u00e4rt\u00e4m\u00e4\u00e4n paremmin asiakkaidemme k\u00e4ytt\u00e4ytymist\u00e4 ja kertovat meille mitk\u00e4 tuotteet, toiminnot ja palvelut asiakkaitamme kiinnostavat. K\u00e4ytetty tieto on anonymisoitua aina kun se on mahdollista. Muutoin k\u00e4sittelemme tietoja henkil\u00f6kohtaisina niilt\u00e4 osin kuin tunniste sis\u00e4lt\u00e4\u00e4 asiakkaan kohdentavia tietoja, kuten IP-osoitteen. My\u00f6s tunnisteet, jotka voidaan yhdist\u00e4\u00e4 asiakkaaseen jollakin tapaa, k\u00e4sitell\u00e4\u00e4n henkil\u00f6kohtaisena tietona.<\/p><p>Hy\u00f6dynn\u00e4mme Google Analyticsia, Google Tag Manageria, Google AdWordsia, Google Display Networkia ja Google DoubleClicki\u00e4 sivustomme k\u00e4ytt\u00f6\u00f6n, suosittuihin tuotteisiin, trendeihin sek\u00e4 myyntiin liittyv\u00e4ss\u00e4 analytiikassa ja suostumuksellasi my\u00f6s markkinoinnin kohdentamisessa. Googlelle l\u00e4hetett\u00e4v\u00e4 tieto on anonymisoitua. Lue lis\u00e4\u00e4 Google Analyticsin tietojen k\u00e4sittelyst\u00e4.<\/p><p>Tilinhallinnan yksityisyystoimintojen lis\u00e4ksi markkinoinnin kohdentamiseen k\u00e4ytetyist\u00e4 tunnisteista voi kielt\u00e4yty\u00e4 ottamalla k\u00e4ytt\u00f6\u00f6n selaimen Do Not Track -toiminnon ja asettamalla selain hylk\u00e4m\u00e4\u00e4n kolmannen osapuolen ev\u00e4steet. Asiakastilille kirjautuneena tilinhallinnan yksityisyysasetukset yliajavat selaimen Do Not Track -toiminnon.<\/p><p><strong>Voidaanko t\u00e4t\u00e4 tietosuojaselostetta muuttaa?<\/strong><br \/>Palveluiden kehityksen ja l\u00e4ins\u00e4\u00e4d\u00e4nn\u00f6n muutosten johdosta pid\u00e4t\u00e4mme oikeuden muuttaa tietosuojaselostetta. Merkitt\u00e4vist\u00e4 muutoksista tietosuojaselosteeseen ilmoitetaan rekister\u00f6ityneille asiakkaille ehtojen p\u00e4ivityksen yhteydess\u00e4.<\/p><p><strong>Mihin voin ottaa yhteytt\u00e4?<\/strong><br \/>Voit ottaa yhteytt\u00e4 yksityisyyteen, tietojen k\u00e4sittelyyn ja tietosuojaselosteeseen liittyviss\u00e4 kysymyksiss\u00e4 s\u00e4hk\u00f6postilla:<br \/>info@omagraafikko.fi<\/p>\t\t\t\t\t\t\t\t<\/div>\n\t\t\t\t<\/div>\n\t\t\t\t\t<\/div>\n\t\t<\/div>\n\t\t\t\t\t<\/div>\n\t\t<\/section>\n\t\t\t\t<\/div>","protected":false},"excerpt":{"rendered":"<p>&nbsp; &nbsp; Verkkosivujen tietosuojak\u00e4yt\u00e4nt\u00f6 T\u00e4m\u00e4 tietosuojak\u00e4yt\u00e4nt\u00f6 kuvaa, kuinka k\u00e4yt\u00e4mme ja k\u00e4sittelemme sinusta verkkosivujemme k\u00e4ytt\u00e4j\u00e4n\u00e4 ker\u00e4\u00e4mi\u00e4mme tietoja. Verkkosivujemme k\u00e4ytt\u00e4j\u00e4n\u00e4 annat suostumuksesi ev\u00e4steiden tallentamiseen sallimalla ev\u00e4steet selaimen asetuksissa. Ohjeet ev\u00e4steiden tallentamisen kielt\u00e4miseen l\u00f6yd\u00e4t t\u00e4\u00e4lt\u00e4. T\u00e4m\u00e4 tietosuojak\u00e4yt\u00e4nt\u00f6 on laadittu 27.3.2019 ja p\u00e4ivitetty viimeksi 27.3.2019. Pid\u00e4t\u00e4mme oikeuden p\u00e4ivitt\u00e4\u00e4 ja muuttaa t\u00e4t\u00e4 tietosuojak\u00e4yt\u00e4nt\u00f6\u00e4. Mit\u00e4 tietoja minusta voidaan ker\u00e4t\u00e4? K\u00e4ytt\u00e4j\u00e4n itsens\u00e4 [&hellip;]<\/p>\n","protected":false},"author":27,"featured_media":0,"parent":0,"menu_order":0,"comment_status":"closed","ping_status":"closed","template":"","meta":{"site-sidebar-layout":"no-sidebar","site-content-layout":"page-builder","ast-site-content-layout":"default","site-content-style":"default","site-sidebar-style":"default","ast-global-header-display":"","ast-banner-title-visibility":"","ast-main-header-display":"","ast-hfb-above-header-display":"","ast-hfb-below-header-display":"","ast-hfb-mobile-header-display":"","site-post-title":"disabled","ast-breadcrumbs-content":"","ast-featured-img":"disabled","footer-sml-layout":"","ast-disable-related-posts":"","theme-transparent-header-meta":"default","adv-header-id-meta":"","stick-header-meta":"","header-above-stick-meta":"","header-main-stick-meta":"","header-below-stick-meta":"","astra-migrate-meta-layouts":"default","ast-page-background-enabled":"default","ast-page-background-meta":{"desktop":{"background-color":"","background-image":"","background-repeat":"repeat","background-position":"center center","background-size":"auto","background-attachment":"scroll","background-type":"","background-media":"","overlay-type":"","overlay-color":"","overlay-opacity":"","overlay-gradient":""},"tablet":{"background-color":"","background-image":"","background-repeat":"repeat","background-position":"center center","background-size":"auto","background-attachment":"scroll","background-type":"","background-media":"","overlay-type":"","overlay-color":"","overlay-opacity":"","overlay-gradient":""},"mobile":{"background-color":"","background-image":"","background-repeat":"repeat","background-position":"center center","background-size":"auto","background-attachment":"scroll","background-type":"","background-media":"","overlay-type":"","overlay-color":"","overlay-opacity":"","overlay-gradient":""}},"ast-content-background-meta":{"desktop":{"background-color":"var(--ast-global-color-5)","background-image":"","background-repeat":"repeat","background-position":"center center","background-size":"auto","background-attachment":"scroll","background-type":"","background-media":"","overlay-type":"","overlay-color":"","overlay-opacity":"","overlay-gradient":""},"tablet":{"background-color":"var(--ast-global-color-5)","background-image":"","background-repeat":"repeat","background-position":"center center","background-size":"auto","background-attachment":"scroll","background-type":"","background-media":"","overlay-type":"","overlay-color":"","overlay-opacity":"","overlay-gradient":""},"mobile":{"background-color":"var(--ast-global-color-5)","background-image":"","background-repeat":"repeat","background-position":"center center","background-size":"auto","background-attachment":"scroll","background-type":"","background-media":"","overlay-type":"","overlay-color":"","overlay-opacity":"","overlay-gradient":""}},"footnotes":""},"class_list":["post-1218","page","type-page","status-publish","hentry"],"_links":{"self":[{"href":"https:\/\/omagraafikko.fi\/en\/wp-json\/wp\/v2\/pages\/1218","targetHints":{"allow":["GET"]}}],"collection":[{"href":"https:\/\/omagraafikko.fi\/en\/wp-json\/wp\/v2\/pages"}],"about":[{"href":"https:\/\/omagraafikko.fi\/en\/wp-json\/wp\/v2\/types\/page"}],"author":[{"embeddable":true,"href":"https:\/\/omagraafikko.fi\/en\/wp-json\/wp\/v2\/users\/27"}],"replies":[{"embeddable":true,"href":"https:\/\/omagraafikko.fi\/en\/wp-json\/wp\/v2\/comments?post=1218"}],"version-history":[{"count":11,"href":"https:\/\/omagraafikko.fi\/en\/wp-json\/wp\/v2\/pages\/1218\/revisions"}],"predecessor-version":[{"id":2382,"href":"https:\/\/omagraafikko.fi\/en\/wp-json\/wp\/v2\/pages\/1218\/revisions\/2382"}],"wp:attachment":[{"href":"https:\/\/omagraafikko.fi\/en\/wp-json\/wp\/v2\/media?parent=1218"}],"curies":[{"name":"wp","href":"https:\/\/api.w.org\/{rel}","templated":true}]}}